{"id":914,"date":"2026-04-08T16:40:37","date_gmt":"2026-04-08T14:40:37","guid":{"rendered":""},"modified":"2026-04-08T21:25:53","modified_gmt":"2026-04-08T19:25:53","slug":"ersa-ptc70-temperaturgeregelter-loetkolben-75-w-230-v","status":"publish","type":"product","link":"https:\/\/technikrat.de\/en\/produkt\/ersa-ptc70-temperaturgeregelter-loetkolben-75-w-230-v\/","title":{"rendered":"ERSA PTC70  temperaturgeregelter L\u00f6tkolben, 75 W 230 V"},"content":{"rendered":"<p>ERSA L\u00f6tkolben PTC70<\/p>\n<p>Power L\u00f6tkolben mit Temperaturregelung<br \/>\nLeistungsstarker, robuster, temperaturgeregelter L\u00f6tkolben.<br \/>\nDie bew\u00e4hrte ERSA RESTISTRONIC Temperaturregelung sorgt in Verbindung mit dem keramischen PTC-Heizelement f\u00fcr schnelles Auf- und Nachheizen.<br \/>\nMit dem ERSA PTC70 k\u00f6nnen sowohl feinste L\u00f6tarbeiten wie auch Anwendungen mit mittlerem W\u00e4rmebedarf professionell ausgef\u00fchrt werden. F\u00fcr die unterschiedlichen Anwendungen steht die gro\u00dfe Auswahl an ERSADUR-Dauerl\u00f6tspitzen der Serie 832 und 842 zur Verf\u00fcgung. Der ERSA PTC70 ist mit einer 2,2 mm mei\u00dfelf\u00f6rmigen L\u00f6tspitze (0832CDLF) und einem Ablagest\u00e4nder (0A18) ausgestattet.<\/p>\n<p>Der Temperaturbereich betr\u00e4gt 250-450\u00b0C<\/p>\n","protected":false},"excerpt":{"rendered":"<p>ERSA L\u00f6tkolben PTC70 Power L\u00f6tkolben mit Temperaturregelung Leistungsstarker, robuster, temperaturgeregelter L\u00f6tkolben. Die bew\u00e4hrte ERSA RESTISTRONIC Temperaturregelung sorgt in Verbindung mit dem keramischen PTC-Heizelement f\u00fcr schnelles Auf- und Nachheizen. Mit dem ERSA PTC70 k\u00f6nnen sowohl feinste L\u00f6tarbeiten wie auch Anwendungen mit mittlerem W\u00e4rmebedarf professionell ausgef\u00fchrt werden. F\u00fcr die unterschiedlichen Anwendungen steht die gro\u00dfe Auswahl an ERSADUR-Dauerl\u00f6tspitzen [&hellip;]<\/p>\n","protected":false},"featured_media":654692,"template":"","meta":{"ep_exclude_from_search":false},"product_cat":[148],"product_tag":[],"class_list":{"0":"post-914","1":"product","2":"type-product","3":"status-publish","4":"has-post-thumbnail","6":"product_cat-loetkolben","7":"product_shipping_class-paket","9":"first","10":"instock","11":"taxable","12":"shipping-taxable","13":"purchasable","14":"product-type-simple"},"_links":{"self":[{"href":"https:\/\/technikrat.de\/en\/wp-json\/wp\/v2\/product\/914"}],"collection":[{"href":"https:\/\/technikrat.de\/en\/wp-json\/wp\/v2\/product"}],"about":[{"href":"https:\/\/technikrat.de\/en\/wp-json\/wp\/v2\/types\/product"}],"wp:featuredmedia":[{"embeddable":true,"href":"https:\/\/technikrat.de\/en\/wp-json\/wp\/v2\/media\/654692"}],"wp:attachment":[{"href":"https:\/\/technikrat.de\/en\/wp-json\/wp\/v2\/media?parent=914"}],"wp:term":[{"taxonomy":"product_cat","embeddable":true,"href":"https:\/\/technikrat.de\/en\/wp-json\/wp\/v2\/product_cat?post=914"},{"taxonomy":"product_tag","embeddable":true,"href":"https:\/\/technikrat.de\/en\/wp-json\/wp\/v2\/product_tag?post=914"}],"curies":[{"name":"wp","href":"https:\/\/api.w.org\/{rel}","templated":true}]}}