{"id":8720,"date":"2026-04-04T12:42:50","date_gmt":"2026-04-04T10:42:50","guid":{"rendered":"https:\/\/technikratlive.hw.ag\/produkt\/quick-absaugarm-2-gelenkig-absaugduese-gummi-in-esd-ausfuehrung-100mm-alurohr-50mm-gesamtlaenge-ca-1050mm\/"},"modified":"2026-04-04T17:30:30","modified_gmt":"2026-04-04T15:30:30","slug":"absaugarm-2-gelenkig-absaugduese-gummi-in-esd-ausfuehrung-100mm-alurohr-50mm-gesamtlaenge-ca-1050mm","status":"publish","type":"product","link":"https:\/\/technikrat.de\/en\/produkt\/absaugarm-2-gelenkig-absaugduese-gummi-in-esd-ausfuehrung-100mm-alurohr-50mm-gesamtlaenge-ca-1050mm\/","title":{"rendered":"QUICK extraction arm, two-hinged, rubber extraction nozzle in ESD design 100mm, aluminum pipe 50mm, total length approx. 1050mm"},"content":{"rendered":"<p>2-gelenkiger QUICK Absaugarm ca. 1050mm mit montierter Absaugd\u00fcse QUKHRR105-50 <\/p>\n<p>Eigenschaften Absaugd\u00fcse:<br \/>\n&#8211; 50 mm Aufnahme<br \/>\n&#8211; 105 mm \u00d6ffnung<br \/>\n&#8211; ESD f\u00e4hig<br \/>\n&#8211; hitzebest\u00e4ndig<br \/>\n&#8211; Material: hochwertiger Kautschuk<\/p>\n<p>Eigenschaften Absaugarm:<br \/>\n&#8211; L\u00e4nge der ersten Sektion bis Gelenk: 220 mm<br \/>\n&#8211; L\u00e4nge der zweiten Sektion Gelenk zu Gelenk: 380 mm<br \/>\n&#8211; L\u00e4nge der dritten Sektion Gelenk bis Ansatz D\u00fcse: 350 mm (ohne Absaugd\u00fcse)<br \/>\n&#8211; Aufnahme 50 mm (w) geeignet f\u00fcr QUKCC50-75 &#038; QUKCD50-50<\/p>\n<p>Der Absaugarm l\u00e4sst sich im Zusammenhang mit der Tischhalterung QUKCC50-75 oder QUKCD50-50 um 360\u00b0 frei drehen. Die Gelenke des Absaugarmes k\u00f6nnen frei im gew\u00fcnschten Winkel fixiert und eingestellt werden.<br \/>\nMit Hilfe des Federmechanismus in den einzelnen Gliedern des Absaugarmes, k\u00f6nnen Sie aber bei Bedarf diesen Kurzzeitig an sich heranziehen. Wird dieser dann wieder freigegeben, schnellt dieser in seine Ausgangsstellung zur\u00fcck.<br \/>\nDank dieser Eigenschaften l\u00e4sst sich der Absaugarm passgenau auf jeden Arbeitsplatz einstellen.<br \/>\nAls optionale Befestigungen zum Anschluss an ein QUICK 6102 oder 6101 Absaugsystem empfehlen wir eine QUKCC50-75 Tischhaltung passend f\u00fcr den 75 mm QUKCN75-75 Anschlussschlauch, welcher in den L\u00e4ngen 1 m und 2 m verf\u00fcgbar ist.<\/p>","protected":false},"excerpt":{"rendered":"<p>2-gelenkiger QUICK Absaugarm ca. 1050mm mit montierter Absaugd\u00fcse QUKHRR105-50 Eigenschaften Absaugd\u00fcse: &#8211; 50 mm Aufnahme &#8211; 105 mm \u00d6ffnung &#8211; ESD f\u00e4hig &#8211; hitzebest\u00e4ndig &#8211; Material: hochwertiger Kautschuk Eigenschaften Absaugarm: &#8211; L\u00e4nge der ersten Sektion bis Gelenk: 220 mm &#8211; L\u00e4nge der zweiten Sektion Gelenk zu Gelenk: 380 mm &#8211; L\u00e4nge der dritten Sektion Gelenk [&hellip;]<\/p>\n","protected":false},"featured_media":660875,"template":"","meta":{"ep_exclude_from_search":false},"product_cat":[139,137],"product_tag":[],"class_list":{"0":"post-8720","1":"product","2":"type-product","3":"status-publish","4":"has-post-thumbnail","6":"product_cat-ersatzteile","7":"product_cat-zubehoer","8":"product_shipping_class-paket","10":"first","11":"instock","12":"taxable","13":"shipping-taxable","14":"purchasable","15":"product-type-simple"},"_links":{"self":[{"href":"https:\/\/technikrat.de\/en\/wp-json\/wp\/v2\/product\/8720"}],"collection":[{"href":"https:\/\/technikrat.de\/en\/wp-json\/wp\/v2\/product"}],"about":[{"href":"https:\/\/technikrat.de\/en\/wp-json\/wp\/v2\/types\/product"}],"wp:featuredmedia":[{"embeddable":true,"href":"https:\/\/technikrat.de\/en\/wp-json\/wp\/v2\/media\/660875"}],"wp:attachment":[{"href":"https:\/\/technikrat.de\/en\/wp-json\/wp\/v2\/media?parent=8720"}],"wp:term":[{"taxonomy":"product_cat","embeddable":true,"href":"https:\/\/technikrat.de\/en\/wp-json\/wp\/v2\/product_cat?post=8720"},{"taxonomy":"product_tag","embeddable":true,"href":"https:\/\/technikrat.de\/en\/wp-json\/wp\/v2\/product_tag?post=8720"}],"curies":[{"name":"wp","href":"https:\/\/api.w.org\/{rel}","templated":true}]}}