{"id":682712,"date":"2026-04-13T12:43:59","date_gmt":"2026-04-13T10:43:59","guid":{"rendered":"https:\/\/technikrat.de\/produkt\/a-s-sat-stahl-mastverlaengerung-80-cm-verzinkt-o-38mm\/"},"modified":"2026-04-17T21:23:02","modified_gmt":"2026-04-17T19:23:02","slug":"a-s-sat-stahl-mastverlaengerung-80-cm-verzinkt-o-38mm","status":"publish","type":"product","link":"https:\/\/technikrat.de\/en\/produkt\/a-s-sat-stahl-mastverlaengerung-80-cm-verzinkt-o-38mm\/","title":{"rendered":"A.S.SAT steel mast extension 80 cm galvanized \u00d8 38 mm"},"content":{"rendered":"<p>Mast extension 80 cm for masts up to \u00d8 50 mm.<br \/>\nAlso suitable for mounting on balcony railings.<\/p>\n<p>Technical data:<\/p>\n<p>Material: steel &#8211; galvanized<br \/>\nTube: \u00d8 38 mm<br \/>\nLength: 80 cm<br \/>\n2 x U-bolts and mounting claws for tubes up to \u00d8 50mm<br \/>\nCan be mounted on horizontal and vertical tubes<\/p>","protected":false},"excerpt":{"rendered":"<p>Mast extension 80 cm for masts up to \u00d8 50 mm. Also suitable for mounting on balcony railings. Technical data: Material: steel &#8211; galvanized Tube: \u00d8 38 mm Length: 80 cm 2 x U-bolts and mounting claws for tubes up to \u00d8 50mm Can be mounted on horizontal and vertical tubes<\/p>\n","protected":false},"featured_media":682714,"template":"","meta":{"ep_exclude_from_search":false},"product_cat":[227],"product_tag":[],"class_list":{"0":"post-682712","1":"product","2":"type-product","3":"status-publish","4":"has-post-thumbnail","6":"product_cat-antennenmasten","7":"product_shipping_class-paket","9":"first","10":"instock","11":"taxable","12":"shipping-taxable","13":"purchasable","14":"product-type-simple"},"_links":{"self":[{"href":"https:\/\/technikrat.de\/en\/wp-json\/wp\/v2\/product\/682712"}],"collection":[{"href":"https:\/\/technikrat.de\/en\/wp-json\/wp\/v2\/product"}],"about":[{"href":"https:\/\/technikrat.de\/en\/wp-json\/wp\/v2\/types\/product"}],"wp:featuredmedia":[{"embeddable":true,"href":"https:\/\/technikrat.de\/en\/wp-json\/wp\/v2\/media\/682714"}],"wp:attachment":[{"href":"https:\/\/technikrat.de\/en\/wp-json\/wp\/v2\/media?parent=682712"}],"wp:term":[{"taxonomy":"product_cat","embeddable":true,"href":"https:\/\/technikrat.de\/en\/wp-json\/wp\/v2\/product_cat?post=682712"},{"taxonomy":"product_tag","embeddable":true,"href":"https:\/\/technikrat.de\/en\/wp-json\/wp\/v2\/product_tag?post=682712"}],"curies":[{"name":"wp","href":"https:\/\/api.w.org\/{rel}","templated":true}]}}