{"id":6805,"date":"2026-03-27T12:42:57","date_gmt":"2026-03-27T11:42:57","guid":{"rendered":""},"modified":"2026-04-03T21:04:48","modified_gmt":"2026-04-03T19:04:48","slug":"bernstein-esd-erdungsmatte-grau-90x61-cm","status":"publish","type":"product","link":"https:\/\/technikrat.de\/en\/produkt\/bernstein-esd-erdungsmatte-grau-90x61-cm\/","title":{"rendered":"Bernstein ESD Erdungsmatte grau 90&#215;61 cm"},"content":{"rendered":"<p>Bernstein ESD Erdungsmatte grau<\/p>\n<p>&#8211; ESD Matte geeignet f\u00fcr Tisch, Regal oder Boden<br \/>\n&#8211; Ableitwiderstand 10^6 bis 10^7 Ohm (R\u00fcckseite leitf\u00e4hig 10^3 bis 10^4 Ohm)<br \/>\n&#8211; Oberseite platingrau, R\u00fcckseite schwarz aus elektrostatisch ableitf\u00e4higem Synthese-Kautschuk<br \/>\n&#8211; mit 2 Druckkn\u00f6pfen 10 mm f\u00fcr den Erdungsanschluss<br \/>\n&#8211; L\u00f6tzinnfeste Arbeitsplatzauflage<br \/>\n&#8211; Hitzebest\u00e4ndig, Abriebfest, Kratzfest<br \/>\n&#8211; Verschlei\u00dffest und Dauerelastisch<br \/>\n&#8211; Halogen frei<br \/>\n&#8211; Ma\u00dfe 900 x 610 x 2 mm<br \/>\n&#8211; Gewicht 1400 g<\/p>\n<p>Anwendungsbereich<\/p>\n<p>Die Erdungs-Matte als sichere Methode um elektrostatische Aufladung abzuleiten, geeignet f\u00fcr Tisch, Regal oder Boden.<\/p>\n<p>Technische Produktbeschreibung<\/p>\n<p>Produkte entsprechen den Anforderungen nach DIN EN 61340-5-1. Technische Daten der Matte: Abrieb (Belastung: 5N) 130 mm\u00b3, H\u00e4rte 78 Shore A, Eindruckversuch 0,1 mm, Lichtreflexionsgrad 19% &#8211; 29%, Temperatur Anwendungsbereich &#8211; bis + 60\u00b0C.<\/p>\n","protected":false},"excerpt":{"rendered":"<p>Bernstein ESD Erdungsmatte grau &#8211; ESD Matte geeignet f\u00fcr Tisch, Regal oder Boden &#8211; Ableitwiderstand 10^6 bis 10^7 Ohm (R\u00fcckseite leitf\u00e4hig 10^3 bis 10^4 Ohm) &#8211; Oberseite platingrau, R\u00fcckseite schwarz aus elektrostatisch ableitf\u00e4higem Synthese-Kautschuk &#8211; mit 2 Druckkn\u00f6pfen 10 mm f\u00fcr den Erdungsanschluss &#8211; L\u00f6tzinnfeste Arbeitsplatzauflage &#8211; Hitzebest\u00e4ndig, Abriebfest, Kratzfest &#8211; Verschlei\u00dffest und Dauerelastisch &#8211; [&hellip;]<\/p>\n","protected":false},"featured_media":657835,"template":"","meta":{"ep_exclude_from_search":false},"product_cat":[118,111,108],"product_tag":[],"class_list":{"0":"post-6805","1":"product","2":"type-product","3":"status-publish","4":"has-post-thumbnail","6":"product_cat-esd-werkzeuge","7":"product_cat-spezialwerkzeuge","8":"product_cat-werkzeugzubehoer","9":"product_shipping_class-paket","11":"first","12":"onbackorder","13":"taxable","14":"shipping-taxable","15":"purchasable","16":"product-type-simple"},"_links":{"self":[{"href":"https:\/\/technikrat.de\/en\/wp-json\/wp\/v2\/product\/6805"}],"collection":[{"href":"https:\/\/technikrat.de\/en\/wp-json\/wp\/v2\/product"}],"about":[{"href":"https:\/\/technikrat.de\/en\/wp-json\/wp\/v2\/types\/product"}],"wp:featuredmedia":[{"embeddable":true,"href":"https:\/\/technikrat.de\/en\/wp-json\/wp\/v2\/media\/657835"}],"wp:attachment":[{"href":"https:\/\/technikrat.de\/en\/wp-json\/wp\/v2\/media?parent=6805"}],"wp:term":[{"taxonomy":"product_cat","embeddable":true,"href":"https:\/\/technikrat.de\/en\/wp-json\/wp\/v2\/product_cat?post=6805"},{"taxonomy":"product_tag","embeddable":true,"href":"https:\/\/technikrat.de\/en\/wp-json\/wp\/v2\/product_tag?post=6805"}],"curies":[{"name":"wp","href":"https:\/\/api.w.org\/{rel}","templated":true}]}}