{"id":678122,"date":"2026-04-05T08:54:13","date_gmt":"2026-04-05T06:54:13","guid":{"rendered":""},"modified":"2026-04-07T21:25:11","modified_gmt":"2026-04-07T19:25:11","slug":"ts1100-digitale-handloetstation-70w-mit-standby-antistatisch-5-teiligem-zubehoer-set","status":"publish","type":"product","link":"https:\/\/technikrat.de\/en\/produkt\/ts1100-digitale-handloetstation-70w-mit-standby-antistatisch-5-teiligem-zubehoer-set\/","title":{"rendered":"TS1100 digitale Handl\u00f6tstation 70W mit Standby, antistatisch &#038; 5 teiligem Zubeh\u00f6r-Set"},"content":{"rendered":"<p>Digitale L\u00f6tstation QUICK TS1100 mit LCD-Display, Auto-Standby, kalibrierbar, ESD-Test-Funktion und 3 Temperaturspeicher, 200-450\u00b0C. Dank prozessor- und sensorgesteuerter Temperaturregelung und hoher Leistungsreserven wird die Soll-Temperatur sehr schnell erreicht und stabil gehalten. Somit ist die Station bestens zum bleifreien L\u00f6ten geeignet.<\/p>\n<p>Nennleistung: 70 Watt<br \/>\nMaximalleistung: 90 Watt<br \/>\nTemperatureinstellbereich: 200\u00b0C-450\u00b0C<br \/>\npassende L\u00f6tspitzenserie: 960<br \/>\nAuto-Standby<br \/>\nkalibrierbar<br \/>\n3 Festtemperaturspeicher<br \/>\nAlarmfunktion f\u00fcr SOLL-Temperatur<br \/>\nEchtzeit\u00fcberwachung der Temperatur an der L\u00f6tspitze<br \/>\neinfaches wechseln der L\u00f6tspitze<br \/>\nmitgeliefert und vormontiert ist die L\u00f6tspitze 960-B (bleistiftspitz, \u00d8 0,5 mm)<br \/>\nESD-konform<\/p>\n<p>Lieferumfang Variante Profi-Set:<\/p>\n<p>&#8211; L\u00f6tstation QUTS1100<br \/>\n&#8211; L\u00f6tkolben<br \/>\n&#8211; L\u00f6tspitze 960-B (bleistiftspitz, \u00d8 0,5 mm)<br \/>\n&#8211; Ablagest\u00e4nder<br \/>\n&#8211; Reinigungsschwamm<br \/>\n&#8211; Silikonpad f\u00fcr Spitzenwechsel<br \/>\n&#8211; Mini-Seitenschneider aus Edelstahl 140 mm<br \/>\n&#8211; Entl\u00f6tpumpe ESD<br \/>\n&#8211; L\u00f6tdraht Clear Sn100Ni+, Sn99,3CuNiGe, 1,0mm, 50g Spule<br \/>\n&#8211; Entl\u00f6tlitze aus 2 mm breiter Kupferlitze, no- clean, 1,5 m<br \/>\n&#8211; Flux-Gel 20g<\/p>\n","protected":false},"excerpt":{"rendered":"<p>Digitale L\u00f6tstation QUICK TS1100 mit LCD-Display, Auto-Standby, kalibrierbar, ESD-Test-Funktion und 3 Temperaturspeicher, 200-450\u00b0C. Dank prozessor- und sensorgesteuerter Temperaturregelung und hoher Leistungsreserven wird die Soll-Temperatur sehr schnell erreicht und stabil gehalten. Somit ist die Station bestens zum bleifreien L\u00f6ten geeignet. Nennleistung: 70 Watt Maximalleistung: 90 Watt Temperatureinstellbereich: 200\u00b0C-450\u00b0C passende L\u00f6tspitzenserie: 960 Auto-Standby kalibrierbar 3 Festtemperaturspeicher Alarmfunktion [&hellip;]<\/p>\n","protected":false},"featured_media":678512,"template":"","meta":{"ep_exclude_from_search":false},"product_cat":[144],"product_tag":[],"class_list":{"0":"post-678122","1":"product","2":"type-product","3":"status-publish","4":"has-post-thumbnail","6":"product_cat-loetstationen","7":"product_shipping_class-paket","8":"pa_quts1100-profi-set","10":"first","11":"onbackorder","12":"taxable","13":"shipping-taxable","14":"purchasable","15":"product-type-simple"},"_links":{"self":[{"href":"https:\/\/technikrat.de\/en\/wp-json\/wp\/v2\/product\/678122"}],"collection":[{"href":"https:\/\/technikrat.de\/en\/wp-json\/wp\/v2\/product"}],"about":[{"href":"https:\/\/technikrat.de\/en\/wp-json\/wp\/v2\/types\/product"}],"wp:featuredmedia":[{"embeddable":true,"href":"https:\/\/technikrat.de\/en\/wp-json\/wp\/v2\/media\/678512"}],"wp:attachment":[{"href":"https:\/\/technikrat.de\/en\/wp-json\/wp\/v2\/media?parent=678122"}],"wp:term":[{"taxonomy":"product_cat","embeddable":true,"href":"https:\/\/technikrat.de\/en\/wp-json\/wp\/v2\/product_cat?post=678122"},{"taxonomy":"product_tag","embeddable":true,"href":"https:\/\/technikrat.de\/en\/wp-json\/wp\/v2\/product_tag?post=678122"}],"curies":[{"name":"wp","href":"https:\/\/api.w.org\/{rel}","templated":true}]}}