{"id":678035,"date":"2026-04-05T08:53:15","date_gmt":"2026-04-05T06:53:15","guid":{"rendered":""},"modified":"2026-04-06T21:30:20","modified_gmt":"2026-04-06T19:30:20","slug":"mini-seitenschneider-130mm-mit-extra-schlankem-kopf-fuer-max-12mm-kupfer-mit-schneidwate","status":"publish","type":"product","link":"https:\/\/technikrat.de\/en\/produkt\/mini-seitenschneider-130mm-mit-extra-schlankem-kopf-fuer-max-12mm-kupfer-mit-schneidwate\/","title":{"rendered":"Mini-Seitenschneider 130mm mit extra schlankem Kopf, f\u00fcr max. 1,2mm Kupfer, mit Schneidwate"},"content":{"rendered":"<p>GALLUNOPTIMAL Mini-Seitenschneider 130 mm f\u00fcr feinste Elektronikanwendungen und Feinmechanik<\/p>\n<p>von gro\u00dfer Bedeutung einer Elektronikzange ist die zum Bauteil hingewendete Seite der Schneide. Ist diese glatt, also ohne Wate oder Facette entsteht beim Schneiden kein Druck auf die L\u00f6tstelle. Allerdings sind diese Schnittfl\u00e4chen empfindlicher als Schneiden mit einer Wate. <\/p>\n<p>&#8211; geschliffene Schneidwate ohne Facette f\u00fcr glatten Schnitt<br \/>\n&#8211; dadurch geringste Druckkraft auf gel\u00f6testes Bauteil<br \/>\n&#8211; mit extra schlankem Kopf f\u00fcr schwer zug\u00e4ngliche Stellen,<br \/>\n&#8211; exakte Spitzenform f\u00fcr Dr\u00e4hte ab 0,2mm,<br \/>\n&#8211; erm\u00fcdungsfreies Arbeiten durch sehr leichtg\u00e4ngiges Gelenk,<br \/>\n&#8211; Schneidwerte: maximal 1,2mm Kupferdr\u00e4hte, max. 1mm mittelharter Draht,<br \/>\n&#8211; Schneidenh\u00e4rte ca. 64 HRC<br \/>\n&#8211; auch f\u00fcr Glasfaserkabel geeignet<\/p>\n","protected":false},"excerpt":{"rendered":"<p>GALLUNOPTIMAL Mini-Seitenschneider 130 mm f\u00fcr feinste Elektronikanwendungen und Feinmechanik von gro\u00dfer Bedeutung einer Elektronikzange ist die zum Bauteil hingewendete Seite der Schneide. Ist diese glatt, also ohne Wate oder Facette entsteht beim Schneiden kein Druck auf die L\u00f6tstelle. Allerdings sind diese Schnittfl\u00e4chen empfindlicher als Schneiden mit einer Wate. &#8211; geschliffene Schneidwate ohne Facette f\u00fcr glatten [&hellip;]<\/p>\n","protected":false},"featured_media":678980,"template":"","meta":{"ep_exclude_from_search":false},"product_cat":[107],"product_tag":[],"class_list":{"0":"post-678035","1":"product","2":"type-product","3":"status-publish","4":"has-post-thumbnail","6":"product_cat-zangen","7":"product_shipping_class-postgrossbrief-2cm-500g","8":"pa_packungsgroesse-245","10":"first","11":"instock","12":"taxable","13":"shipping-taxable","14":"purchasable","15":"product-type-simple"},"_links":{"self":[{"href":"https:\/\/technikrat.de\/en\/wp-json\/wp\/v2\/product\/678035"}],"collection":[{"href":"https:\/\/technikrat.de\/en\/wp-json\/wp\/v2\/product"}],"about":[{"href":"https:\/\/technikrat.de\/en\/wp-json\/wp\/v2\/types\/product"}],"wp:featuredmedia":[{"embeddable":true,"href":"https:\/\/technikrat.de\/en\/wp-json\/wp\/v2\/media\/678980"}],"wp:attachment":[{"href":"https:\/\/technikrat.de\/en\/wp-json\/wp\/v2\/media?parent=678035"}],"wp:term":[{"taxonomy":"product_cat","embeddable":true,"href":"https:\/\/technikrat.de\/en\/wp-json\/wp\/v2\/product_cat?post=678035"},{"taxonomy":"product_tag","embeddable":true,"href":"https:\/\/technikrat.de\/en\/wp-json\/wp\/v2\/product_tag?post=678035"}],"curies":[{"name":"wp","href":"https:\/\/api.w.org\/{rel}","templated":true}]}}