{"id":678022,"date":"2026-04-08T20:42:07","date_gmt":"2026-04-08T18:42:07","guid":{"rendered":""},"modified":"2026-04-08T21:25:14","modified_gmt":"2026-04-08T19:25:14","slug":"gasloet-set-fuer-butangas-8-modi-inklusive-2mal-twist-universal-gas-100ml","status":"publish","type":"product","link":"https:\/\/technikrat.de\/en\/produkt\/gasloet-set-fuer-butangas-8-modi-inklusive-2mal-twist-universal-gas-100ml\/","title":{"rendered":"Gasl\u00f6t-SET f\u00fcr Butangas, 8 Modi INKLUSIVE 2mal Twist-Universal-Gas 100ml"},"content":{"rendered":"<p>SET  INKLUSIVE 2mal Twist-Universal-Gas 100ml<\/p>\n<p>Warum sollten Sie das GALLUNOPTIMAL Gasl\u00f6t-SET w\u00e4hlen?<\/p>\n<p>&#8211; unabh\u00e4ngig und flexibel<br \/>\nKein st\u00f6rendes Anschluss-Kabel. Nutzen Sie unser praktisches kabelloses Gasl\u00f6t-SET, egal wo Sie sind.<\/p>\n<p>&#8211; einfaches Starten<br \/>\nDie innovative elektronische Z\u00fcndung macht das Starten Ihres L\u00f6tbrenners so einfach wie nie.<\/p>\n<p>&#8211; pr\u00e4zise Flammensteuerung<br \/>\n4 Stufen zur Einstellung der Flammengr\u00f6\u00dfe und Gew\u00e4hrleistung der optimalen Flamme f\u00fcr Ihr Anwendung.<\/p>\n<p>&#8211; gro\u00dfer, auslaufsicherer Tank<br \/>\nsparen Sie Zeit beim Arbeiten dank unseres gro\u00dfen, auslaufsicheren Tanks, der sich in nur 10 Sekunden vollst\u00e4ndig auff\u00fcllen l\u00e4sst und bis zu 30 Minuten h\u00e4lt.<\/p>\n<p>&#8211; hohe Arbeitstemperatur<br \/>\nArbeiten Sie schnell und sicher dank der hohen Flammtemperatur von bis zu 1300\u00b0C und der maximalen L\u00f6tspitzentemperatur von bis zu 500\u00b0C. <\/p>\n<p>&#8211; 10-teiliges Zubeh\u00f6rset<br \/>\nDas Gasl\u00f6tset kann sowohl als mobiler L\u00f6tkolben, als offene Flamme oder Hei\u00dfluft z.B. in der Schmuckherstellung eingesetzt werden. Au\u00dferdem ist er verwendbar zum Schneiden, Verschwei\u00dfen oder Verformen von Wachs oder Kunststoffen.<\/p>\n<p>Technische Daten:<\/p>\n<p>L\u00f6tspitzentemperatur:   200\u00b0C &#8211; 500 \u00b0C<br \/>\nTemperatur der Flamme:   max. 1300 \u00b0C<br \/>\nBrenndauer mit einer Gasf\u00fcllung:   max.30 Minuten<br \/>\nGastank-F\u00fcllmenge:   17 ml \/ 2,8 g<br \/>\nL\u00e4nge mit L\u00f6tspitze:   25 cm<br \/>\nGewicht SET:   0,5 kg<\/p>\n","protected":false},"excerpt":{"rendered":"<p>SET INKLUSIVE 2mal Twist-Universal-Gas 100ml Warum sollten Sie das GALLUNOPTIMAL Gasl\u00f6t-SET w\u00e4hlen? &#8211; unabh\u00e4ngig und flexibel Kein st\u00f6rendes Anschluss-Kabel. Nutzen Sie unser praktisches kabelloses Gasl\u00f6t-SET, egal wo Sie sind. &#8211; einfaches Starten Die innovative elektronische Z\u00fcndung macht das Starten Ihres L\u00f6tbrenners so einfach wie nie. &#8211; pr\u00e4zise Flammensteuerung 4 Stufen zur Einstellung der Flammengr\u00f6\u00dfe und [&hellip;]<\/p>\n","protected":false},"featured_media":678248,"template":"","meta":{"ep_exclude_from_search":false},"product_cat":[148],"product_tag":[],"class_list":{"0":"post-678022","1":"product","2":"type-product","3":"status-publish","4":"has-post-thumbnail","6":"product_cat-loetkolben","7":"product_shipping_class-paket","8":"pa_goagil-gasloet-set-200ml-gas","10":"first","11":"instock","12":"taxable","13":"shipping-taxable","14":"purchasable","15":"product-type-simple"},"_links":{"self":[{"href":"https:\/\/technikrat.de\/en\/wp-json\/wp\/v2\/product\/678022"}],"collection":[{"href":"https:\/\/technikrat.de\/en\/wp-json\/wp\/v2\/product"}],"about":[{"href":"https:\/\/technikrat.de\/en\/wp-json\/wp\/v2\/types\/product"}],"wp:featuredmedia":[{"embeddable":true,"href":"https:\/\/technikrat.de\/en\/wp-json\/wp\/v2\/media\/678248"}],"wp:attachment":[{"href":"https:\/\/technikrat.de\/en\/wp-json\/wp\/v2\/media?parent=678022"}],"wp:term":[{"taxonomy":"product_cat","embeddable":true,"href":"https:\/\/technikrat.de\/en\/wp-json\/wp\/v2\/product_cat?post=678022"},{"taxonomy":"product_tag","embeddable":true,"href":"https:\/\/technikrat.de\/en\/wp-json\/wp\/v2\/product_tag?post=678022"}],"curies":[{"name":"wp","href":"https:\/\/api.w.org\/{rel}","templated":true}]}}