{"id":678006,"date":"2026-04-05T08:52:53","date_gmt":"2026-04-05T06:52:53","guid":{"rendered":""},"modified":"2026-04-07T09:04:26","modified_gmt":"2026-04-07T07:04:26","slug":"handreinigungstuecher-ecs-91-elix-1-tuch-im-sachet-aufreisstuete-20x22cm","status":"publish","type":"product","link":"https:\/\/technikrat.de\/en\/produkt\/handreinigungstuecher-ecs-91-elix-1-tuch-im-sachet-aufreisstuete-20x22cm\/","title":{"rendered":"Handreinigungst\u00fccher ECS 91 ELIX 1 Tuch im Sachet\/Aufrei\u00dft\u00fcte 20x22cm"},"content":{"rendered":"<p>ELIX Handreinigungst\u00fccher ECS 91 ELIX 1 Tuch im Sachet\/Aufrei\u00dft\u00fcte 20x22cm, <\/p>\n<p>&#8211; Schonende Reinigung und Pflege f\u00fcr strapazierte H\u00e4nde<br \/>\n&#8211; Sehr gut geeignet auch f\u00fcr Oberfl\u00e4chen und Werkzeugreinigung<br \/>\n&#8211; Entfernt gr\u00fcndlich und schonend starke Verschmutzungen wie Fette, Kleber, Farben, Teer und Schmiermittel<br \/>\n&#8211; Angenehm frischer Duft (Orange)<br \/>\n&#8211; Ideal f\u00fcr den mobilen t\u00e4glichen Einsatz<br \/>\n&#8211; T\u00fccher sind vor Gebrauch in T\u00fcte verschwei\u00dft, dadurch ist langfristige Lagerung kein Problem<\/p>\n<p>Reinigt H\u00e4nde, Werkzeuge, Teile und Ger\u00e4te<br \/>\nEntfernt Klebstoff, Bitumen, Kohlenstaub, Grafit, Schmutz, Schmutzige Fette, Tinte, Schmiermittel, \u00d6le, Farben, Teer, Wachs und vieles mehr<\/p>\n<p>&#8211; Effektiver und guter Reinigungsprozess in einem Schritt<br \/>\n&#8211; Starke und effiziente Reinigung bei hartn\u00e4ckigem Schmutz<br \/>\n&#8211; Tuchstruktur erm\u00f6glicht es, dass der Schmutz nicht zur\u00fcck auf die H\u00e4nde geht<br \/>\n&#8211; Die neue citrusbasierende Fl\u00fcssigkeitsformel trocknet schnell    und hinterl\u00e4sst einen angenehmen Geruch<br \/>\n&#8211; Starkes zweilagiges Tuch mit einer weichen- und einer abrasiven Seite um starken Schmutz effizient und angenehm zu entfernen<br \/>\n&#8211; Dermatologisch getestet<\/p>\n","protected":false},"excerpt":{"rendered":"<p>ELIX Handreinigungst\u00fccher ECS 91 ELIX 1 Tuch im Sachet\/Aufrei\u00dft\u00fcte 20x22cm, &#8211; Schonende Reinigung und Pflege f\u00fcr strapazierte H\u00e4nde &#8211; Sehr gut geeignet auch f\u00fcr Oberfl\u00e4chen und Werkzeugreinigung &#8211; Entfernt gr\u00fcndlich und schonend starke Verschmutzungen wie Fette, Kleber, Farben, Teer und Schmiermittel &#8211; Angenehm frischer Duft (Orange) &#8211; Ideal f\u00fcr den mobilen t\u00e4glichen Einsatz &#8211; T\u00fccher [&hellip;]<\/p>\n","protected":false},"featured_media":678844,"template":"","meta":{"ep_exclude_from_search":false},"product_cat":[138],"product_tag":[],"class_list":{"0":"post-678006","1":"product","2":"type-product","3":"status-publish","4":"has-post-thumbnail","6":"product_cat-verbrauchsmittel","7":"product_shipping_class-postgrossbrief-2cm-500g","8":"pa_packungsgroesse-245","10":"first","11":"instock","12":"taxable","13":"shipping-taxable","14":"purchasable","15":"product-type-simple"},"_links":{"self":[{"href":"https:\/\/technikrat.de\/en\/wp-json\/wp\/v2\/product\/678006"}],"collection":[{"href":"https:\/\/technikrat.de\/en\/wp-json\/wp\/v2\/product"}],"about":[{"href":"https:\/\/technikrat.de\/en\/wp-json\/wp\/v2\/types\/product"}],"wp:featuredmedia":[{"embeddable":true,"href":"https:\/\/technikrat.de\/en\/wp-json\/wp\/v2\/media\/678844"}],"wp:attachment":[{"href":"https:\/\/technikrat.de\/en\/wp-json\/wp\/v2\/media?parent=678006"}],"wp:term":[{"taxonomy":"product_cat","embeddable":true,"href":"https:\/\/technikrat.de\/en\/wp-json\/wp\/v2\/product_cat?post=678006"},{"taxonomy":"product_tag","embeddable":true,"href":"https:\/\/technikrat.de\/en\/wp-json\/wp\/v2\/product_tag?post=678006"}],"curies":[{"name":"wp","href":"https:\/\/api.w.org\/{rel}","templated":true}]}}