{"id":677990,"date":"2026-04-04T12:43:50","date_gmt":"2026-04-04T10:43:50","guid":{"rendered":""},"modified":"2026-04-04T17:01:51","modified_gmt":"2026-04-04T15:01:51","slug":"vario2hp-mk2-esd-2-kanal-loetstation-mit-i-tool-highpower-250w","status":"publish","type":"product","link":"https:\/\/technikrat.de\/en\/produkt\/vario2hp-mk2-esd-2-kanal-loetstation-mit-i-tool-highpower-250w\/","title":{"rendered":"VARIO2HP MK2, ESD 2 Kanal L\u00f6tstation mit i-Tool HighPower 250W"},"content":{"rendered":"<p>ERSA i-CON VARIO 2 HP MK2 Mehrkanal-L\u00f6tstation, 250W<\/p>\n<p>Die i-CON VARIO 2 HP MK2 ist eine vielseitige Mehrkanal-L\u00f6tstation, die standardm\u00e4\u00dfig mit dem i-TOOL HighPower L\u00f6tkolben geliefert wird, der eine Leistung von 250 Watt bietet. Dieser Hochleistungs-L\u00f6tkolben eignet sich perfekt f\u00fcr anspruchsvolle L\u00f6taufgaben, bei denen eine besonders hohe W\u00e4rmezufuhr erforderlich ist, z. B. beim L\u00f6ten von:<\/p>\n<p>&#8211; sehr dicken Kabeln<br \/>\n&#8211; Blechen<br \/>\n&#8211; massereichen Transformatoren<br \/>\n&#8211; gro\u00dfen Metallfl\u00e4chen, die schnell verl\u00f6tet werden m\u00fcssen<\/p>\n<p>Die Station ist kompatibel mit einer Vielzahl von Werkzeugen aus der i-CON VARIO Serie, darunter:<\/p>\n<p>i-TOOL HighPower (0240CDJ, im Lieferumfang enthalten)<br \/>\ni-TOOL MK2 (0105CDJ)<br \/>\nCHIP TOOL CLASSIC (0450MDJ)<br \/>\nCHIP TOOL VARIO (0460MDJ)<br \/>\nMicro TOOL (0270BDJ)<br \/>\nTECH TOOL (0640ADJ)<br \/>\nPOWER TOOL (0840CDJ)<\/p>\n<p>Hinweis: Die Station ist f\u00fcr den Einsatz mit dem HighPower-TOOL optimiert. Ein Betrieb mit dem AIR-TOOL oder X-TOOL (VARIO) ist nicht m\u00f6glich.<\/p>\n<p>Die kompakte, ESD-sichere Versorgungseinheit bietet die benutzerfreundliche Bedienbarkeit, die Sie von der i-CON-Familie gewohnt sind. Schnittstellen zur Steuerung von ERSA L\u00f6trauchabsaugungen und Vorheizplatten sind wie bei der gr\u00f6\u00dferen i-CON VARIO 4 MK2 ebenfalls integriert. Die Konfiguration der Station kann einfach und sicher \u00fcber eine microSD-Karte erfolgen.<\/p>\n<p>Die aktuellen Firmware-Versionen sind jederzeit unter ersa.de\/vario verf\u00fcgbar.<\/p>\n<p>Lieferumfang:<\/p>\n<p>&#8211; Elektronikstation, antistatisch (0ICV2035HP)<br \/>\n&#8211; i-TOOL HighPower L\u00f6tkolben, 250W (0240CDJ)<br \/>\n&#8211; L\u00f6tspitze, 12 mm breit (0242CDLF120)<br \/>\n&#8211; Ablagest\u00e4nder (0A57)<\/p>\n","protected":false},"excerpt":{"rendered":"<p>ERSA i-CON VARIO 2 HP MK2 Mehrkanal-L\u00f6tstation, 250W Die i-CON VARIO 2 HP MK2 ist eine vielseitige Mehrkanal-L\u00f6tstation, die standardm\u00e4\u00dfig mit dem i-TOOL HighPower L\u00f6tkolben geliefert wird, der eine Leistung von 250 Watt bietet. Dieser Hochleistungs-L\u00f6tkolben eignet sich perfekt f\u00fcr anspruchsvolle L\u00f6taufgaben, bei denen eine besonders hohe W\u00e4rmezufuhr erforderlich ist, z. B. beim L\u00f6ten von: [&hellip;]<\/p>\n","protected":false},"featured_media":678721,"template":"","meta":{"ep_exclude_from_search":false},"product_cat":[145],"product_tag":[],"class_list":{"0":"post-677990","1":"product","2":"type-product","3":"status-publish","4":"has-post-thumbnail","6":"product_cat-rework-loetstation","7":"product_shipping_class-paket","8":"pa_0icv2005-eigenschaft-1-i-tool-high-power","10":"first","11":"onbackorder","12":"taxable","13":"shipping-taxable","14":"purchasable","15":"product-type-simple"},"_links":{"self":[{"href":"https:\/\/technikrat.de\/en\/wp-json\/wp\/v2\/product\/677990"}],"collection":[{"href":"https:\/\/technikrat.de\/en\/wp-json\/wp\/v2\/product"}],"about":[{"href":"https:\/\/technikrat.de\/en\/wp-json\/wp\/v2\/types\/product"}],"wp:featuredmedia":[{"embeddable":true,"href":"https:\/\/technikrat.de\/en\/wp-json\/wp\/v2\/media\/678721"}],"wp:attachment":[{"href":"https:\/\/technikrat.de\/en\/wp-json\/wp\/v2\/media?parent=677990"}],"wp:term":[{"taxonomy":"product_cat","embeddable":true,"href":"https:\/\/technikrat.de\/en\/wp-json\/wp\/v2\/product_cat?post=677990"},{"taxonomy":"product_tag","embeddable":true,"href":"https:\/\/technikrat.de\/en\/wp-json\/wp\/v2\/product_tag?post=677990"}],"curies":[{"name":"wp","href":"https:\/\/api.w.org\/{rel}","templated":true}]}}