{"id":677989,"date":"2026-04-08T20:42:00","date_gmt":"2026-04-08T18:42:00","guid":{"rendered":""},"modified":"2026-04-08T21:26:24","modified_gmt":"2026-04-08T19:26:24","slug":"vario2-mk2-esd-2-kanal-loet-heissluftstation-mit-x-tool-vario-150w-air-tool-200w","status":"publish","type":"product","link":"https:\/\/technikrat.de\/en\/produkt\/vario2-mk2-esd-2-kanal-loet-heissluftstation-mit-x-tool-vario-150w-air-tool-200w\/","title":{"rendered":"VARIO2 MK2, ESD 2 Kanal L\u00f6t-&#038; Hei\u00dfluftstation mit X-TOOL vario 150W &#038; AIR-TOOL 200W"},"content":{"rendered":"<p>ERSA i-CON VARIO 2 MK2, ESD-zertifizierte 2-Kanal L\u00f6t- und Hei\u00dfluftstation mit Vakuumpumpe, Hei\u00dfluftkolben i-TOOL AIR S 200W und X-TOOL VARIO 150W<\/p>\n<p>Die i-CON VARIO 2 MK2 ist eine leistungsstarke Mehrkanal-L\u00f6t- und Entl\u00f6tstation, die die hohen Anforderungen an professionelles L\u00f6ten und Entl\u00f6ten erf\u00fcllt. Sie erm\u00f6glicht den gleichzeitigen Betrieb von zwei ERSA Werkzeugen mit Hei\u00dfluft und Vakuum. Dabei stehen ein ergonomischer Hei\u00dfluftkolben i-TOOL AIR S (200 W) und der X-TOOL VARIO Entl\u00f6tkolben (150 W) zur Verf\u00fcgung, die eine kontaktlose Energie\u00fcbertragung bieten.<\/p>\n<p>Alle L\u00f6twerkzeuge sind mit einem Beschleunigungssensor ausgestattet, der bei Nichtbenutzung automatisch in den Standby-Modus (150-300\u00b0C) oder den Ruhezustand (Raumtemperatur) schaltet. Durch Bewegung kehren die Werkzeuge schnell in den Betriebsmodus zur\u00fcck. Neben dem i-TOOL AIR S k\u00f6nnen optional weitere ERSA L\u00f6twerkzeuge verwendet werden.<\/p>\n<p>Die zentrale Einheit integriert alle Funktionen wie Luft- und Vakuumerzeugung, gesteuert \u00fcber eine intuitive i-Op Bedienung mit \u00fcbersichtlichen Displays. Die Station bietet Schnittstellen f\u00fcr die automatische Aktivierung von ERSA L\u00f6trauchabsaugungen, die Steuerung von Infrarot-Vorheizungen und einen USB-Anschluss. Ein optionaler microSD-Kartenslot erm\u00f6glicht schnelle und sichere Updates, wodurch die Station zukunftssicher bleibt. Die i-CON VARIO 2 MK2 eignet sich ideal f\u00fcr ESD-Schutzzonen.<\/p>\n<p>Aktuelle Firmware-Versionen sind jederzeit unter ersa.de\/vario verf\u00fcgbar.<\/p>\n<p>i-TOOL AIR S<\/p>\n<p>Der i-TOOL AIR S ist ein kompakter und leistungsstarker Hei\u00dfluftkolben mit 200W, ideal f\u00fcr pr\u00e4zise Arbeiten an SMD-Komponenten. Die Luftmenge (2-20 l\/min) l\u00e4sst sich direkt am Handst\u00fcck einstellen und auf dem Display ablesen. Ein Bewegungssensor schaltet die Hei\u00dfluft nach einer einstellbaren Pause ab, w\u00e4hrend ein Lichtsensor das Ger\u00e4t ein- und ausschaltet.<\/p>\n<p>X-TOOL VARIO<\/p>\n<p>Der X-TOOL VARIO ist ein leistungsstarker Entl\u00f6tkolben mit 150W, der einfache Spitzenwechsel und eine leichte Reinigung des Restlotbeh\u00e4lters erm\u00f6glicht. Er eignet sich hervorragend f\u00fcr anspruchsvolle Entl\u00f6tarbeiten an Bauteilen auf massereichen Leiterplatten. Es werden Entl\u00f6tspitzen der Serie 0742ED empfohlen.<br \/>\nLieferumfang:<\/p>\n<p>i-CON VARIO 2 Regelstation, antistatisch, 200W, mit 230V Netzkabel (0ICV2035AP)<br \/>\nHei\u00dfluftkolben i-TOOL AIR S, 24V, 200W, mit Hei\u00dfluftd\u00fcse 3,5 mm rund (0470ERJ, 0472ER)<br \/>\nAblagest\u00e4nder f\u00fcr i-TOOL AIR S, antistatisch (0A55)<br \/>\nX-TOOL VARIO Entl\u00f6tkolben, 24V, 150W, mit Entl\u00f6tspitze 1,2 mm (0740EDJ, 0742ED1225H)<br \/>\nAblagest\u00e4nder f\u00fcr X-TOOL VARIO, antistatisch (0A56)<br \/>\nTechnische Daten:<\/p>\n<p>Regelstation: max. 200W, Abmessungen: 180 x 280 x 115 mm, Gewicht: ca. 6 kg<br \/>\nEingang: 230V~, Ausgang: 24V~, maximale Leistung: 360W<br \/>\nLuftmenge: 2-20 l\/min, Vakuum: max. 700 mbar<br \/>\nTemperaturbereich: 150-450\u00b0C (i-TOOL AIR S: 50-550\u00b0C)<br \/>\nWiderstand zwischen L\u00f6tspitze und Masse: &lt;2 Ohm<br \/>\nAnschl\u00fcsse: Frontseitig: Netzschalter, i-OP Dreh-\/Drucktaster, LCD-Display f\u00fcr Men\u00fcf\u00fchrung, 2 Werkzeuganschl\u00fcsse, Vakuum- und Druckanschluss, microSD-Slot<br \/>\nR\u00fcckseitig: 230V~ Kaltger\u00e4tebuchse, 2x RS232, 1x USB, Lufteingang mit Filter, 4mm Potentialausgleichsbuchse<br \/>\nEnergieverbrauch im Standby: ca. 25W<\/p>\n","protected":false},"excerpt":{"rendered":"<p>ERSA i-CON VARIO 2 MK2, ESD-zertifizierte 2-Kanal L\u00f6t- und Hei\u00dfluftstation mit Vakuumpumpe, Hei\u00dfluftkolben i-TOOL AIR S 200W und X-TOOL VARIO 150W Die i-CON VARIO 2 MK2 ist eine leistungsstarke Mehrkanal-L\u00f6t- und Entl\u00f6tstation, die die hohen Anforderungen an professionelles L\u00f6ten und Entl\u00f6ten erf\u00fcllt. Sie erm\u00f6glicht den gleichzeitigen Betrieb von zwei ERSA Werkzeugen mit Hei\u00dfluft und Vakuum. [&hellip;]<\/p>\n","protected":false},"featured_media":678708,"template":"","meta":{"ep_exclude_from_search":false},"product_cat":[145],"product_tag":[],"class_list":{"0":"post-677989","1":"product","2":"type-product","3":"status-publish","4":"has-post-thumbnail","6":"product_cat-rework-loetstation","7":"product_shipping_class-paket","8":"pa_0icv2005-eigenschaft-1-i-tool-air-s-x-tool-vario","10":"first","11":"instock","12":"taxable","13":"shipping-taxable","14":"purchasable","15":"product-type-simple"},"_links":{"self":[{"href":"https:\/\/technikrat.de\/en\/wp-json\/wp\/v2\/product\/677989"}],"collection":[{"href":"https:\/\/technikrat.de\/en\/wp-json\/wp\/v2\/product"}],"about":[{"href":"https:\/\/technikrat.de\/en\/wp-json\/wp\/v2\/types\/product"}],"wp:featuredmedia":[{"embeddable":true,"href":"https:\/\/technikrat.de\/en\/wp-json\/wp\/v2\/media\/678708"}],"wp:attachment":[{"href":"https:\/\/technikrat.de\/en\/wp-json\/wp\/v2\/media?parent=677989"}],"wp:term":[{"taxonomy":"product_cat","embeddable":true,"href":"https:\/\/technikrat.de\/en\/wp-json\/wp\/v2\/product_cat?post=677989"},{"taxonomy":"product_tag","embeddable":true,"href":"https:\/\/technikrat.de\/en\/wp-json\/wp\/v2\/product_tag?post=677989"}],"curies":[{"name":"wp","href":"https:\/\/api.w.org\/{rel}","templated":true}]}}