{"id":677982,"date":"2026-03-31T20:44:26","date_gmt":"2026-03-31T18:44:26","guid":{"rendered":""},"modified":"2026-04-04T17:24:18","modified_gmt":"2026-04-04T15:24:18","slug":"ersa-i-con-nano-mk2-elektronisch-geregelte-loetstation-80w-mit-standby-5-teiliges-starter-set","status":"publish","type":"product","link":"https:\/\/technikrat.de\/en\/produkt\/ersa-i-con-nano-mk2-elektronisch-geregelte-loetstation-80w-mit-standby-5-teiliges-starter-set\/","title":{"rendered":"ERSA i-CON NANO MK2 elektronisch geregelte L\u00f6tstation 80W mit Standby, 5-teiliges STARTER-SET"},"content":{"rendered":"<p>ERSA L\u00f6tstation i-CON NANO MK2<\/p>\n<p>Klein und leistungsstark! &#8211; Die L\u00f6tstation ERSA i-CON NANO MK2 mit i-TOOL NANO MK2 L\u00f6tkolben hat eine Stellfl\u00e4che von nur 145 mm x 80 mm. Die i-CON NANO, erf\u00fcllt alle Anforderungen der heutigen industriellen Fertigung bei geringstem Platzbedarf. Sie ist f\u00fcr den Dauereinsatz in der Elektronikfertigung wie auch f\u00fcr spezielle Anwendungen im Labor- und Entwicklungsbereich konzipiert und antistatisch nach MIL-SPEC\/ESA.<\/p>\n<p>Das einfache Bedienkonzept der i-CON NANO MK2 erm\u00f6glicht dem Anwender im Auslieferungszustand das variable Einstellen der Arbeitstemperatur sowie das Festlegen der Stand-by-Zeit und eines Kalibrierwertes. Weitere Einstellm\u00f6glichkeiten wie 3 Festtemperaturen, Energie-Level und Verriegelung sind mit einer kostenlosen PC-Software und einer optional erh\u00e4ltlichen Micro-SD-Speicherkarte enthalten.<\/p>\n<p>Das technologische Gesamtkonzept der i-CON NANO MK2 gew\u00e4hrleistet, dass jede Applikation mit den optimalen Parametern bearbeitet wird. Hierdurch steht die i-CON NANO MK2 f\u00fcr h\u00f6chste Prozesssicherheit und Qualit\u00e4tskontrolle und dies bei niedrigen Investitions- und Betriebskosten. Automatischer Stand-By und Ruhezustandsfunktion sorgen f\u00fcr Energieeinsparungen und h\u00f6here Spitzenstandzeiten.<\/p>\n<p>Der integrierte und patentierte TIP`N TURN Bajonett-Verschluss der L\u00f6tspitzen sorgt f\u00fcr einfachsten und schnellsten Wechsel und die neueste i-TOOL MK2 Generation garantiert 20% mehr L\u00f6tleistung.<\/p>\n<p>Lieferumfang:<\/p>\n<p>&#8211; Elektronikregelstation max.80W, 230V (0IC1235A)<br \/>\n&#8211; L\u00f6tkolben i-TOOL NANO MK2 max. 80W, 16,5V (0125CDK)<br \/>\n&#8211; ERSADUR L\u00f6tspitze TIP`N TURN mei\u00dfelf\u00f6rmig 1,6 mm (0142CDLF16)<br \/>\n&#8211; Ablagest\u00e4nder (0A59)<br \/>\n&#8211; ERSADUR L\u00f6tspitze bleistiftspitz 0,3 mm (0142PDLF03)<br \/>\n&#8211; ERSADUR L\u00f6tspitze mei\u00dfelf\u00f6rmig 1,0 mm (0142CDLF10)<br \/>\n&#8211; GALLUNOPTIMAL Mini-Seitenschneider (GOES100)<br \/>\n&#8211; GALLUNOPTIMAL Entl\u00f6tpumpe ESD (GOELPA)<br \/>\n&#8211; GALLUNOPTIMAL ESD-Arbeitsunterlage (GOAMATSIL)<\/p>\n","protected":false},"excerpt":{"rendered":"<p>ERSA L\u00f6tstation i-CON NANO MK2 Klein und leistungsstark! &#8211; Die L\u00f6tstation ERSA i-CON NANO MK2 mit i-TOOL NANO MK2 L\u00f6tkolben hat eine Stellfl\u00e4che von nur 145 mm x 80 mm. Die i-CON NANO, erf\u00fcllt alle Anforderungen der heutigen industriellen Fertigung bei geringstem Platzbedarf. Sie ist f\u00fcr den Dauereinsatz in der Elektronikfertigung wie auch f\u00fcr spezielle [&hellip;]<\/p>\n","protected":false},"featured_media":681418,"template":"","meta":{"ep_exclude_from_search":false},"product_cat":[144],"product_tag":[],"class_list":{"0":"post-677982","1":"product","2":"type-product","3":"status-publish","4":"has-post-thumbnail","6":"product_cat-loetstationen","7":"product_shipping_class-paket","8":"pa_0ic1x05-ersa-nano-esd-starter-set","10":"first","11":"instock","12":"taxable","13":"shipping-taxable","14":"purchasable","15":"product-type-simple"},"_links":{"self":[{"href":"https:\/\/technikrat.de\/en\/wp-json\/wp\/v2\/product\/677982"}],"collection":[{"href":"https:\/\/technikrat.de\/en\/wp-json\/wp\/v2\/product"}],"about":[{"href":"https:\/\/technikrat.de\/en\/wp-json\/wp\/v2\/types\/product"}],"wp:featuredmedia":[{"embeddable":true,"href":"https:\/\/technikrat.de\/en\/wp-json\/wp\/v2\/media\/681418"}],"wp:attachment":[{"href":"https:\/\/technikrat.de\/en\/wp-json\/wp\/v2\/media?parent=677982"}],"wp:term":[{"taxonomy":"product_cat","embeddable":true,"href":"https:\/\/technikrat.de\/en\/wp-json\/wp\/v2\/product_cat?post=677982"},{"taxonomy":"product_tag","embeddable":true,"href":"https:\/\/technikrat.de\/en\/wp-json\/wp\/v2\/product_tag?post=677982"}],"curies":[{"name":"wp","href":"https:\/\/api.w.org\/{rel}","templated":true}]}}