{"id":677464,"date":"2026-04-04T08:46:56","date_gmt":"2026-04-04T06:46:56","guid":{"rendered":""},"modified":"2026-04-04T17:05:11","modified_gmt":"2026-04-04T15:05:11","slug":"strang-verstaerker-5-eingaenge-5-ausgaenge","status":"publish","type":"product","link":"https:\/\/technikrat.de\/en\/produkt\/strang-verstaerker-5-eingaenge-5-ausgaenge\/","title":{"rendered":"Strang-Verst\u00e4rker 5 Eing\u00e4nge \/ 5 Ausg\u00e4nge"},"content":{"rendered":"<p>Beschreibung des Produkts:<\/p>\n<p>Televes 714509 Nevoswitch-Verst\u00e4rker 5&#215;5 &#8221;F&#8221; MATV\/BIS G 27\/25dB Vo 115dB\u00b5V, hat konfigurierbare Elemente f\u00fcr bessere Signalanpassung. Geh\u00e4use aus Zamak: strahlungsunempfindlich. Geeignet f\u00fcr Stern\/Kaskaden-Systemkonfigurationen. Unabh\u00e4ngige Einstellung des Ausgangspegels (au\u00dfer QUAD-kompatible Ger\u00e4te). ECO-Modus mit geringem Verbrauch. Dank des ECO-Systems sinkt der Verbrauch, wenn die Anzahl der Benutzer reduziert wird.<\/p>\n<p>Technische Merkmale:<\/p>\n<p>&#8211; Typ: 5x5x5<br \/>\n&#8211; Geringe Gr\u00f6\u00dfe und kompaktes Design.<br \/>\n&#8211; Kaskadierbar und Terminal-Konfiguration in einer einzigen Referenz.<br \/>\n&#8211; Unabh\u00e4ngige Pegelanpassung des Line-Verst\u00e4rkers.<br \/>\n&#8211; Mehrere Stromversorgungsoptionen (Klinke, VLow, Terrestrischer Eingang\/Ausgang und Benutzerausg\u00e4nge)<br \/>\n&#8211; Unabh\u00e4ngige Einstellung des Ausgangspegels.<br \/>\n&#8211; Frequenzbereich MHZ: SAT 950-2400, TERR 47-862<br \/>\n&#8211; Maximaler Ausgangspegel dB\u00b5V: SAT 110, TERR 105<br \/>\n&#8211; Maximale Verst\u00e4rkung db: SAT 25 \u00b1 4, TERR 27 \u00b1 2<br \/>\n&#8211; Equalizer db: SAT 7, TERR 6<br \/>\n&#8211; Durchgangsverluste db: SAT 11, TERR 17<br \/>\n&#8211; Abgriffsverluste: &#8211;<br \/>\n&#8211; Isolierung IN-OUT db: SAT &gt;25<br \/>\n&#8211; LNB-Steuersignale: mA LNB\/TER \/ Eingang max. 250, LNB\/TER Gesamt: 1A<br \/>\n&#8211; Versorgung: Vdc 12<br \/>\n&#8211; DC-Durchgang: In-Out \/ Out-In (bidirektional)<br \/>\n&#8211; Max. Verbrauch mA: Stromversorgung 12Vdc (PWR) 420, Empf\u00e4nger (12\/18V): &#8211;<br \/>\n&#8211; Temperaturbereich C: -5 C + 45 C<br \/>\n&#8211; Schutzart IP: IP20<br \/>\n&#8211; Abmessungen mm: 140x120x30<\/p>\n<p>\u00dcbersetzt mit DeepL.com (kostenlose Version)<\/p>\n","protected":false},"excerpt":{"rendered":"<p>Beschreibung des Produkts: Televes 714509 Nevoswitch-Verst\u00e4rker 5&#215;5 &#8221;F&#8221; MATV\/BIS G 27\/25dB Vo 115dB\u00b5V, hat konfigurierbare Elemente f\u00fcr bessere Signalanpassung. Geh\u00e4use aus Zamak: strahlungsunempfindlich. Geeignet f\u00fcr Stern\/Kaskaden-Systemkonfigurationen. Unabh\u00e4ngige Einstellung des Ausgangspegels (au\u00dfer QUAD-kompatible Ger\u00e4te). ECO-Modus mit geringem Verbrauch. Dank des ECO-Systems sinkt der Verbrauch, wenn die Anzahl der Benutzer reduziert wird. Technische Merkmale: &#8211; Typ: 5x5x5 [&hellip;]<\/p>\n","protected":false},"featured_media":677484,"template":"","meta":{"ep_exclude_from_search":false},"product_cat":[204],"product_tag":[],"class_list":{"0":"post-677464","1":"product","2":"type-product","3":"status-publish","4":"has-post-thumbnail","6":"product_cat-fuer-satempfang-dvb-s-s2","7":"product_shipping_class-paket","9":"first","10":"instock","11":"taxable","12":"shipping-taxable","13":"purchasable","14":"product-type-simple"},"_links":{"self":[{"href":"https:\/\/technikrat.de\/en\/wp-json\/wp\/v2\/product\/677464"}],"collection":[{"href":"https:\/\/technikrat.de\/en\/wp-json\/wp\/v2\/product"}],"about":[{"href":"https:\/\/technikrat.de\/en\/wp-json\/wp\/v2\/types\/product"}],"wp:featuredmedia":[{"embeddable":true,"href":"https:\/\/technikrat.de\/en\/wp-json\/wp\/v2\/media\/677484"}],"wp:attachment":[{"href":"https:\/\/technikrat.de\/en\/wp-json\/wp\/v2\/media?parent=677464"}],"wp:term":[{"taxonomy":"product_cat","embeddable":true,"href":"https:\/\/technikrat.de\/en\/wp-json\/wp\/v2\/product_cat?post=677464"},{"taxonomy":"product_tag","embeddable":true,"href":"https:\/\/technikrat.de\/en\/wp-json\/wp\/v2\/product_tag?post=677464"}],"curies":[{"name":"wp","href":"https:\/\/api.w.org\/{rel}","templated":true}]}}