{"id":676510,"date":"2026-04-02T08:45:50","date_gmt":"2026-04-02T06:45:50","guid":{"rendered":""},"modified":"2026-04-04T17:04:35","modified_gmt":"2026-04-04T15:04:35","slug":"praezisions-messer-hakenklingen-set-fuer-bga-cpu-rework-5-teilig","status":"publish","type":"product","link":"https:\/\/technikrat.de\/en\/produkt\/praezisions-messer-hakenklingen-set-fuer-bga-cpu-rework-5-teilig\/","title":{"rendered":"Pr\u00e4zisions-Messer-&#038; Hakenklingen-SET f\u00fcr BGA CPU Rework, 5-teilig"},"content":{"rendered":"<p>GALLUNOPTIMAL Pr\u00e4zisions-Messer-&#038; Hakenklingen-SET f\u00fcr BGA CPU Rework, 5-teilig<\/p>\n","protected":false},"excerpt":{"rendered":"<p>GALLUNOPTIMAL Pr\u00e4zisions-Messer-&#038; Hakenklingen-SET f\u00fcr BGA CPU Rework, 5-teilig<\/p>\n","protected":false},"featured_media":676839,"template":"","meta":{"ep_exclude_from_search":false},"product_cat":[116],"product_tag":[],"class_list":{"0":"post-676510","1":"product","2":"type-product","3":"status-publish","4":"has-post-thumbnail","6":"product_cat-messer","7":"product_shipping_class-postwarenpost-individuell","9":"first","10":"instock","11":"taxable","12":"shipping-taxable","13":"purchasable","14":"product-type-simple"},"_links":{"self":[{"href":"https:\/\/technikrat.de\/en\/wp-json\/wp\/v2\/product\/676510"}],"collection":[{"href":"https:\/\/technikrat.de\/en\/wp-json\/wp\/v2\/product"}],"about":[{"href":"https:\/\/technikrat.de\/en\/wp-json\/wp\/v2\/types\/product"}],"wp:featuredmedia":[{"embeddable":true,"href":"https:\/\/technikrat.de\/en\/wp-json\/wp\/v2\/media\/676839"}],"wp:attachment":[{"href":"https:\/\/technikrat.de\/en\/wp-json\/wp\/v2\/media?parent=676510"}],"wp:term":[{"taxonomy":"product_cat","embeddable":true,"href":"https:\/\/technikrat.de\/en\/wp-json\/wp\/v2\/product_cat?post=676510"},{"taxonomy":"product_tag","embeddable":true,"href":"https:\/\/technikrat.de\/en\/wp-json\/wp\/v2\/product_tag?post=676510"}],"curies":[{"name":"wp","href":"https:\/\/api.w.org\/{rel}","templated":true}]}}