{"id":676368,"date":"2026-04-04T08:42:47","date_gmt":"2026-04-04T06:42:47","guid":{"rendered":""},"modified":"2026-04-04T17:02:32","modified_gmt":"2026-04-04T15:02:32","slug":"esd-berufsschuh-x-light-halbschuh-schwarz-neongelb-esd-gerecht-groesse-41","status":"publish","type":"product","link":"https:\/\/technikrat.de\/en\/produkt\/esd-berufsschuh-x-light-halbschuh-schwarz-neongelb-esd-gerecht-groesse-41\/","title":{"rendered":"ESD-Berufsschuh x-light, Halbschuh schwarz-neongelb ESD-gerecht Gr\u00f6\u00dfe 41"},"content":{"rendered":"<p>ABEBA ESD-Berufsschuh x-light, Halbschuh schwarz-neongelb ESD, ESD-gerecht nach DIN  EN 61340, Gr\u00f6\u00dfe 41 gefertigt nach ISO: EN ISO 20347:2012, A-micro, Klimaklasse I, Sicherheitsklasse O2, wechselbare Active Comfort Einlegesohle AB351610, Ristbereich mit Schn\u00fcrung, K\u00fcchengeeignet, atmungsaktives Innenfutter mit Silberionen, ORTHOstat Sohle m\u00f6glich, Sohle xlight B ESD Laufsohle schwarz, Rutschhemmung SRC, Laufsohle Rutschhemmende PU-Laufsohle, Obermaterial Mikrofaser<\/p>\n<p>&#8211; CE EN ISO 20347:2012 O2 FO SRC<br \/>\n&#8211; Mikrofaser schwarz\/neongelb<br \/>\n&#8211; Rutschhemmende PU-Laufsohle<br \/>\n&#8211; Auswechselbare Active Comfort Einlegesohle (Art. AB351610)<br \/>\n&#8211; ESD-gerecht nach DIN EN 61340<br \/>\n&#8211; Atmungsaktives Innenfutter mit Silberionen<br \/>\n&#8211; Ristbereich mit Schn\u00fcrung<\/p>\n","protected":false},"excerpt":{"rendered":"<p>ABEBA ESD-Berufsschuh x-light, Halbschuh schwarz-neongelb ESD, ESD-gerecht nach DIN EN 61340, Gr\u00f6\u00dfe 41 gefertigt nach ISO: EN ISO 20347:2012, A-micro, Klimaklasse I, Sicherheitsklasse O2, wechselbare Active Comfort Einlegesohle AB351610, Ristbereich mit Schn\u00fcrung, K\u00fcchengeeignet, atmungsaktives Innenfutter mit Silberionen, ORTHOstat Sohle m\u00f6glich, Sohle xlight B ESD Laufsohle schwarz, Rutschhemmung SRC, Laufsohle Rutschhemmende PU-Laufsohle, Obermaterial Mikrofaser &#8211; CE [&hellip;]<\/p>\n","protected":false},"featured_media":676386,"template":"","meta":{"ep_exclude_from_search":false},"product_cat":[133],"product_tag":[],"class_list":{"0":"post-676368","1":"product","2":"type-product","3":"status-publish","4":"has-post-thumbnail","6":"product_cat-schuhe","7":"product_shipping_class-paket","9":"first","10":"instock","11":"taxable","12":"shipping-taxable","13":"purchasable","14":"product-type-simple"},"_links":{"self":[{"href":"https:\/\/technikrat.de\/en\/wp-json\/wp\/v2\/product\/676368"}],"collection":[{"href":"https:\/\/technikrat.de\/en\/wp-json\/wp\/v2\/product"}],"about":[{"href":"https:\/\/technikrat.de\/en\/wp-json\/wp\/v2\/types\/product"}],"wp:featuredmedia":[{"embeddable":true,"href":"https:\/\/technikrat.de\/en\/wp-json\/wp\/v2\/media\/676386"}],"wp:attachment":[{"href":"https:\/\/technikrat.de\/en\/wp-json\/wp\/v2\/media?parent=676368"}],"wp:term":[{"taxonomy":"product_cat","embeddable":true,"href":"https:\/\/technikrat.de\/en\/wp-json\/wp\/v2\/product_cat?post=676368"},{"taxonomy":"product_tag","embeddable":true,"href":"https:\/\/technikrat.de\/en\/wp-json\/wp\/v2\/product_tag?post=676368"}],"curies":[{"name":"wp","href":"https:\/\/api.w.org\/{rel}","templated":true}]}}