{"id":667583,"date":"2026-04-01T12:46:13","date_gmt":"2026-04-01T10:46:13","guid":{"rendered":""},"modified":"2026-04-04T09:04:55","modified_gmt":"2026-04-04T07:04:55","slug":"inverto-premium-quattro-universal-pll-lnb-o40mm-4k-8k-uhd","status":"publish","type":"product","link":"https:\/\/technikrat.de\/en\/produkt\/inverto-premium-quattro-universal-pll-lnb-o40mm-4k-8k-uhd\/","title":{"rendered":"Inverto Premium Quattro Universal-PLL-LNB \u00d840mm, 4K\/8K UHD"},"content":{"rendered":"<p>Inverto \u00d840mm Premium Quattro Universal LNB 9,75\/10,6 GHz, 0,2dB Rauschmass, 11-20V 230 mA, Verst\u00e4rkung min. 57-67 dB, PLL, ULN+, 4K\/8K UHD, Anschluss-Wetterschutz, IDLP-QDL413-PREMU-OPN<\/p>\n<p>Dieses LNB wird nach unseren hohen Qualit\u00e4tsstandards hergestellt und erf\u00fcllt damit alle Anforderungen f\u00fcr einen perfekten Satellieten-Empfang. Er ist zur Einhaltung strenger Spezifikationen konstruiert. Dieser LNB ist die ideale L\u00f6sung f\u00fcr den anspruchsvollen Kunden im privaten und gewerblichen Bereich und macht Satellitenempfang auf der ganzen Welt m\u00f6glich.<\/p>\n<p>Diese LNB-Generation bietet optimierte Empfangseigenschaften bei Einsatz der neuesten Chipsatztechnologie und des neuesten Wellenleiterdesigns f\u00fcr den Satellitensignalempfang.<\/p>\n<p>Der LNB erm\u00f6glicht den Empfang von Satelliten-TV-Signalen und DVB-S-Radio von und die Weiterleitung an eine Set-Top-Box (Receiver). Der LNB unterst\u00fctzt HD- und UHD(4K\/8K)-\u00dcbertragungen, bietet hervorragende HF-Leistungen, einen sehr geringen Stromverbrauch und ist vor allem darauf ausgelegt St\u00f6rungen durch 4G\/5G\/LTE-\u00dcbertragungen zu verringern.<\/p>\n<p>&#8211; Geringes Phasenrauschen, DVB-S2 (HD und UHD) kompatibel<br \/>\n&#8211; Sehr geringes Rauschma\u00df<br \/>\n&#8211; Geringe Leistungsaufnahme<br \/>\n&#8211; Hohe Kreuzpolarisationsisolation<br \/>\n&#8211; Hohe Frequenzstabilit\u00e4t<\/p>\n","protected":false},"excerpt":{"rendered":"<p>Inverto \u00d840mm Premium Quattro Universal LNB 9,75\/10,6 GHz, 0,2dB Rauschmass, 11-20V 230 mA, Verst\u00e4rkung min. 57-67 dB, PLL, ULN+, 4K\/8K UHD, Anschluss-Wetterschutz, IDLP-QDL413-PREMU-OPN Dieses LNB wird nach unseren hohen Qualit\u00e4tsstandards hergestellt und erf\u00fcllt damit alle Anforderungen f\u00fcr einen perfekten Satellieten-Empfang. Er ist zur Einhaltung strenger Spezifikationen konstruiert. Dieser LNB ist die ideale L\u00f6sung f\u00fcr den [&hellip;]<\/p>\n","protected":false},"featured_media":667588,"template":"","meta":{"ep_exclude_from_search":false},"product_cat":[235],"product_tag":[],"class_list":{"0":"post-667583","1":"product","2":"type-product","3":"status-publish","4":"has-post-thumbnail","6":"product_cat-quattro-4-anschluesse","7":"product_shipping_class-postwarenpost-individuell","9":"first","10":"instock","11":"taxable","12":"shipping-taxable","13":"purchasable","14":"product-type-simple"},"_links":{"self":[{"href":"https:\/\/technikrat.de\/en\/wp-json\/wp\/v2\/product\/667583"}],"collection":[{"href":"https:\/\/technikrat.de\/en\/wp-json\/wp\/v2\/product"}],"about":[{"href":"https:\/\/technikrat.de\/en\/wp-json\/wp\/v2\/types\/product"}],"wp:featuredmedia":[{"embeddable":true,"href":"https:\/\/technikrat.de\/en\/wp-json\/wp\/v2\/media\/667588"}],"wp:attachment":[{"href":"https:\/\/technikrat.de\/en\/wp-json\/wp\/v2\/media?parent=667583"}],"wp:term":[{"taxonomy":"product_cat","embeddable":true,"href":"https:\/\/technikrat.de\/en\/wp-json\/wp\/v2\/product_cat?post=667583"},{"taxonomy":"product_tag","embeddable":true,"href":"https:\/\/technikrat.de\/en\/wp-json\/wp\/v2\/product_tag?post=667583"}],"curies":[{"name":"wp","href":"https:\/\/api.w.org\/{rel}","templated":true}]}}