{"id":666822,"date":"2026-03-25T12:50:10","date_gmt":"2026-03-25T11:50:10","guid":{"rendered":""},"modified":"2026-04-09T21:31:59","modified_gmt":"2026-04-09T19:31:59","slug":"stirri-v3-tf-rework-flussmittel-no-clean-5-g-uv-tracer","status":"publish","type":"product","link":"https:\/\/technikrat.de\/en\/produkt\/stirri-v3-tf-rework-flussmittel-no-clean-5-g-uv-tracer\/","title":{"rendered":"STIRRI-V3-TF Rework Flussmittel no clean 5 g, UV-Tracer"},"content":{"rendered":"<p>STIRRI konzentriert sich auf innovative L\u00f6sungen f\u00fcr professionelle Anwender und Hobbybastler, die t\u00e4glich l\u00f6ten. Unser No-Clean-L\u00f6tflussmittel f\u00fcr Elektronik erm\u00f6glicht es Ihnen, alles von Elektronik bis hin zu Spielmodellen zu reparieren und zu l\u00f6ten. Die L\u00f6tflussmittelpaste verhindert das Durchschlagen des Kupferspiegels und weist eine sehr geringe elektrochemische Migration von weniger als 1 Dekadenabfall auf.<\/p>\n<p>V3 ist die neueste No-Clean-Rezeptur, die die Leistung der STIRRI-Serie in einem einzigen universellen, REACH-konformen Flussmittel mit optischem UV-Tracer vereint. Es besitzt einen angenehmen, nicht chemischen Duft, der von den Nutzern als sehr angenehm empfunden wird. Aktivierte R\u00fcckst\u00e4nde sind klar und nicht korrosiv.<\/p>\n<p>Nach der Reinigung der Platine macht der integrierte UV-Tracer verbliebene Flussmittelreste unter UV-Licht sichtbar. Das universelle No-Clean-L\u00f6tflussmittel ist sowohl f\u00fcr Zinn\/Blei- als auch f\u00fcr bleifreie Anwendungen geeignet und erf\u00fcllt die REACH-Anforderungen.<\/p>\n<p>L\u00f6tpaste f\u00fcr Elektronik \u2013 Effizienz und Praxistauglichkeit in einem Produkt<\/p>\n<p>Dieses klebrige Flussmittel ist geruchsarm und schafft so ein ideales Arbeitsumfeld. Das wolkenfreie, transluzente Material sorgt f\u00fcr bessere Sicht, sodass Sie Bauteile leicht neu positionieren k\u00f6nnen \u2013 f\u00fcr h\u00f6chste Pr\u00e4zision. Die Flussspritze ist leicht zu handhaben, erm\u00f6glicht exaktes Arbeiten und verhindert Versch\u00fctten. Das Elektronik-L\u00f6tflussmittel hat eine verl\u00e4ngerte Haltbarkeit von bis zu 2 Jahren.<\/p>\n<p>Wichtige Eigenschaften unserer L\u00f6tflussmittelpaste:<\/p>\n<p>REACH-konforme No-Clean-Formulierung<\/p>\n<p>Nicht korrosiv<\/p>\n<p>Quantitative Halogenide &lt; 0,05 %<\/p>\n<p>Kein Durchschlagen des Kupferspiegels<\/p>\n<p>Stabile Leistung auch bei l\u00e4ngerer Hitzeeinwirkung<\/p>\n<p>Geeignet f\u00fcr mehrstufige Montageprozesse<\/p>\n<p>Enth\u00e4lt QC-Aid zur sofortigen Inspektion von Leiterplattenverunreinigungen<\/p>\n<p>Geeignet f\u00fcr industrielle Best\u00fcckungsautomaten, Handreparaturen und Hobbyprojekte<\/p>\n<p>Menge: 5 g<\/p>\n<p>Schafft optimale Aktivierungs- und Suspensionsbedingungen f\u00fcr bleihaltige oder bleifreie BGA-Lotkugeln sowie f\u00fcr die Herstellung hochwertiger SMT-Lotpasten f\u00fcr BGA- oder Schablonendruck mit LT-, MT- und LF-Lotpulver<\/p>\n<p>Zus\u00e4tzliche Produktspezifikationen:<\/p>\n<p>ROL0-Flussmittelklassifizierung, Kupferspiegeltest nach JIS-Z-3197 (1986) Abschnitt 6.6.2 (IPC J STD 004, Testmethode IPC TM 650 2.3.32) erfolgreich bestanden<\/p>\n<p>Kolophoniumbasiertes, klebriges No-Clean-L\u00f6tflussmittel mit geringer Aktivit\u00e4t f\u00fcr professionellen\/industriellen Einsatz<\/p>\n<p>Anwendbar f\u00fcr Spritzen, Schablonendruck, Rework, BGA-Kugelbefestigung und Reballing mit Standard-Zinn\/Blei-Legierungen<\/p>\n<p>Optimale Viskosit\u00e4t: 38\u201351 (Malcom @ 10 RPM\/25 \u00b0C, x10\u00b3 mPa\/s)<\/p>\n<p>Hochtemperaturvertr\u00e4glich bis zu 300 \u00b0C \/ 600 \u00b0F<\/p>\n<p>Spritzen kompatibel mit industriellen Dosiermaschinen oder Handbetrieb<\/p>\n<p>Die richtige Wahl f\u00fcr Profis und Hobbyanwender:<br \/>\nDie L\u00f6tflussmittelpaste von STIRRI erm\u00f6glicht das L\u00f6ten einer breiten Palette von Gegenst\u00e4nden, darunter RC-Fahrzeuge, Musikinstrumente, Drohnen, Spielkonsolen, Buntglasarbeiten und Modelleisenbahnen. Dosen bieten in der Regel eine garantierte Haltbarkeit von bis zu 12 Monaten.<\/p>\n<p>Fortschrittliche Formel:<br \/>\nDieses Elektronik-L\u00f6tflussmittel basiert auf einer modernen, REACH-konformen Rezeptur, die die Verarbeitung erleichtert und gleichzeitig sicherer f\u00fcr Gesundheit und Umwelt ist.<\/p>\n<p>Bew\u00e4hrte Effizienz:<br \/>\nUnsere L\u00f6tflussmittelpaste ist reich an Feststoffen, bleibt auf der Leiterplatte ohne zu verlaufen und ist nicht zu dick \u2013 dadurch leichter zu reinigen. Sie fixiert Bauteile zuverl\u00e4ssig und erm\u00f6glicht zugleich deren Neupositionierung mittels Hei\u00dfluft.<\/p>\n<p>Einfache Anwendung:<br \/>\nDas elektronische Flussmittel wird in einer praktischen Spritze geliefert, die pr\u00e4zises Arbeiten erm\u00f6glicht, ohne einen Tropfen zu verschwenden. Das L\u00f6tflussmittel beh\u00e4lt seine stabile Leistung auch bei l\u00e4ngerer Hitzeeinwirkung bei, ohne sich in eine dunkle Masse zu verwandeln.<\/p>\n<p>Hervorragende Klarheit und geringer Geruch:<br \/>\nDie Flussmittelpaste ist wolkenfrei und transluzent, bietet eine ungehinderte Sicht auf L\u00f6tstellen und IC-Pins und erm\u00f6glicht so pr\u00e4ziseres Arbeiten. Das No-Clean-Flux hat einen dezenten, s\u00fc\u00dfen Geruch, der nicht st\u00f6rt. Die klare R\u00fcckstandsmasse enth\u00e4lt QC-Aid zur sofortigen Inspektion von Leiterplattenverunreinigungen. Diese Reinigungshilfe leuchtet unter UV-Licht, sodass verbliebene R\u00fcckst\u00e4nde leicht punktuell gereinigt werden k\u00f6nnen.<\/p>\n","protected":false},"excerpt":{"rendered":"<p>STIRRI konzentriert sich auf innovative L\u00f6sungen f\u00fcr professionelle Anwender und Hobbybastler, die t\u00e4glich l\u00f6ten. Unser No-Clean-L\u00f6tflussmittel f\u00fcr Elektronik erm\u00f6glicht es Ihnen, alles von Elektronik bis hin zu Spielmodellen zu reparieren und zu l\u00f6ten. Die L\u00f6tflussmittelpaste verhindert das Durchschlagen des Kupferspiegels und weist eine sehr geringe elektrochemische Migration von weniger als 1 Dekadenabfall auf. V3 ist [&hellip;]<\/p>\n","protected":false},"featured_media":673813,"template":"","meta":{"ep_exclude_from_search":false},"product_cat":[143],"product_tag":[],"class_list":{"0":"post-666822","1":"product","2":"type-product","3":"status-publish","4":"has-post-thumbnail","6":"product_cat-loetzinn-flussmittel","7":"product_shipping_class-postwarenpost-individuell","8":"pa_rwstirv3-5-g","10":"first","11":"instock","12":"taxable","13":"shipping-taxable","14":"purchasable","15":"product-type-simple"},"_links":{"self":[{"href":"https:\/\/technikrat.de\/en\/wp-json\/wp\/v2\/product\/666822"}],"collection":[{"href":"https:\/\/technikrat.de\/en\/wp-json\/wp\/v2\/product"}],"about":[{"href":"https:\/\/technikrat.de\/en\/wp-json\/wp\/v2\/types\/product"}],"wp:featuredmedia":[{"embeddable":true,"href":"https:\/\/technikrat.de\/en\/wp-json\/wp\/v2\/media\/673813"}],"wp:attachment":[{"href":"https:\/\/technikrat.de\/en\/wp-json\/wp\/v2\/media?parent=666822"}],"wp:term":[{"taxonomy":"product_cat","embeddable":true,"href":"https:\/\/technikrat.de\/en\/wp-json\/wp\/v2\/product_cat?post=666822"},{"taxonomy":"product_tag","embeddable":true,"href":"https:\/\/technikrat.de\/en\/wp-json\/wp\/v2\/product_tag?post=666822"}],"curies":[{"name":"wp","href":"https:\/\/api.w.org\/{rel}","templated":true}]}}