{"id":665085,"date":"2026-04-02T08:47:32","date_gmt":"2026-04-02T06:47:32","guid":{"rendered":""},"modified":"2026-04-04T16:59:35","modified_gmt":"2026-04-04T14:59:35","slug":"polyimid-klebeband-sillikonkleber-269-c-bis-400c-33-meter-breite-8mm","status":"publish","type":"product","link":"https:\/\/technikrat.de\/en\/produkt\/polyimid-klebeband-sillikonkleber-269-c-bis-400c-33-meter-breite-8mm\/","title":{"rendered":"Polyimid Klebeband, Sillikonkleber, -269 \u00b0C bis +400\u00b0C, 33 Meter, Breite 8mm"},"content":{"rendered":"<p>Dieses Polyimid-Band bringt Kontrolle in thermisch anspruchsvolle Prozesse. Beim IR-\/Rework-L\u00f6ten gleichen sich abgedeckte, zuvor spiegelnde Fl\u00e4chen thermisch den \u00fcbrigen PCB-Bereichen an \u2013 weniger IR-Reflexion, mehr Emissivit\u00e4t, gleichm\u00e4\u00dfigere Erw\u00e4rmung. Das reduziert Hotspots, sch\u00fctzt Bauteile und macht Prozesse reproduzierbar. Der w\u00e4rmefeste Silikonkleber h\u00e4lt sicher und l\u00e4sst sich nach dem Einsatz r\u00fcckstandsarm entfernen. 8 mm Breite, 33 m Rollenl\u00e4nge und ca. 0,055 mm Gesamtst\u00e4rke machen das Band zum pr\u00e4zisen Allrounder f\u00fcr PCB-Maskierung, Pulverbeschichtung und 3D-Druck.<\/p>\n<p>Technische Daten:<\/p>\n<p>R\u00fcckstandsfreie Entfernung durch den Einsatz von Sillikonkleber<br \/>\nTemperaturbest\u00e4ndig von -269 \u00b0C bis +400\u00b0C<br \/>\nRollenl\u00e4nge 33 Meter<br \/>\nMaterialst\u00e4rke 0,055 mm<br \/>\nBreite 8mm<\/p>\n","protected":false},"excerpt":{"rendered":"<p>Dieses Polyimid-Band bringt Kontrolle in thermisch anspruchsvolle Prozesse. Beim IR-\/Rework-L\u00f6ten gleichen sich abgedeckte, zuvor spiegelnde Fl\u00e4chen thermisch den \u00fcbrigen PCB-Bereichen an \u2013 weniger IR-Reflexion, mehr Emissivit\u00e4t, gleichm\u00e4\u00dfigere Erw\u00e4rmung. Das reduziert Hotspots, sch\u00fctzt Bauteile und macht Prozesse reproduzierbar. Der w\u00e4rmefeste Silikonkleber h\u00e4lt sicher und l\u00e4sst sich nach dem Einsatz r\u00fcckstandsarm entfernen. 8 mm Breite, 33 m [&hellip;]<\/p>\n","protected":false},"featured_media":665264,"template":"","meta":{"ep_exclude_from_search":false},"product_cat":[141],"product_tag":[],"class_list":{"0":"post-665085","1":"product","2":"type-product","3":"status-publish","4":"has-post-thumbnail","6":"product_cat-rework-bga","7":"product_shipping_class-postgrossbrief-2cm-500g","9":"first","10":"instock","11":"taxable","12":"shipping-taxable","13":"purchasable","14":"product-type-simple"},"_links":{"self":[{"href":"https:\/\/technikrat.de\/en\/wp-json\/wp\/v2\/product\/665085"}],"collection":[{"href":"https:\/\/technikrat.de\/en\/wp-json\/wp\/v2\/product"}],"about":[{"href":"https:\/\/technikrat.de\/en\/wp-json\/wp\/v2\/types\/product"}],"wp:featuredmedia":[{"embeddable":true,"href":"https:\/\/technikrat.de\/en\/wp-json\/wp\/v2\/media\/665264"}],"wp:attachment":[{"href":"https:\/\/technikrat.de\/en\/wp-json\/wp\/v2\/media?parent=665085"}],"wp:term":[{"taxonomy":"product_cat","embeddable":true,"href":"https:\/\/technikrat.de\/en\/wp-json\/wp\/v2\/product_cat?post=665085"},{"taxonomy":"product_tag","embeddable":true,"href":"https:\/\/technikrat.de\/en\/wp-json\/wp\/v2\/product_tag?post=665085"}],"curies":[{"name":"wp","href":"https:\/\/api.w.org\/{rel}","templated":true}]}}