{"id":621942,"date":"2026-03-31T08:44:10","date_gmt":"2026-03-31T06:44:10","guid":{"rendered":"https:\/\/technikratlive.hw.ag\/produkt\/bernstein-lwl-praezisions-abisolierer-o-02-025-mm-glasfaser-o-0125-mm\/"},"modified":"2026-04-04T17:27:50","modified_gmt":"2026-04-04T15:27:50","slug":"lwl-praezisions-abisolierer-o-02-025mm-glasfaser-o-0125mm","status":"publish","type":"product","link":"https:\/\/technikrat.de\/en\/produkt\/lwl-praezisions-abisolierer-o-02-025mm-glasfaser-o-0125mm\/","title":{"rendered":"Amber fiber optic precision stripper \u00d8 0.2-0.25 mm Fiber optic \u00d8 0.125 mm"},"content":{"rendered":"<p>Bernstein fiber optic precision stripper \u00d8 0.2-0.25 mm Glass fiber \u00d8 0.125 mm<\/p>","protected":false},"excerpt":{"rendered":"<p>Bernstein fiber optic precision stripper \u00d8 0.2-0.25 mm Glass fiber \u00d8 0.125 mm<\/p>\n","protected":false},"featured_media":657400,"template":"","meta":{"ep_exclude_from_search":false},"product_cat":[120],"product_tag":[],"class_list":{"0":"post-621942","1":"product","2":"type-product","3":"status-publish","4":"has-post-thumbnail","6":"product_cat-abisolierwerkzeug","7":"product_shipping_class-paket","9":"first","10":"onbackorder","11":"taxable","12":"shipping-taxable","13":"purchasable","14":"product-type-simple"},"_links":{"self":[{"href":"https:\/\/technikrat.de\/en\/wp-json\/wp\/v2\/product\/621942"}],"collection":[{"href":"https:\/\/technikrat.de\/en\/wp-json\/wp\/v2\/product"}],"about":[{"href":"https:\/\/technikrat.de\/en\/wp-json\/wp\/v2\/types\/product"}],"wp:featuredmedia":[{"embeddable":true,"href":"https:\/\/technikrat.de\/en\/wp-json\/wp\/v2\/media\/657400"}],"wp:attachment":[{"href":"https:\/\/technikrat.de\/en\/wp-json\/wp\/v2\/media?parent=621942"}],"wp:term":[{"taxonomy":"product_cat","embeddable":true,"href":"https:\/\/technikrat.de\/en\/wp-json\/wp\/v2\/product_cat?post=621942"},{"taxonomy":"product_tag","embeddable":true,"href":"https:\/\/technikrat.de\/en\/wp-json\/wp\/v2\/product_tag?post=621942"}],"curies":[{"name":"wp","href":"https:\/\/api.w.org\/{rel}","templated":true}]}}