{"id":5642,"date":"2026-04-20T16:42:56","date_gmt":"2026-04-20T14:42:56","guid":{"rendered":"https:\/\/technikratlive.hw.ag\/produkt\/a-s-sat-mast-montageset-ii-verdrehsicher-verzinkt-ziegelrot\/"},"modified":"2026-04-21T13:24:07","modified_gmt":"2026-04-21T11:24:07","slug":"a-s-sat-mast-montageset-ii-verdrehsicher-verzinkt-ziegelrot","status":"publish","type":"product","link":"https:\/\/technikrat.de\/en\/produkt\/a-s-sat-mast-montageset-ii-verdrehsicher-verzinkt-ziegelrot\/","title":{"rendered":"A.S.SAT Pole mounting set II, twist-proof, galvanized, brick red"},"content":{"rendered":"<p>Pole mounting kit for waterproof attachment of a pole to rafters \/ without roof tiles.<\/p>\n<p>Consisting of:<\/p>\n<p>&#8211; 1 x rubber grommet for masts \u00d8 38 to 60 mm, brick red<br \/>\n&#8211; 1 x mast base for masts up to \u00d8 60 mm<br \/>\n&#8211; 1 x solid universal mast clamp for masts from \u00d8 38 to 60 mm<br \/>\n&#8211; 1 x mast cap for pipes<br \/>\n&#8211; 6 x wood screws 8 x 50 mm<\/p>\n<p>Technical data:<\/p>\n<p>&#8211; Material: Mast base, mast clamps, and screws &#8211; Steel, electro-galvanized<br \/>\n&#8211; Mast cap &#8211; UV-resistant plastic<br \/>\n&#8211; Rubber grommet &#8211; UV-resistant rubber compound, brick red<br \/>\n&#8211; Suitable for poles up to \u00d8 60 mm<\/p>","protected":false},"excerpt":{"rendered":"<p>Pole mounting kit for waterproof attachment of a pole to rafters \/ without roof tiles. Consisting of: &#8211; 1 x rubber grommet for masts \u00d8 38 to 60 mm, brick red &#8211; 1 x mast base for masts up to \u00d8 60 mm &#8211; 1 x solid universal mast clamp for masts from \u00d8 38 [&hellip;]<\/p>\n","protected":false},"featured_media":656553,"template":"","meta":{"ep_exclude_from_search":false},"product_cat":[220],"product_tag":[],"class_list":{"0":"post-5642","1":"product","2":"type-product","3":"status-publish","4":"has-post-thumbnail","6":"product_cat-montagezubehoer","7":"product_shipping_class-paket","9":"first","10":"instock","11":"sale","12":"taxable","13":"shipping-taxable","14":"purchasable","15":"product-type-simple"},"_links":{"self":[{"href":"https:\/\/technikrat.de\/en\/wp-json\/wp\/v2\/product\/5642"}],"collection":[{"href":"https:\/\/technikrat.de\/en\/wp-json\/wp\/v2\/product"}],"about":[{"href":"https:\/\/technikrat.de\/en\/wp-json\/wp\/v2\/types\/product"}],"wp:featuredmedia":[{"embeddable":true,"href":"https:\/\/technikrat.de\/en\/wp-json\/wp\/v2\/media\/656553"}],"wp:attachment":[{"href":"https:\/\/technikrat.de\/en\/wp-json\/wp\/v2\/media?parent=5642"}],"wp:term":[{"taxonomy":"product_cat","embeddable":true,"href":"https:\/\/technikrat.de\/en\/wp-json\/wp\/v2\/product_cat?post=5642"},{"taxonomy":"product_tag","embeddable":true,"href":"https:\/\/technikrat.de\/en\/wp-json\/wp\/v2\/product_tag?post=5642"}],"curies":[{"name":"wp","href":"https:\/\/api.w.org\/{rel}","templated":true}]}}