{"id":56045,"date":"2026-04-04T08:44:52","date_gmt":"2026-04-04T06:44:52","guid":{"rendered":""},"modified":"2026-04-04T17:03:36","modified_gmt":"2026-04-04T15:03:36","slug":"esd-stiftschluessel-schraubendreher-satz-6-tlg-inkl-esd-werkzeughalter","status":"publish","type":"product","link":"https:\/\/technikrat.de\/en\/produkt\/esd-stiftschluessel-schraubendreher-satz-6-tlg-inkl-esd-werkzeughalter\/","title":{"rendered":"ESD Stiftschl\u00fcssel-Schraubendreher Satz 6 tlg (inkl ESD Werkzeughalter)"},"content":{"rendered":"<p>ESD Stiftschl\u00fcssel-Schraubendreher Satz 6 tlg (inkl ESD Werkzeughalter)<\/p>\n<p>&#8211; ableitf\u00e4higer ESD Griff mit Drehkappe (Leitwert 10^5 bis 10^7 Ohm)<br \/>\n&#8211; Halter aus stabilem Stahlblech, ESD ableitf\u00e4hig beschichtet<br \/>\n&#8211; Stiftschl\u00fcssel 0.7-0.9-1.3-1.5-2.0-2.5 mm<br \/>\n&#8211; Klingenmaterial Chrom-Vanadium-Molybd\u00e4n Stahl, matt verchromt<br \/>\n&#8211; Spitze br\u00fcniert schwarz, gefertigt nach DIN ISO<br \/>\n&#8211; Ma\u00dfe 125 x 70 x 55 mm<br \/>\n&#8211; Gewicht 262 g<\/p>\n<p>Anwendungsbereich<\/p>\n<p>F\u00fcr alle Arbeiten an elektrostatisch gef\u00e4hrdeten Bauteilen. Die Klingen sind aus Qualit\u00e4tsstahl gefertigt um Verdreh Sicherheit &#8211; bei maximaler Beanspruchung &#8211; zu gew\u00e4hrleisten. Die Spitzen sind aus Gr\u00fcnden der Ma\u00dfhaltigkeit und zur Vermeidung von Chromabsplitterung br\u00fcniert (au\u00dfer Steckschl\u00fcssel). Die Drehkappe ist leichtg\u00e4ngig und erm\u00f6glicht trotz Andrehdruck den Schraubendreher in Position zu halten. Dank des ergonomisch geformten Griffs liegt der Schraubendreher perfekt in der Hand.<\/p>\n<p>Technische Produktbeschreibung<\/p>\n<p>Der ergonomische Handgriff des Schraubendrehers besteht aus ESD Kunststoff (PP schwarz) und hat einem Oberfl\u00e4chenwiderstand von 10^5 bis 10^7 Ohm. Die matt verchromte Klinge ist aus hochwertigem Chrom-Molybd\u00e4n-Stahl (H\u00e4rtegrad gr\u00f6\u00dfer als 55 HRC) nach DIN ISO gefertigt und \u00fcber die gesamte L\u00e4nge geh\u00e4rtet.<br \/>\nAllgemeine Informationen<\/p>\n<p>BERNSTEIN bietet ESD-Schraubendreher L\u00f6sungen f\u00fcr alle g\u00e4ngigen Schraubk\u00f6pfe an. Insbesondere f\u00fcr elektrotechnische Anwendungen, wie das Arbeiten an gesch\u00fctzten Ger\u00e4ten, sensiblen Schaltungen und Verbindungen. Alle BERNSTEIN ESD Schraubendreher sind EPA geeignet und werden, als sichere Methode um elektrostatische Aufladung abzuleiten, beim Arbeiten in gesch\u00fctzten Bereichen (ESD Arbeitsplatz\/ESD Schutzzone) eingesetzt.<br \/>\nInhalt<\/p>\n<p>Sechskant Stiftschl\u00fcssel Satz bestehend aus:<\/p>\n<p>&#8211; 4-600-0 ESD Werkzeughalter f\u00fcr Schraubendreher<br \/>\n&#8211; 6-631 ESD Stiftschl\u00fcssel Sechskant 0,7 mm<br \/>\n&#8211; 6-632 ESD Stiftschl\u00fcssel Sechskant 0,9 mm<br \/>\n&#8211; 6-633 ESD Stiftschl\u00fcssel Sechskant 1,3 mm<br \/>\n&#8211; 6-634 ESD Stiftschl\u00fcssel Sechskant 1,5 mm<br \/>\n&#8211; 6-635 ESD Stiftschl\u00fcssel Sechskant 2,0 mm<br \/>\n&#8211; 6-636 ESD Stiftschl\u00fcssel Sechskant 2,5 mm<\/p>\n","protected":false},"excerpt":{"rendered":"<p>ESD Stiftschl\u00fcssel-Schraubendreher Satz 6 tlg (inkl ESD Werkzeughalter) &#8211; ableitf\u00e4higer ESD Griff mit Drehkappe (Leitwert 10^5 bis 10^7 Ohm) &#8211; Halter aus stabilem Stahlblech, ESD ableitf\u00e4hig beschichtet &#8211; Stiftschl\u00fcssel 0.7-0.9-1.3-1.5-2.0-2.5 mm &#8211; Klingenmaterial Chrom-Vanadium-Molybd\u00e4n Stahl, matt verchromt &#8211; Spitze br\u00fcniert schwarz, gefertigt nach DIN ISO &#8211; Ma\u00dfe 125 x 70 x 55 mm &#8211; Gewicht [&hellip;]<\/p>\n","protected":false},"featured_media":657504,"template":"","meta":{"ep_exclude_from_search":false},"product_cat":[118,112,109],"product_tag":[],"class_list":{"0":"post-56045","1":"product","2":"type-product","3":"status-publish","4":"has-post-thumbnail","6":"product_cat-esd-werkzeuge","7":"product_cat-schraubwerkzeug","8":"product_cat-werkzeugsets","9":"product_shipping_class-paket","11":"first","12":"onbackorder","13":"taxable","14":"shipping-taxable","15":"purchasable","16":"product-type-simple"},"_links":{"self":[{"href":"https:\/\/technikrat.de\/en\/wp-json\/wp\/v2\/product\/56045"}],"collection":[{"href":"https:\/\/technikrat.de\/en\/wp-json\/wp\/v2\/product"}],"about":[{"href":"https:\/\/technikrat.de\/en\/wp-json\/wp\/v2\/types\/product"}],"wp:featuredmedia":[{"embeddable":true,"href":"https:\/\/technikrat.de\/en\/wp-json\/wp\/v2\/media\/657504"}],"wp:attachment":[{"href":"https:\/\/technikrat.de\/en\/wp-json\/wp\/v2\/media?parent=56045"}],"wp:term":[{"taxonomy":"product_cat","embeddable":true,"href":"https:\/\/technikrat.de\/en\/wp-json\/wp\/v2\/product_cat?post=56045"},{"taxonomy":"product_tag","embeddable":true,"href":"https:\/\/technikrat.de\/en\/wp-json\/wp\/v2\/product_tag?post=56045"}],"curies":[{"name":"wp","href":"https:\/\/api.w.org\/{rel}","templated":true}]}}