{"id":541,"date":"2026-04-08T08:41:44","date_gmt":"2026-04-08T06:41:44","guid":{"rendered":""},"modified":"2026-04-08T21:01:55","modified_gmt":"2026-04-08T19:01:55","slug":"ersa-analog-60-loetstation-60w","status":"publish","type":"product","link":"https:\/\/technikrat.de\/en\/produkt\/ersa-analog-60-loetstation-60w\/","title":{"rendered":"ERSA ANALOG 60  L\u00f6tstation 60W"},"content":{"rendered":"<p>L\u00f6tstation ERSA ANALOG 60<\/p>\n<p>Die Basis-L\u00f6tstation mit industriebew\u00e4hrter Technik<br \/>\nDie L\u00f6tstation besteht aus:<br \/>\n&#8211; Elektronikstation (0ANA603)<br \/>\n&#8211; L\u00f6tkolben Basic-Tool 60 60W (0670CDJ)<br \/>\n&#8211; 2,2 mm mei\u00dfelf\u00f6rmige ERSADUR-L\u00f6tspitze (0832CDLF)<br \/>\n&#8211; Ablagest\u00e4nder f\u00fcr L\u00f6tkolben (0A42)<\/p>\n<p>Die elektronisch temperaturgeregelte L\u00f6tstation ERSA ANALOG 60 ist das Basismodell der L\u00f6tstationenserie von ERSA. Hohe Anheizleistung von 190 Watt gew\u00e4hrleistet schnelles Auf- und Nachheizen. Das keramische PTC-Heizelement \u00fcbernimmt bei der ERSA RESISTRONIC-Temperaturregelungstechnik die Funktion des Temperaturf\u00fchlers. Die justierbare Regelung erm\u00f6glicht eine exakte Einstellung der von innen beheizten ERSADUR-Dauerl\u00f6tspitzen mit Verdrehschutz. Die L\u00f6tspitze ist hochohmig mit der frontseitig angeordneten Potentialausgleichsbuchse verbunden. Der multifunktionale Ablagest\u00e4nder mit Schwammbeh\u00e4lter dient gleichzeitig als Spitzenhalter.<\/p>\n","protected":false},"excerpt":{"rendered":"<p>L\u00f6tstation ERSA ANALOG 60 Die Basis-L\u00f6tstation mit industriebew\u00e4hrter Technik Die L\u00f6tstation besteht aus: &#8211; Elektronikstation (0ANA603) &#8211; L\u00f6tkolben Basic-Tool 60 60W (0670CDJ) &#8211; 2,2 mm mei\u00dfelf\u00f6rmige ERSADUR-L\u00f6tspitze (0832CDLF) &#8211; Ablagest\u00e4nder f\u00fcr L\u00f6tkolben (0A42) Die elektronisch temperaturgeregelte L\u00f6tstation ERSA ANALOG 60 ist das Basismodell der L\u00f6tstationenserie von ERSA. Hohe Anheizleistung von 190 Watt gew\u00e4hrleistet schnelles Auf- [&hellip;]<\/p>\n","protected":false},"featured_media":654921,"template":"","meta":{"ep_exclude_from_search":false},"product_cat":[144],"product_tag":[],"class_list":{"0":"post-541","1":"product","2":"type-product","3":"status-publish","4":"has-post-thumbnail","6":"product_cat-loetstationen","7":"product_shipping_class-paket","9":"first","10":"instock","11":"taxable","12":"shipping-taxable","13":"purchasable","14":"product-type-simple"},"_links":{"self":[{"href":"https:\/\/technikrat.de\/en\/wp-json\/wp\/v2\/product\/541"}],"collection":[{"href":"https:\/\/technikrat.de\/en\/wp-json\/wp\/v2\/product"}],"about":[{"href":"https:\/\/technikrat.de\/en\/wp-json\/wp\/v2\/types\/product"}],"wp:featuredmedia":[{"embeddable":true,"href":"https:\/\/technikrat.de\/en\/wp-json\/wp\/v2\/media\/654921"}],"wp:attachment":[{"href":"https:\/\/technikrat.de\/en\/wp-json\/wp\/v2\/media?parent=541"}],"wp:term":[{"taxonomy":"product_cat","embeddable":true,"href":"https:\/\/technikrat.de\/en\/wp-json\/wp\/v2\/product_cat?post=541"},{"taxonomy":"product_tag","embeddable":true,"href":"https:\/\/technikrat.de\/en\/wp-json\/wp\/v2\/product_tag?post=541"}],"curies":[{"name":"wp","href":"https:\/\/api.w.org\/{rel}","templated":true}]}}