{"id":425539,"date":"2026-04-04T08:45:30","date_gmt":"2026-04-04T06:45:30","guid":{"rendered":""},"modified":"2026-04-04T17:04:01","modified_gmt":"2026-04-04T15:04:01","slug":"hdmi-verteiler-fuer-4-geraete-4k2k-60hz","status":"publish","type":"product","link":"https:\/\/technikrat.de\/en\/produkt\/hdmi-verteiler-fuer-4-geraete-4k2k-60hz\/","title":{"rendered":"HDMI Verteiler f\u00fcr 4 Ger\u00e4te 4K2K, 60Hz"},"content":{"rendered":"<p>HDMI Verteiler 1x HDMI-Quelle auf 4 HDMI-Ausg\u00e4nge bis 4K2K<\/p>\n<p>Mit diesem Verteiler zeigen Sie Ihr HDMI-Signal (z.B. vom Receiver oder DVD-Player) auf vier Ausgabeger\u00e4ten (TV, Monitor, Beamer) gleichzeitig an.<\/p>\n<p>&#8211; 1x HDMI Eingang, 4x HDMI-Ausgang<br \/>\n&#8211; Anschlussart: HDMI 19 PIN Typ A,<br \/>\n&#8211; 4K2K<br \/>\n&#8211; volle 3D<br \/>\n&#8211; 12 Bit Deep Color, High Definition Audio Lossless<br \/>\n&#8211; kompatibel mit HDCP Rev. 1.3<br \/>\n&#8211; Plug and Play<br \/>\n&#8211; gro\u00dfer Frequenzbereich: 25 MHz &#8211; 340 MHz<br \/>\n&#8211; unterst\u00fctzt LPCM 7.1-Kanal und DTS-HD Master Audio<br \/>\n&#8211; unterst\u00fctzt HDTV Aufl\u00f6sungen bis 4K2K<br \/>\n&#8211; unterst\u00fctzt 1080p bei 60 Hz<br \/>\n&#8211; inkl. Netzteil<\/p>\n","protected":false},"excerpt":{"rendered":"<p>HDMI Verteiler 1x HDMI-Quelle auf 4 HDMI-Ausg\u00e4nge bis 4K2K Mit diesem Verteiler zeigen Sie Ihr HDMI-Signal (z.B. vom Receiver oder DVD-Player) auf vier Ausgabeger\u00e4ten (TV, Monitor, Beamer) gleichzeitig an. &#8211; 1x HDMI Eingang, 4x HDMI-Ausgang &#8211; Anschlussart: HDMI 19 PIN Typ A, &#8211; 4K2K &#8211; volle 3D &#8211; 12 Bit Deep Color, High Definition Audio [&hellip;]<\/p>\n","protected":false},"featured_media":658495,"template":"","meta":{"ep_exclude_from_search":false},"product_cat":[158],"product_tag":[],"class_list":{"0":"post-425539","1":"product","2":"type-product","3":"status-publish","4":"has-post-thumbnail","6":"product_cat-audio-video","7":"product_shipping_class-paket","9":"first","10":"instock","11":"taxable","12":"shipping-taxable","13":"purchasable","14":"product-type-simple"},"_links":{"self":[{"href":"https:\/\/technikrat.de\/en\/wp-json\/wp\/v2\/product\/425539"}],"collection":[{"href":"https:\/\/technikrat.de\/en\/wp-json\/wp\/v2\/product"}],"about":[{"href":"https:\/\/technikrat.de\/en\/wp-json\/wp\/v2\/types\/product"}],"wp:featuredmedia":[{"embeddable":true,"href":"https:\/\/technikrat.de\/en\/wp-json\/wp\/v2\/media\/658495"}],"wp:attachment":[{"href":"https:\/\/technikrat.de\/en\/wp-json\/wp\/v2\/media?parent=425539"}],"wp:term":[{"taxonomy":"product_cat","embeddable":true,"href":"https:\/\/technikrat.de\/en\/wp-json\/wp\/v2\/product_cat?post=425539"},{"taxonomy":"product_tag","embeddable":true,"href":"https:\/\/technikrat.de\/en\/wp-json\/wp\/v2\/product_tag?post=425539"}],"curies":[{"name":"wp","href":"https:\/\/api.w.org\/{rel}","templated":true}]}}