{"id":425528,"date":"2026-04-02T08:46:21","date_gmt":"2026-04-02T06:46:21","guid":{"rendered":""},"modified":"2026-04-04T17:05:01","modified_gmt":"2026-04-04T15:05:01","slug":"damenarbeitsmantel-%c2%be-lang-figurbetont-gletscherblau-mit-epa-pruefprotokoll-groesse-xxxl","status":"publish","type":"product","link":"https:\/\/technikrat.de\/en\/produkt\/damenarbeitsmantel-%c2%be-lang-figurbetont-gletscherblau-mit-epa-pruefprotokoll-groesse-xxxl\/","title":{"rendered":"Damenarbeitsmantel \u00be lang, figurbetont, gletscherblau, mit EPA-Pr\u00fcfprotokoll, Gr\u00f6\u00dfe: XXXL"},"content":{"rendered":"<p>ESD- Damenarbeitsmantel \u00be lang, leicht figurbetont durch Teilungsn\u00e4hte, mit EPA-Pr\u00fcfprotokoll, aus besonders leichtem und strapazierf\u00e4higem Gewebe, 3 hochwertigen Leistentaschen und EPA-Logo.<br \/>\nAufwendig verarbeitet mit verdeckter Druckknopfleiste an Front und verstellbarer \u00c4rmelweite durch Druckknopf sowie bequemen Gehschlitzen in den Seitenn\u00e4hten.<\/p>\n<p>Besonders geeignet als EPA-Kleidung. Dieses wurde auch vom s\u00e4chsischen Textilforschungsintsitut e.V. Chemnitz best\u00e4tigt. In der Kombination mit dem derzeit h\u00f6chsten Zertifikat f\u00fcr schadstofffreies Gewebe genie\u00dfen Sie h\u00f6chsten Schutz f\u00fcr sich und Ihren Arbeitsplatz. Unser Fokus liegt auf Haltbarkeit und Tragekomfort.<\/p>\n<p>&#8211; Modell: MARA<br \/>\n&#8211; Gr\u00f6\u00dfe: XXXL<br \/>\n&#8211; Farbe: gletscherblau, mit EPA-Logo<br \/>\n&#8211; Typ: \u00be lang mit Reverskragen und Teilungsn\u00e4hten, leicht figurbetont<br \/>\n&#8211; Taschen: 3 Leistentaschen<br \/>\n&#8211; verdeckte Druckknopfleiste an Front<br \/>\n&#8211; verstellbare \u00c4rmelweite durch Druckknopf<br \/>\n&#8211; bequeme Gehschlitze in Seitenn\u00e4hten<\/p>\n<p>&#8211; Gewebe: Startec Carbon 150 g\/m\u00b2 58% Polyester 41% Baumwolle 1% Kohlenstofffaser<br \/>\n&#8211; zertifiziert nach Standard 100, schadstoffgepr\u00fcft<br \/>\n&#8211; bluesign  APPROVED Gewebe, giftfrei<br \/>\n&#8211; waschbar 95\u00b0C und Industriew\u00e4sche geeignet<\/p>\n","protected":false},"excerpt":{"rendered":"<p>ESD- Damenarbeitsmantel \u00be lang, leicht figurbetont durch Teilungsn\u00e4hte, mit EPA-Pr\u00fcfprotokoll, aus besonders leichtem und strapazierf\u00e4higem Gewebe, 3 hochwertigen Leistentaschen und EPA-Logo. Aufwendig verarbeitet mit verdeckter Druckknopfleiste an Front und verstellbarer \u00c4rmelweite durch Druckknopf sowie bequemen Gehschlitzen in den Seitenn\u00e4hten. Besonders geeignet als EPA-Kleidung. Dieses wurde auch vom s\u00e4chsischen Textilforschungsintsitut e.V. Chemnitz best\u00e4tigt. In der Kombination [&hellip;]<\/p>\n","protected":false},"featured_media":660163,"template":"","meta":{"ep_exclude_from_search":false},"product_cat":[134],"product_tag":[],"class_list":{"0":"post-425528","1":"product","2":"type-product","3":"status-publish","4":"has-post-thumbnail","6":"product_cat-kittel","7":"product_shipping_class-postwarenpost-individuell","9":"first","10":"instock","11":"taxable","12":"shipping-taxable","13":"purchasable","14":"product-type-simple"},"_links":{"self":[{"href":"https:\/\/technikrat.de\/en\/wp-json\/wp\/v2\/product\/425528"}],"collection":[{"href":"https:\/\/technikrat.de\/en\/wp-json\/wp\/v2\/product"}],"about":[{"href":"https:\/\/technikrat.de\/en\/wp-json\/wp\/v2\/types\/product"}],"wp:featuredmedia":[{"embeddable":true,"href":"https:\/\/technikrat.de\/en\/wp-json\/wp\/v2\/media\/660163"}],"wp:attachment":[{"href":"https:\/\/technikrat.de\/en\/wp-json\/wp\/v2\/media?parent=425528"}],"wp:term":[{"taxonomy":"product_cat","embeddable":true,"href":"https:\/\/technikrat.de\/en\/wp-json\/wp\/v2\/product_cat?post=425528"},{"taxonomy":"product_tag","embeddable":true,"href":"https:\/\/technikrat.de\/en\/wp-json\/wp\/v2\/product_tag?post=425528"}],"curies":[{"name":"wp","href":"https:\/\/api.w.org\/{rel}","templated":true}]}}