{"id":425463,"date":"2026-04-04T08:44:29","date_gmt":"2026-04-04T06:44:29","guid":{"rendered":""},"modified":"2026-04-04T17:03:12","modified_gmt":"2026-04-04T15:03:12","slug":"bernstein-drehmoment-adapter-0-5nm-fuer-1-4-zoll-bits","status":"publish","type":"product","link":"https:\/\/technikrat.de\/en\/produkt\/bernstein-drehmoment-adapter-0-5nm-fuer-1-4-zoll-bits\/","title":{"rendered":"Bernstein Drehmoment-Adapter 0.5Nm f\u00fcr 1\/4 Zoll Bits"},"content":{"rendered":"<p>Bernstein  Drehmoment-Adapter 0.5Nm f\u00fcr 1\/4 Zoll Bits<\/p>\n<p>    voreingestellter Drehmoment<br \/>\n    Toleranz +\/-10% (+\/-6% auf Anfrage)<br \/>\n    pr\u00e4zise und genau, f\u00fcr mindestens 20.000 Klicks<br \/>\n    In Verbindung mit Elektrowerkzeug max. Drehzahl 100 U\/min.<br \/>\n    6-kt. Schaft 6,35 mm (1\/4 Zoll)<br \/>\n    Magnet Bitaufnahme 6,35 mm (1\/4 Zoll)<br \/>\n    Anziehdrehmoment 0.5 Nm \/ 5.1 Kgfcm \/ 4.4 in-lb<br \/>\n    Adapter \u00d8 10 mm<br \/>\n    gefertigt nachDIN 3126<br \/>\n    Material legierter Stahl<br \/>\n    Adapter L\u00e4nge 24,5 mm (ohne Schaft)<br \/>\n    Gesamtl\u00e4nge 34.5 mm<br \/>\n    Gewicht 15 g<\/p>\n<p>Anwendungsbereich<\/p>\n<p>Der Drehmomentwert ist im Adapter voreingestellt und kann zwischen jedem handels\u00fcblichen Haltewerkzeug und einem 1\/4 Zoll Bit gespannt werden. So wird aus jedem Bit-Halter ein Drehmoment-Schraubendreher.<br \/>\nTechnische Produktbeschreibung<\/p>\n<p>Pr\u00e4zise und genau, f\u00fcr 20.000 Klicks. Adapter sind vorrangig f\u00fcr den Handbetrieb geeignet. In Verbindung mit Elektrowerkzeug empfehlen wir max. eine Drehzahl von 100 U\/min, bei minimaler Klick-Wiederholung. H\u00f6here Drehzahl als Sonderanfertigung m\u00f6glich, bitte sprechen Sie uns an!<br \/>\nAllgemeine Informationen<\/p>\n<p>Machen Sie aus Ihren Bits und einem Halter Ihr perfektes Drehmomentwerkzeug. Komfortabel kombinierbar mit voreingestelltem Drehmoment zum Anziehen oder L\u00f6sen. Diese hochpr\u00e4zisen Feinwerkzeuge sind von 0,2 bis 0,5 Nm erh\u00e4ltlich und werden in Kombination mit 1\/4 Zoll Bits verwendet. Oft als Komplettl\u00f6sung f\u00fcr Arbeiten an elektronischen Ger\u00e4ten, in Schnellwechselsystemen, Roboterstationen, Luft- und Raumfahrt, Medizintechnik oder einfach an jeder Werkbank, wo immer das exakte Drehmoment ben\u00f6tigt wird. Das Klickger\u00e4usch zeigt an, wenn das Drehmoment erreicht ist, sodass der Adapter nicht \u00fcberdreht werden kann. Beim L\u00f6sen von Schrauben findet keine Drehmomententriegelung (aufgrund der blockierten Kernwelle) statt, somit ist kein zus\u00e4tzliches L\u00f6sewerkzeug erforderlich.<\/p>\n","protected":false},"excerpt":{"rendered":"<p>Bernstein Drehmoment-Adapter 0.5Nm f\u00fcr 1\/4 Zoll Bits voreingestellter Drehmoment Toleranz +\/-10% (+\/-6% auf Anfrage) pr\u00e4zise und genau, f\u00fcr mindestens 20.000 Klicks In Verbindung mit Elektrowerkzeug max. Drehzahl 100 U\/min. 6-kt. Schaft 6,35 mm (1\/4 Zoll) Magnet Bitaufnahme 6,35 mm (1\/4 Zoll) Anziehdrehmoment 0.5 Nm \/ 5.1 Kgfcm \/ 4.4 in-lb Adapter \u00d8 10 mm gefertigt [&hellip;]<\/p>\n","protected":false},"featured_media":657094,"template":"","meta":{"ep_exclude_from_search":false},"product_cat":[108],"product_tag":[],"class_list":{"0":"post-425463","1":"product","2":"type-product","3":"status-publish","4":"has-post-thumbnail","6":"product_cat-werkzeugzubehoer","7":"product_shipping_class-paket","9":"first","10":"onbackorder","11":"taxable","12":"shipping-taxable","13":"purchasable","14":"product-type-simple"},"_links":{"self":[{"href":"https:\/\/technikrat.de\/en\/wp-json\/wp\/v2\/product\/425463"}],"collection":[{"href":"https:\/\/technikrat.de\/en\/wp-json\/wp\/v2\/product"}],"about":[{"href":"https:\/\/technikrat.de\/en\/wp-json\/wp\/v2\/types\/product"}],"wp:featuredmedia":[{"embeddable":true,"href":"https:\/\/technikrat.de\/en\/wp-json\/wp\/v2\/media\/657094"}],"wp:attachment":[{"href":"https:\/\/technikrat.de\/en\/wp-json\/wp\/v2\/media?parent=425463"}],"wp:term":[{"taxonomy":"product_cat","embeddable":true,"href":"https:\/\/technikrat.de\/en\/wp-json\/wp\/v2\/product_cat?post=425463"},{"taxonomy":"product_tag","embeddable":true,"href":"https:\/\/technikrat.de\/en\/wp-json\/wp\/v2\/product_tag?post=425463"}],"curies":[{"name":"wp","href":"https:\/\/api.w.org\/{rel}","templated":true}]}}