{"id":4074,"date":"2026-04-04T08:41:50","date_gmt":"2026-04-04T06:41:50","guid":{"rendered":""},"modified":"2026-04-07T21:02:19","modified_gmt":"2026-04-07T19:02:19","slug":"dauerloetspitze-fuer-3205-ts2300-gerade-meisselfoermig-35mm-breit","status":"publish","type":"product","link":"https:\/\/technikrat.de\/en\/produkt\/dauerloetspitze-fuer-3205-ts2300-gerade-meisselfoermig-35mm-breit\/","title":{"rendered":"Dauerl\u00f6tspitze f\u00fcr 3205\/TS2300, gerade, mei\u00dfelf\u00f6rmig, 3,5mm breit"},"content":{"rendered":"<p>Form: gerade, mei\u00dfelf\u00f6rmig<br \/>\nBreite: 3,5 mm<\/p>\n<p>Die original Quick Dauerl\u00f6tspitzen sind das ideale Zubeh\u00f6r zu Ihrer Quick 3205 ESD &#038; Quick TS2300 ESD L\u00f6tstationen.<br \/>\nSie werden in hochmodernen Fertigungsverfahren unter dem Anspruch an geringste Fertigungstoleranzen hergestellt.<br \/>\nDie Kombination aus Hochfrequenz-Heizelement Ihrer L\u00f6tstation in Verbindung mit der innenbeheizten Bauform der L\u00f6tspitzen erreicht sehr schnelle Aufheizzeiten und ein pr\u00e4zises Nachheizen im L\u00f6tprozess.<br \/>\nMit Hilfe der gro\u00dfen Auswahl an unterschiedlichen Formen finden Sie f\u00fcr jede Aufgabe die richtige L\u00f6tspitze.<\/p>\n","protected":false},"excerpt":{"rendered":"<p>Form: gerade, mei\u00dfelf\u00f6rmig Breite: 3,5 mm Die original Quick Dauerl\u00f6tspitzen sind das ideale Zubeh\u00f6r zu Ihrer Quick 3205 ESD &#038; Quick TS2300 ESD L\u00f6tstationen. Sie werden in hochmodernen Fertigungsverfahren unter dem Anspruch an geringste Fertigungstoleranzen hergestellt. Die Kombination aus Hochfrequenz-Heizelement Ihrer L\u00f6tstation in Verbindung mit der innenbeheizten Bauform der L\u00f6tspitzen erreicht sehr schnelle Aufheizzeiten und [&hellip;]<\/p>\n","protected":false},"featured_media":655603,"template":"","meta":{"ep_exclude_from_search":false},"product_cat":[146],"product_tag":[],"class_list":{"0":"post-4074","1":"product","2":"type-product","3":"status-publish","4":"has-post-thumbnail","6":"product_cat-loetspitzen","7":"product_shipping_class-postwarenpost-individuell","9":"first","10":"instock","11":"taxable","12":"shipping-taxable","13":"purchasable","14":"product-type-simple"},"_links":{"self":[{"href":"https:\/\/technikrat.de\/en\/wp-json\/wp\/v2\/product\/4074"}],"collection":[{"href":"https:\/\/technikrat.de\/en\/wp-json\/wp\/v2\/product"}],"about":[{"href":"https:\/\/technikrat.de\/en\/wp-json\/wp\/v2\/types\/product"}],"wp:featuredmedia":[{"embeddable":true,"href":"https:\/\/technikrat.de\/en\/wp-json\/wp\/v2\/media\/655603"}],"wp:attachment":[{"href":"https:\/\/technikrat.de\/en\/wp-json\/wp\/v2\/media?parent=4074"}],"wp:term":[{"taxonomy":"product_cat","embeddable":true,"href":"https:\/\/technikrat.de\/en\/wp-json\/wp\/v2\/product_cat?post=4074"},{"taxonomy":"product_tag","embeddable":true,"href":"https:\/\/technikrat.de\/en\/wp-json\/wp\/v2\/product_tag?post=4074"}],"curies":[{"name":"wp","href":"https:\/\/api.w.org\/{rel}","templated":true}]}}