{"id":3767,"date":"2026-04-13T12:51:51","date_gmt":"2026-04-13T10:51:51","guid":{"rendered":"https:\/\/technikratlive.hw.ag\/produkt\/kombibodenduese-comfort-pro-mit-hochwertiger-kunststoffgleitsohle-fuer-sebo-k-g-und-c-geraete\/"},"modified":"2026-04-25T21:26:55","modified_gmt":"2026-04-25T19:26:55","slug":"kombibodenduese-comfort-pro-mit-hochwertiger-kunststoffgleitsohle-fuer-sebo-k-g-und-c-geraete","status":"publish","type":"product","link":"https:\/\/technikrat.de\/en\/produkt\/kombibodenduese-comfort-pro-mit-hochwertiger-kunststoffgleitsohle-fuer-sebo-k-g-und-c-geraete\/","title":{"rendered":"(Deutsch) Kombibodend\u00fcse COMFORT PRO mit hochwertiger Kunststoffgleitsohle f\u00fcr Sebo K-, G-, und C-Ger\u00e4te"},"content":{"rendered":"<p>SEBO Kombibodend\u00fcse mit hochwertiger Kunststoffgleitsohle f\u00fcr Sebo K-, D- und C-Ger\u00e4te, Farbe grauschwarz<\/p>","protected":false},"excerpt":{"rendered":"<p>SEBO Kombibodend\u00fcse mit hochwertiger Kunststoffgleitsohle f\u00fcr Sebo K-, D- und C-Ger\u00e4te, Farbe grauschwarz<\/p>\n","protected":false},"featured_media":661329,"template":"","meta":{"ep_exclude_from_search":false},"product_cat":[102],"product_tag":[],"class_list":{"0":"post-3767","1":"product","2":"type-product","3":"status-publish","4":"has-post-thumbnail","6":"product_cat-buersten-duesen","8":"first","9":"instock","10":"taxable","11":"shipping-taxable","12":"purchasable","13":"product-type-simple"},"_links":{"self":[{"href":"https:\/\/technikrat.de\/en\/wp-json\/wp\/v2\/product\/3767"}],"collection":[{"href":"https:\/\/technikrat.de\/en\/wp-json\/wp\/v2\/product"}],"about":[{"href":"https:\/\/technikrat.de\/en\/wp-json\/wp\/v2\/types\/product"}],"wp:featuredmedia":[{"embeddable":true,"href":"https:\/\/technikrat.de\/en\/wp-json\/wp\/v2\/media\/661329"}],"wp:attachment":[{"href":"https:\/\/technikrat.de\/en\/wp-json\/wp\/v2\/media?parent=3767"}],"wp:term":[{"taxonomy":"product_cat","embeddable":true,"href":"https:\/\/technikrat.de\/en\/wp-json\/wp\/v2\/product_cat?post=3767"},{"taxonomy":"product_tag","embeddable":true,"href":"https:\/\/technikrat.de\/en\/wp-json\/wp\/v2\/product_tag?post=3767"}],"curies":[{"name":"wp","href":"https:\/\/api.w.org\/{rel}","templated":true}]}}