{"id":3763,"date":"2026-04-08T08:46:36","date_gmt":"2026-04-08T06:46:36","guid":{"rendered":""},"modified":"2026-04-08T21:30:31","modified_gmt":"2026-04-08T19:30:31","slug":"trockenschwamm-aus-messingwolle-fuer-loetspitzenreinigung","status":"publish","type":"product","link":"https:\/\/technikrat.de\/en\/produkt\/trockenschwamm-aus-messingwolle-fuer-loetspitzenreinigung\/","title":{"rendered":"Trockenschwamm aus Messingwolle f\u00fcr L\u00f6tspitzenreinigung"},"content":{"rendered":"<p>GALLUNOPTIMAL Trockenschwamm aus Messingwolle f\u00fcr L\u00f6tspitzenreinigung, ca 18g im Polybeutel<\/p>\n","protected":false},"excerpt":{"rendered":"<p>GALLUNOPTIMAL Trockenschwamm aus Messingwolle f\u00fcr L\u00f6tspitzenreinigung, ca 18g im Polybeutel<\/p>\n","protected":false},"featured_media":682325,"template":"","meta":{"ep_exclude_from_search":false},"product_cat":[138,137],"product_tag":[],"class_list":{"0":"post-3763","1":"product","2":"type-product","3":"status-publish","4":"has-post-thumbnail","6":"product_cat-verbrauchsmittel","7":"product_cat-zubehoer","8":"product_shipping_class-postwarenpost-individuell","10":"first","11":"instock","12":"taxable","13":"shipping-taxable","14":"purchasable","15":"product-type-simple"},"_links":{"self":[{"href":"https:\/\/technikrat.de\/en\/wp-json\/wp\/v2\/product\/3763"}],"collection":[{"href":"https:\/\/technikrat.de\/en\/wp-json\/wp\/v2\/product"}],"about":[{"href":"https:\/\/technikrat.de\/en\/wp-json\/wp\/v2\/types\/product"}],"wp:featuredmedia":[{"embeddable":true,"href":"https:\/\/technikrat.de\/en\/wp-json\/wp\/v2\/media\/682325"}],"wp:attachment":[{"href":"https:\/\/technikrat.de\/en\/wp-json\/wp\/v2\/media?parent=3763"}],"wp:term":[{"taxonomy":"product_cat","embeddable":true,"href":"https:\/\/technikrat.de\/en\/wp-json\/wp\/v2\/product_cat?post=3763"},{"taxonomy":"product_tag","embeddable":true,"href":"https:\/\/technikrat.de\/en\/wp-json\/wp\/v2\/product_tag?post=3763"}],"curies":[{"name":"wp","href":"https:\/\/api.w.org\/{rel}","templated":true}]}}