{"id":368948,"date":"2026-03-30T08:43:33","date_gmt":"2026-03-30T06:43:33","guid":{"rendered":""},"modified":"2026-04-04T17:03:02","modified_gmt":"2026-04-04T15:03:02","slug":"bernstein-schraubendreher-kurz-kreuzschlitz-ph2","status":"publish","type":"product","link":"https:\/\/technikrat.de\/en\/produkt\/bernstein-schraubendreher-kurz-kreuzschlitz-ph2\/","title":{"rendered":"Bernstein Schraubendreher kurz Kreuzschlitz PH2"},"content":{"rendered":"<p>Bernstein Schraubendreher kurz Kreuzschlitz PH2<\/p>\n<p>&#8211; 2-Komponenten Kunststoff-Griff ergonomisch geformt schlagfest<br \/>\n&#8211; Klingenl\u00e4nge 25 mm<br \/>\n&#8211; Klingen \u00d8 6 mm<br \/>\n&#8211; Klinge PH2<br \/>\n&#8211; Material Chrom-Vanadium-Molybd\u00e4n Stahl HRC 56-58<br \/>\n&#8211; Gesamtl\u00e4nge 80 mm<br \/>\n&#8211; Gewicht 35 g<\/p>\n","protected":false},"excerpt":{"rendered":"<p>Bernstein Schraubendreher kurz Kreuzschlitz PH2 &#8211; 2-Komponenten Kunststoff-Griff ergonomisch geformt schlagfest &#8211; Klingenl\u00e4nge 25 mm &#8211; Klingen \u00d8 6 mm &#8211; Klinge PH2 &#8211; Material Chrom-Vanadium-Molybd\u00e4n Stahl HRC 56-58 &#8211; Gesamtl\u00e4nge 80 mm &#8211; Gewicht 35 g<\/p>\n","protected":false},"featured_media":656897,"template":"","meta":{"ep_exclude_from_search":false},"product_cat":[112],"product_tag":[],"class_list":{"0":"post-368948","1":"product","2":"type-product","3":"status-publish","4":"has-post-thumbnail","6":"product_cat-schraubwerkzeug","7":"product_shipping_class-postwarenpost-individuell","9":"first","10":"onbackorder","11":"taxable","12":"shipping-taxable","13":"purchasable","14":"product-type-simple"},"_links":{"self":[{"href":"https:\/\/technikrat.de\/en\/wp-json\/wp\/v2\/product\/368948"}],"collection":[{"href":"https:\/\/technikrat.de\/en\/wp-json\/wp\/v2\/product"}],"about":[{"href":"https:\/\/technikrat.de\/en\/wp-json\/wp\/v2\/types\/product"}],"wp:featuredmedia":[{"embeddable":true,"href":"https:\/\/technikrat.de\/en\/wp-json\/wp\/v2\/media\/656897"}],"wp:attachment":[{"href":"https:\/\/technikrat.de\/en\/wp-json\/wp\/v2\/media?parent=368948"}],"wp:term":[{"taxonomy":"product_cat","embeddable":true,"href":"https:\/\/technikrat.de\/en\/wp-json\/wp\/v2\/product_cat?post=368948"},{"taxonomy":"product_tag","embeddable":true,"href":"https:\/\/technikrat.de\/en\/wp-json\/wp\/v2\/product_tag?post=368948"}],"curies":[{"name":"wp","href":"https:\/\/api.w.org\/{rel}","templated":true}]}}