{"id":368779,"date":"2026-04-04T08:44:51","date_gmt":"2026-04-04T06:44:51","guid":{"rendered":""},"modified":"2026-04-04T17:03:12","modified_gmt":"2026-04-04T15:03:12","slug":"loetspitzenreiniger-bonkote-b-500-mit-magnetfuss-innendurchmesser-25mm","status":"publish","type":"product","link":"https:\/\/technikrat.de\/en\/produkt\/loetspitzenreiniger-bonkote-b-500-mit-magnetfuss-innendurchmesser-25mm\/","title":{"rendered":"L\u00f6tspitzenreiniger Bonkote B-500 mit Magnetfu\u00df Innendurchmesser 25mm"},"content":{"rendered":"<p>L\u00f6tspitzenreiniger Bonkote B-500, mit Magnetfu\u00df, Innendurchmesser 50mm, Au\u00dfendurchmesser 87mm, H\u00f6he 30mm, Gewicht 185g<\/p>\n","protected":false},"excerpt":{"rendered":"<p>L\u00f6tspitzenreiniger Bonkote B-500, mit Magnetfu\u00df, Innendurchmesser 50mm, Au\u00dfendurchmesser 87mm, H\u00f6he 30mm, Gewicht 185g<\/p>\n","protected":false},"featured_media":657098,"template":"","meta":{"ep_exclude_from_search":false},"product_cat":[108],"product_tag":[],"class_list":{"0":"post-368779","1":"product","2":"type-product","3":"status-publish","4":"has-post-thumbnail","6":"product_cat-werkzeugzubehoer","7":"product_shipping_class-paket","9":"first","10":"instock","11":"taxable","12":"shipping-taxable","13":"purchasable","14":"product-type-simple"},"_links":{"self":[{"href":"https:\/\/technikrat.de\/en\/wp-json\/wp\/v2\/product\/368779"}],"collection":[{"href":"https:\/\/technikrat.de\/en\/wp-json\/wp\/v2\/product"}],"about":[{"href":"https:\/\/technikrat.de\/en\/wp-json\/wp\/v2\/types\/product"}],"wp:featuredmedia":[{"embeddable":true,"href":"https:\/\/technikrat.de\/en\/wp-json\/wp\/v2\/media\/657098"}],"wp:attachment":[{"href":"https:\/\/technikrat.de\/en\/wp-json\/wp\/v2\/media?parent=368779"}],"wp:term":[{"taxonomy":"product_cat","embeddable":true,"href":"https:\/\/technikrat.de\/en\/wp-json\/wp\/v2\/product_cat?post=368779"},{"taxonomy":"product_tag","embeddable":true,"href":"https:\/\/technikrat.de\/en\/wp-json\/wp\/v2\/product_tag?post=368779"}],"curies":[{"name":"wp","href":"https:\/\/api.w.org\/{rel}","templated":true}]}}