{"id":368739,"date":"2026-04-04T08:45:37","date_gmt":"2026-04-04T06:45:37","guid":{"rendered":""},"modified":"2026-04-04T17:04:06","modified_gmt":"2026-04-04T15:04:06","slug":"reinigungsspray-ecs-03-spraywash-400ml-sprayflasche","status":"publish","type":"product","link":"https:\/\/technikrat.de\/en\/produkt\/reinigungsspray-ecs-03-spraywash-400ml-sprayflasche\/","title":{"rendered":"Reinigungsspray ECS 03 Spraywash, 400ml, Sprayflasche"},"content":{"rendered":"<p>Reinigungsspray ECS 03 Spraywash, 400ml, Sprayflasche, geeignet f\u00fcr die Entfernung von Schmutz und Fettbel\u00e4gen<\/p>\n<p>&#8211; Hochwirksamer Reiniger f\u00fcr verschmutzte Kontakte und Bauteile<br \/>\n&#8211; SPRAYWASH besteht aus einer speziellen und stark wirksamen L\u00f6semittelkombination und erm\u00f6glicht die sichere Entfernung von Schmutz- bzw. Fettbel\u00e4gen sowie die durch OXYD-OFF umgewandelten Oxidschichten<br \/>\n&#8211; Die guten Kriech- und Fliesseigenschaften f\u00fchren dazu, dass bei sachgerechter Anwendung Verschmutzungen problemlos weggesp\u00fclt werden.<br \/>\n&#8211; SPRAYWASH greift die gebr\u00e4uchlichsten Werkstoffe nicht an und verdunstet nach kurzer Zeit vollkommen r\u00fcckstandsfrei<\/p>\n<p>SPRAYWASH besteht aus einer speziellen und stark wirksamen L\u00f6semittelkombination und erm\u00f6glicht die sichere Entfernung von Schmutz- bzw. Fettbel\u00e4gen sowie die durch OXYD-OFF umgewandelten Oxidschichten. Die guten Kriech- und Flie\u00dfeigenschaften f\u00fchren dazu, dass bei sachgerechter Anwendung Verschmutzungen problemlos weggesp\u00fclt werden. SPRAYWASH greift die gebr\u00e4uchlichsten Werkstoffe nicht an und verdunstet nach kurzer Zeit vollkommen r\u00fcckstandsfrei.<\/p>\n<p>Zur Intensivreinigung von Kontakten, Ger\u00e4ten und Bauteilen in der Elektrotechnik. SPRAYWASH eignet sich zur Reinigung von Schaltern, Elektromotoren, Relais, Sch\u00fctzen und Geh\u00e4usen. SPRAYWASH wurde auch speziell zum Absp\u00fclen von zuvor mit OXYD-OFF aufgel\u00f6sten Oxid- und Sulfidschichten entwickelt.<br \/>\nAnwendungsbereiche SPRAYWASH bietet eine rasche und zuverl\u00e4ssige Reinigung. Die zu reinigenden Stellen mit kr\u00e4ftigen Spr\u00fchst\u00f6\u00dfen s\u00e4ubern. Bei schwer zug\u00e4nglichen Stellen Spr\u00fchrohr aufsetzen und mittels gezieltem Spr\u00fchstrahl reinigen. Nicht in der N\u00e4he von Flammen oder hei\u00dfen Gegenst\u00e4ndern verwenden. Spannungsf\u00fchrende Ger\u00e4te vor der Verwendung ausschalten. Reinigungshinweise<br \/>\ndes Ger\u00e4teherstellers beachten! L\u00f6semittel vor dem Einschalten vollst\u00e4ndig verdunsten lassen.<\/p>\n","protected":false},"excerpt":{"rendered":"<p>Reinigungsspray ECS 03 Spraywash, 400ml, Sprayflasche, geeignet f\u00fcr die Entfernung von Schmutz und Fettbel\u00e4gen &#8211; Hochwirksamer Reiniger f\u00fcr verschmutzte Kontakte und Bauteile &#8211; SPRAYWASH besteht aus einer speziellen und stark wirksamen L\u00f6semittelkombination und erm\u00f6glicht die sichere Entfernung von Schmutz- bzw. Fettbel\u00e4gen sowie die durch OXYD-OFF umgewandelten Oxidschichten &#8211; Die guten Kriech- und Fliesseigenschaften f\u00fchren dazu, [&hellip;]<\/p>\n","protected":false},"featured_media":658618,"template":"","meta":{"ep_exclude_from_search":false},"product_cat":[122],"product_tag":[],"class_list":{"0":"post-368739","1":"product","2":"type-product","3":"status-publish","4":"has-post-thumbnail","6":"product_cat-reingungsmittel-sprays","7":"product_shipping_class-postwarenpost-individuell","9":"first","10":"instock","11":"taxable","12":"shipping-taxable","13":"purchasable","14":"product-type-simple"},"_links":{"self":[{"href":"https:\/\/technikrat.de\/en\/wp-json\/wp\/v2\/product\/368739"}],"collection":[{"href":"https:\/\/technikrat.de\/en\/wp-json\/wp\/v2\/product"}],"about":[{"href":"https:\/\/technikrat.de\/en\/wp-json\/wp\/v2\/types\/product"}],"wp:featuredmedia":[{"embeddable":true,"href":"https:\/\/technikrat.de\/en\/wp-json\/wp\/v2\/media\/658618"}],"wp:attachment":[{"href":"https:\/\/technikrat.de\/en\/wp-json\/wp\/v2\/media?parent=368739"}],"wp:term":[{"taxonomy":"product_cat","embeddable":true,"href":"https:\/\/technikrat.de\/en\/wp-json\/wp\/v2\/product_cat?post=368739"},{"taxonomy":"product_tag","embeddable":true,"href":"https:\/\/technikrat.de\/en\/wp-json\/wp\/v2\/product_tag?post=368739"}],"curies":[{"name":"wp","href":"https:\/\/api.w.org\/{rel}","templated":true}]}}