{"id":3404,"date":"2026-04-02T08:44:50","date_gmt":"2026-04-02T06:44:50","guid":{"rendered":""},"modified":"2026-04-03T21:04:38","modified_gmt":"2026-04-03T19:04:38","slug":"bernstein-esd-schraubendreher-torx-t2","status":"publish","type":"product","link":"https:\/\/technikrat.de\/en\/produkt\/bernstein-esd-schraubendreher-torx-t2\/","title":{"rendered":"Bernstein ESD Schraubendreher TORX T2"},"content":{"rendered":"<p>Bernstein ESD Schraubendreher TORX T2<\/p>\n<p>&#8211; ableitf\u00e4higer ESD Griff mit Drehkappe (Leitwert 10^5 bis 10^7 Ohm)<br \/>\n&#8211; Klingenl\u00e4nge 50 mm<br \/>\n&#8211; Klingen \u00d8 2,5 mm<br \/>\n&#8211; Klingenbreite T2<br \/>\n&#8211; Klingenmaterial Chrom-Vanadium-Molybd\u00e4n Stahl, matt verchromt<br \/>\n&#8211; Spitze br\u00fcniert schwarz, gefertigt nach DIN ISO<br \/>\n&#8211; Gesamtl\u00e4nge 150 mm<br \/>\n&#8211; Gewicht 14 g<\/p>\n<p>Anwendungsbereich<\/p>\n<p>F\u00fcr alle Arbeiten an elektrostatisch gef\u00e4hrdeten Bauteilen. Die Klingen sind aus Qualit\u00e4tsstahl gefertigt um Verdrehsicherheit &#8211; bei maximaler Beanspruchung &#8211; zu gew\u00e4hrleisten. Die Spitzen sind aus Gr\u00fcnden der Ma\u00dfhaltigkeit und zur Vermeidung von Chromabsplitterung br\u00fcniert (au\u00dfer Steckschl\u00fcssel). Die Drehkappe ist leichtg\u00e4ngig und erm\u00f6glicht trotz Andrehdruck den Schraubendreher in Position zu halten. Dank des ergonomisch geformten Griffs liegt der Schraubendreher perfekt in der Hand.<\/p>\n<p>Technische Produktbeschreibung<\/p>\n<p>Der ergonomische Handgriff des Schraubendrehers besteht aus ESD Kunststoff (PP schwarz) und hat einem Oberfl\u00e4chenwiderstand von 10^5 bis 10^7 Ohm. Die matt verchromte Klinge ist aus hochwertigem Chrom-Molybd\u00e4n-Stahl (H\u00e4rtegrad gr\u00f6\u00dfer als 55 HRC) nach DIN ISO gefertigt und \u00fcber die gesamte L\u00e4nge geh\u00e4rtet.<\/p>\n<p>Allgemeine Informationen<\/p>\n<p>BERNSTEIN bietet ESD-Schraubendreher L\u00f6sungen f\u00fcr alle g\u00e4ngigen Schraubk\u00f6pfe an. Insbesondere f\u00fcr elektrotechnische Anwendungen, wie das Arbeiten an gesch\u00fctzten Ger\u00e4ten, sensiblen Schaltungen und Verbindungen. Alle BERNSTEIN ESD Schraubendreher sind EPA geeignet und werden, als sichere Methode um elektrostatische Aufladung abzuleiten, beim Arbeiten in gesch\u00fctzten Bereichen (ESD Arbeitsplatz\/ESD Schutzzone) eingesetzt.<\/p>\n","protected":false},"excerpt":{"rendered":"<p>Bernstein ESD Schraubendreher TORX T2 &#8211; ableitf\u00e4higer ESD Griff mit Drehkappe (Leitwert 10^5 bis 10^7 Ohm) &#8211; Klingenl\u00e4nge 50 mm &#8211; Klingen \u00d8 2,5 mm &#8211; Klingenbreite T2 &#8211; Klingenmaterial Chrom-Vanadium-Molybd\u00e4n Stahl, matt verchromt &#8211; Spitze br\u00fcniert schwarz, gefertigt nach DIN ISO &#8211; Gesamtl\u00e4nge 150 mm &#8211; Gewicht 14 g Anwendungsbereich F\u00fcr alle Arbeiten an [&hellip;]<\/p>\n","protected":false},"featured_media":657510,"template":"","meta":{"ep_exclude_from_search":false},"product_cat":[118,112],"product_tag":[],"class_list":{"0":"post-3404","1":"product","2":"type-product","3":"status-publish","4":"has-post-thumbnail","6":"product_cat-esd-werkzeuge","7":"product_cat-schraubwerkzeug","8":"product_shipping_class-postwarenpost-individuell","10":"first","11":"onbackorder","12":"taxable","13":"shipping-taxable","14":"purchasable","15":"product-type-simple"},"_links":{"self":[{"href":"https:\/\/technikrat.de\/en\/wp-json\/wp\/v2\/product\/3404"}],"collection":[{"href":"https:\/\/technikrat.de\/en\/wp-json\/wp\/v2\/product"}],"about":[{"href":"https:\/\/technikrat.de\/en\/wp-json\/wp\/v2\/types\/product"}],"wp:featuredmedia":[{"embeddable":true,"href":"https:\/\/technikrat.de\/en\/wp-json\/wp\/v2\/media\/657510"}],"wp:attachment":[{"href":"https:\/\/technikrat.de\/en\/wp-json\/wp\/v2\/media?parent=3404"}],"wp:term":[{"taxonomy":"product_cat","embeddable":true,"href":"https:\/\/technikrat.de\/en\/wp-json\/wp\/v2\/product_cat?post=3404"},{"taxonomy":"product_tag","embeddable":true,"href":"https:\/\/technikrat.de\/en\/wp-json\/wp\/v2\/product_tag?post=3404"}],"curies":[{"name":"wp","href":"https:\/\/api.w.org\/{rel}","templated":true}]}}