{"id":3379,"date":"2026-04-02T12:41:33","date_gmt":"2026-04-02T10:41:33","guid":{"rendered":""},"modified":"2026-04-03T21:04:45","modified_gmt":"2026-04-03T19:04:45","slug":"esd-kontaktarmband-mit-spiralkabel-laenge-24m-gelb","status":"publish","type":"product","link":"https:\/\/technikrat.de\/en\/produkt\/esd-kontaktarmband-mit-spiralkabel-laenge-24m-gelb\/","title":{"rendered":"ESD Kontaktarmband mit Spiralkabel L\u00e4nge 2,4m, gelb"},"content":{"rendered":"<p>Bernstein ESD Kontaktarmband mit Spiralkabel L\u00e4nge 2,4m, gelb<\/p>\n<p>Handgelenkerdung, als sichere Methode um elektrostatische Aufladung von Personen abzuleiten, besteht aus einem verstellbaren Handgelenk-Armband mit eingewebten versilberten Kunststoff-Fasern (enger Hautkontakt n\u00f6tig) und einem Spiralkabel, welches das Armband mit dem Erdungspunkt \u00fcber Druckkn\u00f6pfe (DK) elektrisch leitend verbindet. Das Spiralkabel enth\u00e4lt auf jeder Anschlu\u00dfseite einen Sicherheitswiderstand von 1 MOhm und ist zugelassen an Arbeitspl\u00e4tzen mit einer Nennspannung bis 250 VAC. Um eine ausreichende Isolierung zu gew\u00e4hrleisten, darf das Armband nur trocken gelagert werden.<\/p>\n<p>einstellbar, antiallergisch, waschbar<\/p>\n<p>Bandl\u00e4nge 220 mm<\/p>\n<p>Druckkn\u00f6pfe 3-4 mm f\u00fcr Handgelenkband und 10 mm f\u00fcr Erdungskontaktanschluss<\/p>\n<p>hochelastisches 2400 mm langes Spiralkabel<\/p>\n<p>2 x 1 Megaohm Sicherheitswiderstand<\/p>\n<p>\u00dcberpr\u00fcfen Sie regelm\u00e4\u00dfig Ihre ESD Arbeitsplatzausstattung und Ihr ESD Werkkzeug um ESD-Norm konformes Arbeiten zu gew\u00e4hrlisten (IEC 61340-5-1).<\/p>\n<p>Waschanleitung f\u00fcr das Armband: Standardmaschinenw\u00e4sche bis 30\u00b0 C mit Color- und Feinwaschmittel, Trocknen bei niedriger Temperatur (schonend), Nicht bleichen! Kontakt mit s\u00e4urehaltigen \/ alkalihaltigen L\u00f6sungsmitteln vermeiden. ESD Schutz bleibt f\u00fcr ca. 30 Waschg\u00e4nge erhalten.<\/p>\n","protected":false},"excerpt":{"rendered":"<p>Bernstein ESD Kontaktarmband mit Spiralkabel L\u00e4nge 2,4m, gelb Handgelenkerdung, als sichere Methode um elektrostatische Aufladung von Personen abzuleiten, besteht aus einem verstellbaren Handgelenk-Armband mit eingewebten versilberten Kunststoff-Fasern (enger Hautkontakt n\u00f6tig) und einem Spiralkabel, welches das Armband mit dem Erdungspunkt \u00fcber Druckkn\u00f6pfe (DK) elektrisch leitend verbindet. Das Spiralkabel enth\u00e4lt auf jeder Anschlu\u00dfseite einen Sicherheitswiderstand von 1 [&hellip;]<\/p>\n","protected":false},"featured_media":657793,"template":"","meta":{"ep_exclude_from_search":false},"product_cat":[118,111,108],"product_tag":[],"class_list":{"0":"post-3379","1":"product","2":"type-product","3":"status-publish","4":"has-post-thumbnail","6":"product_cat-esd-werkzeuge","7":"product_cat-spezialwerkzeuge","8":"product_cat-werkzeugzubehoer","9":"product_shipping_class-postwarenpost-individuell","11":"first","12":"onbackorder","13":"taxable","14":"shipping-taxable","15":"purchasable","16":"product-type-simple"},"_links":{"self":[{"href":"https:\/\/technikrat.de\/en\/wp-json\/wp\/v2\/product\/3379"}],"collection":[{"href":"https:\/\/technikrat.de\/en\/wp-json\/wp\/v2\/product"}],"about":[{"href":"https:\/\/technikrat.de\/en\/wp-json\/wp\/v2\/types\/product"}],"wp:featuredmedia":[{"embeddable":true,"href":"https:\/\/technikrat.de\/en\/wp-json\/wp\/v2\/media\/657793"}],"wp:attachment":[{"href":"https:\/\/technikrat.de\/en\/wp-json\/wp\/v2\/media?parent=3379"}],"wp:term":[{"taxonomy":"product_cat","embeddable":true,"href":"https:\/\/technikrat.de\/en\/wp-json\/wp\/v2\/product_cat?post=3379"},{"taxonomy":"product_tag","embeddable":true,"href":"https:\/\/technikrat.de\/en\/wp-json\/wp\/v2\/product_tag?post=3379"}],"curies":[{"name":"wp","href":"https:\/\/api.w.org\/{rel}","templated":true}]}}