{"id":3339,"date":"2026-04-02T08:44:34","date_gmt":"2026-04-02T06:44:34","guid":{"rendered":""},"modified":"2026-04-04T17:03:27","modified_gmt":"2026-04-04T15:03:27","slug":"bernstein-schluesselfeilen-satz-6-tlg","status":"publish","type":"product","link":"https:\/\/technikrat.de\/en\/produkt\/bernstein-schluesselfeilen-satz-6-tlg\/","title":{"rendered":"Bernstein Schl\u00fcsselfeilen Satz 6-tlg"},"content":{"rendered":"<p>&#8211; Inhalt: Artikelauflistung siehe unten<br \/>\nBernstein Bernstein Schl\u00fcsselfeilen Satz 6-tlg<\/p>\n<p>&#8211; Feinmechaniker Feilen in hochwertiger Ausf\u00fchrung<br \/>\n&#8211; 100% Made in Germany<br \/>\n&#8211; 22 Hiebe auf 1 cm<br \/>\n&#8211; flach-stumpf, flach-spitz \/ rund, halbrund \/ Dreikant, vierkant<br \/>\n&#8211; Feilenl\u00e4nge 103 mm<br \/>\n&#8211; Heftl\u00e4nge 67 mm<br \/>\n&#8211; Gesamtl\u00e4nge 170 mm<br \/>\n&#8211; Gewicht 120 g<\/p>\n<p> Inhalt<\/p>\n<p>Schl\u00fcsselfeilen Satz bestehend aus:<\/p>\n<p>&#8211; 5-240-0 Kunststofftasche leer<br \/>\n&#8211; 5-240 Schl\u00fcsselfeilen Satz 6-tlg. (flach,rund,stumpf,spitz,3-kant,4-kant)<\/p>\n","protected":false},"excerpt":{"rendered":"<p>&#8211; Inhalt: Artikelauflistung siehe unten Bernstein Bernstein Schl\u00fcsselfeilen Satz 6-tlg &#8211; Feinmechaniker Feilen in hochwertiger Ausf\u00fchrung &#8211; 100% Made in Germany &#8211; 22 Hiebe auf 1 cm &#8211; flach-stumpf, flach-spitz \/ rund, halbrund \/ Dreikant, vierkant &#8211; Feilenl\u00e4nge 103 mm &#8211; Heftl\u00e4nge 67 mm &#8211; Gesamtl\u00e4nge 170 mm &#8211; Gewicht 120 g Inhalt Schl\u00fcsselfeilen Satz [&hellip;]<\/p>\n","protected":false},"featured_media":657344,"template":"","meta":{"ep_exclude_from_search":false},"product_cat":[117,109],"product_tag":[],"class_list":{"0":"post-3339","1":"product","2":"type-product","3":"status-publish","4":"has-post-thumbnail","6":"product_cat-feilen","7":"product_cat-werkzeugsets","8":"product_shipping_class-postwarenpost-individuell","10":"first","11":"instock","12":"taxable","13":"shipping-taxable","14":"purchasable","15":"product-type-simple"},"_links":{"self":[{"href":"https:\/\/technikrat.de\/en\/wp-json\/wp\/v2\/product\/3339"}],"collection":[{"href":"https:\/\/technikrat.de\/en\/wp-json\/wp\/v2\/product"}],"about":[{"href":"https:\/\/technikrat.de\/en\/wp-json\/wp\/v2\/types\/product"}],"wp:featuredmedia":[{"embeddable":true,"href":"https:\/\/technikrat.de\/en\/wp-json\/wp\/v2\/media\/657344"}],"wp:attachment":[{"href":"https:\/\/technikrat.de\/en\/wp-json\/wp\/v2\/media?parent=3339"}],"wp:term":[{"taxonomy":"product_cat","embeddable":true,"href":"https:\/\/technikrat.de\/en\/wp-json\/wp\/v2\/product_cat?post=3339"},{"taxonomy":"product_tag","embeddable":true,"href":"https:\/\/technikrat.de\/en\/wp-json\/wp\/v2\/product_tag?post=3339"}],"curies":[{"name":"wp","href":"https:\/\/api.w.org\/{rel}","templated":true}]}}