{"id":32987,"date":"2026-04-04T08:43:32","date_gmt":"2026-04-04T06:43:32","guid":{"rendered":"https:\/\/technikratlive.hw.ag\/produkt\/a-s-sat-dachsparrenhalter-inkl-130cm-mast-o-48-mm-verzinkt-tuev-geprueft\/"},"modified":"2026-04-04T17:26:42","modified_gmt":"2026-04-04T15:26:42","slug":"dachsparrenhalter-inkl-130cm-mast-o-48mm-verzinkt-tuev-geprueft","status":"publish","type":"product","link":"https:\/\/technikrat.de\/en\/produkt\/dachsparrenhalter-inkl-130cm-mast-o-48mm-verzinkt-tuev-geprueft\/","title":{"rendered":"A.S.SAT rafter bracket incl. 130cm mast \u00d8 48 mm galvanized T\u00dcV tested"},"content":{"rendered":"<p>Universal rafter mast holder for antennas up to \u00d8 100 cm with the option of additionally installing a VHF antenna.<\/p>\n<p>Technical data:<\/p>\n<p>&#8211; T\u00dcV-tested for antennas up to \u00d8 100 cm<br \/>\n&#8211; Suitable for mounting a satellite dish and an FM antenna<br \/>\n&#8211; Hot-dip galvanized high-quality steel<br \/>\n&#8211; Flexible, extendable telescopic tube<br \/>\n&#8211; Suitable for any roof pitch (restrictions only apply to aluminum or lead roof tiles)<br \/>\n&#8211; Tube diameter: \u00d8 48 mm<br \/>\n&#8211; Rafter spacing: 51 &#8211; 90 cm<br \/>\n&#8211; Mast length: 130 cm<br \/>\n&#8211; Bending moment: 700 NM<\/p>\n<p>Parabolic antennas with a maximum diameter of 100 cm may only be installed up to a maximum mast height of approx. 800 mm!<\/p>\n<p>For the 1.3 m version, the parabolic antenna must always be mounted at the bottom and the<br \/>\nVHF antenna must always be mounted at the top!<\/p>","protected":false},"excerpt":{"rendered":"<p>Universal rafter mast holder for antennas up to \u00d8 100 cm with the option of additionally installing a VHF antenna. Technical data: &#8211; T\u00dcV-tested for antennas up to \u00d8 100 cm &#8211; Suitable for mounting a satellite dish and an FM antenna &#8211; Hot-dip galvanized high-quality steel &#8211; Flexible, extendable telescopic tube &#8211; Suitable for [&hellip;]<\/p>\n","protected":false},"featured_media":656564,"template":"","meta":{"ep_exclude_from_search":false},"product_cat":[225],"product_tag":[],"class_list":{"0":"post-32987","1":"product","2":"type-product","3":"status-publish","4":"has-post-thumbnail","6":"product_cat-dachsparren","7":"product_shipping_class-sperrgut","9":"first","10":"instock","11":"taxable","12":"shipping-taxable","13":"purchasable","14":"product-type-simple"},"_links":{"self":[{"href":"https:\/\/technikrat.de\/en\/wp-json\/wp\/v2\/product\/32987"}],"collection":[{"href":"https:\/\/technikrat.de\/en\/wp-json\/wp\/v2\/product"}],"about":[{"href":"https:\/\/technikrat.de\/en\/wp-json\/wp\/v2\/types\/product"}],"wp:featuredmedia":[{"embeddable":true,"href":"https:\/\/technikrat.de\/en\/wp-json\/wp\/v2\/media\/656564"}],"wp:attachment":[{"href":"https:\/\/technikrat.de\/en\/wp-json\/wp\/v2\/media?parent=32987"}],"wp:term":[{"taxonomy":"product_cat","embeddable":true,"href":"https:\/\/technikrat.de\/en\/wp-json\/wp\/v2\/product_cat?post=32987"},{"taxonomy":"product_tag","embeddable":true,"href":"https:\/\/technikrat.de\/en\/wp-json\/wp\/v2\/product_tag?post=32987"}],"curies":[{"name":"wp","href":"https:\/\/api.w.org\/{rel}","templated":true}]}}