{"id":2740,"date":"2026-04-02T08:43:55","date_gmt":"2026-04-02T06:43:55","guid":{"rendered":""},"modified":"2026-04-04T17:03:02","modified_gmt":"2026-04-04T15:03:02","slug":"bernstein-liliput-schraubendreher-40-x-18mm","status":"publish","type":"product","link":"https:\/\/technikrat.de\/en\/produkt\/bernstein-liliput-schraubendreher-40-x-18mm\/","title":{"rendered":"Bernstein Liliput-Schraubendreher, 40 x 1,8mm"},"content":{"rendered":"<p>BERNSTEIN Liliput-Schraubendreher<\/p>\n<p>Klinge aus Spezialstahl, vernickelt<br \/>\nHeft aus schwarzem Kunststoff<\/p>\n<p>&#8211; Gesamtl\u00e4nge: 85 mm<br \/>\n&#8211; Klingenl\u00e4nge: 40 mm<br \/>\n&#8211; Schneidengr\u00f6\u00dfe: 1,8 x 0,5 mm<br \/>\n&#8211; Klingendurchmesser: 2 mm<br \/>\n&#8211; Heftl\u00e4nge: 45<br \/>\n&#8211; Material: CV Stahl<br \/>\n&#8211; Gewicht: 3 g<\/p>\n","protected":false},"excerpt":{"rendered":"<p>BERNSTEIN Liliput-Schraubendreher Klinge aus Spezialstahl, vernickelt Heft aus schwarzem Kunststoff &#8211; Gesamtl\u00e4nge: 85 mm &#8211; Klingenl\u00e4nge: 40 mm &#8211; Schneidengr\u00f6\u00dfe: 1,8 x 0,5 mm &#8211; Klingendurchmesser: 2 mm &#8211; Heftl\u00e4nge: 45 &#8211; Material: CV Stahl &#8211; Gewicht: 3 g<\/p>\n","protected":false},"featured_media":656898,"template":"","meta":{"ep_exclude_from_search":false},"product_cat":[112],"product_tag":[],"class_list":{"0":"post-2740","1":"product","2":"type-product","3":"status-publish","4":"has-post-thumbnail","6":"product_cat-schraubwerkzeug","7":"product_shipping_class-postgrossbrief-2cm-500g","9":"first","10":"instock","11":"taxable","12":"shipping-taxable","13":"purchasable","14":"product-type-simple"},"_links":{"self":[{"href":"https:\/\/technikrat.de\/en\/wp-json\/wp\/v2\/product\/2740"}],"collection":[{"href":"https:\/\/technikrat.de\/en\/wp-json\/wp\/v2\/product"}],"about":[{"href":"https:\/\/technikrat.de\/en\/wp-json\/wp\/v2\/types\/product"}],"wp:featuredmedia":[{"embeddable":true,"href":"https:\/\/technikrat.de\/en\/wp-json\/wp\/v2\/media\/656898"}],"wp:attachment":[{"href":"https:\/\/technikrat.de\/en\/wp-json\/wp\/v2\/media?parent=2740"}],"wp:term":[{"taxonomy":"product_cat","embeddable":true,"href":"https:\/\/technikrat.de\/en\/wp-json\/wp\/v2\/product_cat?post=2740"},{"taxonomy":"product_tag","embeddable":true,"href":"https:\/\/technikrat.de\/en\/wp-json\/wp\/v2\/product_tag?post=2740"}],"curies":[{"name":"wp","href":"https:\/\/api.w.org\/{rel}","templated":true}]}}