{"id":2726,"date":"2026-03-02T08:46:51","date_gmt":"2026-03-02T07:46:51","guid":{"rendered":""},"modified":"2026-04-03T21:31:23","modified_gmt":"2026-04-03T19:31:23","slug":"bernstein-ersatz-glasfaser-fuer-2-166-2-162-o-4mm","status":"publish","type":"product","link":"https:\/\/technikrat.de\/en\/produkt\/bernstein-ersatz-glasfaser-fuer-2-166-2-162-o-4mm\/","title":{"rendered":"Bernstein Ersatz-Glasfaser f\u00fcr 2-166 + 2-162 \u00d8 4mm"},"content":{"rendered":"<p>Bernstein Ersatz-Glasfaser f\u00fcr 2-166 + 2-162 \u00d8 4 mm<\/p>\n<p>&#8211; Inhalt: 10 St\u00fcck<br \/>\n&#8211; Made in Germany<br \/>\n&#8211; Borsten aus Glasfaser<br \/>\n&#8211; Borsten L\u00e4nge 35 mm<br \/>\n&#8211; zum Reinigen von L\u00f6t- bzw. Schwei\u00dfstellen<br \/>\n&#8211; zum Entrosten, Polieren, Schleifen von kleinsten Teilen<br \/>\n&#8211; f\u00fcr Korrekturen oder Radierungen<br \/>\n&#8211; Pinsel \u00d8 4 mm<br \/>\n&#8211; Gesamtl\u00e4nge 40 mm<br \/>\n&#8211; Gewicht 11 g<\/p>\n<p>Anwendungsbereich<\/p>\n<p>ERSATZMINEN f\u00fcr: Glasfaserradierer \/ Rostradierer als handlicher und praktischer Helfer bei Korrekturen oder Radierungen, zum Reinigen von L\u00f6t- bzw. Schwei\u00dfstellen (vorher und nachher), zum Entrosten oder Polieren sowie Schleifen von kleinsten Oberfl\u00e4chen. Gerne wird der Radierer auch im Modellbau eingesetzt zum Gl\u00e4tten von Fl\u00e4chen oder dem Reinigen von Holz sowie dem Aufhellen. Ebenso k\u00f6nnen Kleberreste auf Fensterglas entfernt werden.<\/p>\n<p> Technische Produktbeschreibung<\/p>\n<p>Wir empfehlen den Glasfaserradierer gegebenenfalls an einer nicht sichtbaren Stelle auszuprobieren. Die Glasfaserradierer bestehen aus einer Schreibh\u00fclse, in der sich, je nach Gr\u00f6\u00dfe, eine 2 oder 4 mm starke Glasfasermine befindet. Der integrierte Dreh- oder Druckmechanismus erm\u00f6glicht eine stufenlose L\u00e4ngenvariation der Glasfasermine. Ist eine Mine aufgebraucht wird sie einfach durch eine Ersatzmine ausgetauscht.<\/p>\n","protected":false},"excerpt":{"rendered":"<p>Bernstein Ersatz-Glasfaser f\u00fcr 2-166 + 2-162 \u00d8 4 mm &#8211; Inhalt: 10 St\u00fcck &#8211; Made in Germany &#8211; Borsten aus Glasfaser &#8211; Borsten L\u00e4nge 35 mm &#8211; zum Reinigen von L\u00f6t- bzw. Schwei\u00dfstellen &#8211; zum Entrosten, Polieren, Schleifen von kleinsten Teilen &#8211; f\u00fcr Korrekturen oder Radierungen &#8211; Pinsel \u00d8 4 mm &#8211; Gesamtl\u00e4nge 40 mm [&hellip;]<\/p>\n","protected":false},"featured_media":667638,"template":"","meta":{"ep_exclude_from_search":false},"product_cat":[108],"product_tag":[],"class_list":{"0":"post-2726","1":"product","2":"type-product","3":"status-publish","4":"has-post-thumbnail","6":"product_cat-werkzeugzubehoer","7":"product_shipping_class-postwarenpost-individuell","9":"first","10":"instock","11":"taxable","12":"shipping-taxable","13":"purchasable","14":"product-type-simple"},"_links":{"self":[{"href":"https:\/\/technikrat.de\/en\/wp-json\/wp\/v2\/product\/2726"}],"collection":[{"href":"https:\/\/technikrat.de\/en\/wp-json\/wp\/v2\/product"}],"about":[{"href":"https:\/\/technikrat.de\/en\/wp-json\/wp\/v2\/types\/product"}],"wp:featuredmedia":[{"embeddable":true,"href":"https:\/\/technikrat.de\/en\/wp-json\/wp\/v2\/media\/667638"}],"wp:attachment":[{"href":"https:\/\/technikrat.de\/en\/wp-json\/wp\/v2\/media?parent=2726"}],"wp:term":[{"taxonomy":"product_cat","embeddable":true,"href":"https:\/\/technikrat.de\/en\/wp-json\/wp\/v2\/product_cat?post=2726"},{"taxonomy":"product_tag","embeddable":true,"href":"https:\/\/technikrat.de\/en\/wp-json\/wp\/v2\/product_tag?post=2726"}],"curies":[{"name":"wp","href":"https:\/\/api.w.org\/{rel}","templated":true}]}}