{"id":2684,"date":"2026-03-30T08:44:18","date_gmt":"2026-03-30T06:44:18","guid":{"rendered":""},"modified":"2026-04-04T17:03:31","modified_gmt":"2026-04-04T15:03:31","slug":"bernstein-cuttermesser-140mm","status":"publish","type":"product","link":"https:\/\/technikrat.de\/en\/produkt\/bernstein-cuttermesser-140mm\/","title":{"rendered":"Bernstein Cuttermesser 140mm"},"content":{"rendered":"<p>Bernstein Cuttermesser 140 mm<\/p>\n<p>&#8211; 9 mm Klingenstreifen nachstellbar und abbrechbar<br \/>\n&#8211; R\u00fcckseitig mit einem Clip<br \/>\n&#8211; sehr stabil und langlebig<br \/>\n&#8211; Material Geh\u00e4use aus Metall, pulverbeschichtet<br \/>\n&#8211; Klingen aus rostfreiem Spezialstahl<br \/>\n&#8211; Gesamtl\u00e4nge 140 mm<br \/>\n&#8211; Gewicht 10 g<\/p>\n<p>Allround-Messer Geh\u00e4use aus Metall. Klingenstreifen nachstell- und abbrechbar.<\/p>\n","protected":false},"excerpt":{"rendered":"<p>Bernstein Cuttermesser 140 mm &#8211; 9 mm Klingenstreifen nachstellbar und abbrechbar &#8211; R\u00fcckseitig mit einem Clip &#8211; sehr stabil und langlebig &#8211; Material Geh\u00e4use aus Metall, pulverbeschichtet &#8211; Klingen aus rostfreiem Spezialstahl &#8211; Gesamtl\u00e4nge 140 mm &#8211; Gewicht 10 g Allround-Messer Geh\u00e4use aus Metall. Klingenstreifen nachstell- und abbrechbar.<\/p>\n","protected":false},"featured_media":667670,"template":"","meta":{"ep_exclude_from_search":false},"product_cat":[116],"product_tag":[],"class_list":{"0":"post-2684","1":"product","2":"type-product","3":"status-publish","4":"has-post-thumbnail","6":"product_cat-messer","7":"product_shipping_class-postwarenpost-individuell","9":"first","10":"onbackorder","11":"taxable","12":"shipping-taxable","13":"purchasable","14":"product-type-simple"},"_links":{"self":[{"href":"https:\/\/technikrat.de\/en\/wp-json\/wp\/v2\/product\/2684"}],"collection":[{"href":"https:\/\/technikrat.de\/en\/wp-json\/wp\/v2\/product"}],"about":[{"href":"https:\/\/technikrat.de\/en\/wp-json\/wp\/v2\/types\/product"}],"wp:featuredmedia":[{"embeddable":true,"href":"https:\/\/technikrat.de\/en\/wp-json\/wp\/v2\/media\/667670"}],"wp:attachment":[{"href":"https:\/\/technikrat.de\/en\/wp-json\/wp\/v2\/media?parent=2684"}],"wp:term":[{"taxonomy":"product_cat","embeddable":true,"href":"https:\/\/technikrat.de\/en\/wp-json\/wp\/v2\/product_cat?post=2684"},{"taxonomy":"product_tag","embeddable":true,"href":"https:\/\/technikrat.de\/en\/wp-json\/wp\/v2\/product_tag?post=2684"}],"curies":[{"name":"wp","href":"https:\/\/api.w.org\/{rel}","templated":true}]}}