{"id":2670,"date":"2026-02-28T08:47:51","date_gmt":"2026-02-28T07:47:51","guid":{"rendered":""},"modified":"2026-04-03T21:04:36","modified_gmt":"2026-04-03T19:04:36","slug":"esd-schneidpinzette-buendig-115mm-form-15-ap-ableitfaehig","status":"publish","type":"product","link":"https:\/\/technikrat.de\/en\/produkt\/esd-schneidpinzette-buendig-115mm-form-15-ap-ableitfaehig\/","title":{"rendered":"ESD Schneidpinzette (b\u00fcndig) 115mm Form 15 AP, ableitf\u00e4hig"},"content":{"rendered":"<p>Bernstein ESD Schneidpinzette (b\u00fcndig) 115mm Form 15 AP, ableitf\u00e4hig<\/p>\n<p>&#8211; f\u00fcr weiche Dr\u00e4hte bis \u00d8 0,25mm (Kupferdraht, Golddraht, Silberdraht usw.)<br \/>\n&#8211; zum b\u00fcndigen Schneiden, Schneidenbreite 10 mm, sehr stabil<br \/>\n&#8211; extrem hart und scharf, optimale Sch\u00e4rfe der Schneiden<br \/>\n&#8211; Form 15 AP<br \/>\n&#8211; Material Carbonstahl, nicht anti-magnetisch<br \/>\n&#8211; Oberfl\u00e4che matt poliert, glatt und blendfrei<br \/>\n&#8211; ESD-Beschichtung ableitf\u00e4hig zwischen 10^6 und 10^9 Ohm<br \/>\n&#8211; Gesamtl\u00e4nge 115 mm<br \/>\n&#8211; Gewicht 25 g<\/p>\n<p>Anwendungsbereich<\/p>\n<p>Hochwertige Schneid-Pinzette aus Carbonstahl. Bestens geeignet f\u00fcr weichen Kupferdraht, Gold- und Silberdraht bis \u00d8 0,25 mm. Die Schneiden sind besonders scharf und hart zum b\u00fcndigen Schneiden. Mit ESD-Beschichtung erreichen wir einen Ableitwiderstand von 10^6 bis 10^9 Ohm, Artikel ohne ESD Beschichtung 5-879.<\/p>\n<p>Technische Produktbeschreibung<\/p>\n<p>Pflegehinweis: Hohe Luftfeuchtigkeit oder das Anfassen mit den Fingern (Schwei\u00df) l\u00e4sst Carbonstahl rosten. Daher sollten die Pinzetten immer trocken gehalten oder bei l\u00e4ngerer Lagerung mit \u00d6l eingerieben werden. Bildet sich trotzdem Flugrost auf der Klinge, kann dieser recht einfach entfernt werden, mit einem leichten Anschliff.<\/p>\n","protected":false},"excerpt":{"rendered":"<p>Bernstein ESD Schneidpinzette (b\u00fcndig) 115mm Form 15 AP, ableitf\u00e4hig &#8211; f\u00fcr weiche Dr\u00e4hte bis \u00d8 0,25mm (Kupferdraht, Golddraht, Silberdraht usw.) &#8211; zum b\u00fcndigen Schneiden, Schneidenbreite 10 mm, sehr stabil &#8211; extrem hart und scharf, optimale Sch\u00e4rfe der Schneiden &#8211; Form 15 AP &#8211; Material Carbonstahl, nicht anti-magnetisch &#8211; Oberfl\u00e4che matt poliert, glatt und blendfrei &#8211; [&hellip;]<\/p>\n","protected":false},"featured_media":657438,"template":"","meta":{"ep_exclude_from_search":false},"product_cat":[118,114],"product_tag":[],"class_list":{"0":"post-2670","1":"product","2":"type-product","3":"status-publish","4":"has-post-thumbnail","6":"product_cat-esd-werkzeuge","7":"product_cat-pinzetten","8":"product_shipping_class-postwarenpost-individuell","10":"first","11":"onbackorder","12":"taxable","13":"shipping-taxable","14":"purchasable","15":"product-type-simple"},"_links":{"self":[{"href":"https:\/\/technikrat.de\/en\/wp-json\/wp\/v2\/product\/2670"}],"collection":[{"href":"https:\/\/technikrat.de\/en\/wp-json\/wp\/v2\/product"}],"about":[{"href":"https:\/\/technikrat.de\/en\/wp-json\/wp\/v2\/types\/product"}],"wp:featuredmedia":[{"embeddable":true,"href":"https:\/\/technikrat.de\/en\/wp-json\/wp\/v2\/media\/657438"}],"wp:attachment":[{"href":"https:\/\/technikrat.de\/en\/wp-json\/wp\/v2\/media?parent=2670"}],"wp:term":[{"taxonomy":"product_cat","embeddable":true,"href":"https:\/\/technikrat.de\/en\/wp-json\/wp\/v2\/product_cat?post=2670"},{"taxonomy":"product_tag","embeddable":true,"href":"https:\/\/technikrat.de\/en\/wp-json\/wp\/v2\/product_tag?post=2670"}],"curies":[{"name":"wp","href":"https:\/\/api.w.org\/{rel}","templated":true}]}}