{"id":2432,"date":"2026-02-28T08:45:50","date_gmt":"2026-02-28T07:45:50","guid":{"rendered":""},"modified":"2026-04-04T17:02:54","modified_gmt":"2026-04-04T15:02:54","slug":"bernstein-ersatzpinsel-messingdraht-fuer-2-163-o-4mm-24er-pack","status":"publish","type":"product","link":"https:\/\/technikrat.de\/en\/produkt\/bernstein-ersatzpinsel-messingdraht-fuer-2-163-o-4mm-24er-pack\/","title":{"rendered":"Bernstein Ersatzpinsel Messingdraht f\u00fcr 2-163 \u00d8 4mm, 24er-Pack"},"content":{"rendered":"<p>Bernstein Ersatzpinsel Messingdraht f\u00fcr 2-163 \u00d8 4 mm, 24er-Pack<\/p>\n<p>&#8211; Inhalt: 24 St\u00fcck<br \/>\n&#8211; Made in Germany<br \/>\n&#8211; Borsten aus Messing<br \/>\n&#8211; Borsten-L\u00e4nge 33 mm<br \/>\n&#8211; zum Reinigen, Polieren, Schleifen<br \/>\n&#8211; zum Entrosten, Kratzen und Entgraten<br \/>\n&#8211; Pinsel \u00d8 4 mm<br \/>\n&#8211; in Kunststoffbox<br \/>\n&#8211; Gesamtl\u00e4nge 40 mm<br \/>\n&#8211; Gewicht 41 g<\/p>\n<p>Anwendungsbereich<\/p>\n<p>Ersatzmine f\u00fcr: Messing-Radierer als handlicher und praktischer Helfer beim Reinigen, Polieren, Schleifen, Kratzen und Entgraten, besonders bei kleinen und filigranen Handarbeiten. Er findet Anwendung in der Uhren- und Schmuckindustrie, in der Elektroindustrie, in Kfz-Werkst\u00e4tten oder bei Feinmechanikern und Restauratoren, auch im Privat-, Hobby- und Bastel-Bereich ergeben sich zahlreiche Einsatzm\u00f6glichkeiten. Rostige und verdreckte Gewindeg\u00e4nge k\u00f6nnen mit dem 4 mm Messing- oder Stahldraht-Einsatz problemlos gereinigt und entrostet werden, insbesondere f\u00fcr unzug\u00e4ngliche Stellen.<\/p>\n","protected":false},"excerpt":{"rendered":"<p>Bernstein Ersatzpinsel Messingdraht f\u00fcr 2-163 \u00d8 4 mm, 24er-Pack &#8211; Inhalt: 24 St\u00fcck &#8211; Made in Germany &#8211; Borsten aus Messing &#8211; Borsten-L\u00e4nge 33 mm &#8211; zum Reinigen, Polieren, Schleifen &#8211; zum Entrosten, Kratzen und Entgraten &#8211; Pinsel \u00d8 4 mm &#8211; in Kunststoffbox &#8211; Gesamtl\u00e4nge 40 mm &#8211; Gewicht 41 g Anwendungsbereich Ersatzmine f\u00fcr: [&hellip;]<\/p>\n","protected":false},"featured_media":656744,"template":"","meta":{"ep_exclude_from_search":false},"product_cat":[108],"product_tag":[],"class_list":{"0":"post-2432","1":"product","2":"type-product","3":"status-publish","4":"has-post-thumbnail","6":"product_cat-werkzeugzubehoer","7":"product_shipping_class-postwarenpost-individuell","9":"first","10":"instock","11":"taxable","12":"shipping-taxable","13":"purchasable","14":"product-type-simple"},"_links":{"self":[{"href":"https:\/\/technikrat.de\/en\/wp-json\/wp\/v2\/product\/2432"}],"collection":[{"href":"https:\/\/technikrat.de\/en\/wp-json\/wp\/v2\/product"}],"about":[{"href":"https:\/\/technikrat.de\/en\/wp-json\/wp\/v2\/types\/product"}],"wp:featuredmedia":[{"embeddable":true,"href":"https:\/\/technikrat.de\/en\/wp-json\/wp\/v2\/media\/656744"}],"wp:attachment":[{"href":"https:\/\/technikrat.de\/en\/wp-json\/wp\/v2\/media?parent=2432"}],"wp:term":[{"taxonomy":"product_cat","embeddable":true,"href":"https:\/\/technikrat.de\/en\/wp-json\/wp\/v2\/product_cat?post=2432"},{"taxonomy":"product_tag","embeddable":true,"href":"https:\/\/technikrat.de\/en\/wp-json\/wp\/v2\/product_tag?post=2432"}],"curies":[{"name":"wp","href":"https:\/\/api.w.org\/{rel}","templated":true}]}}