{"id":2323,"date":"2026-03-25T12:43:28","date_gmt":"2026-03-25T11:43:28","guid":{"rendered":""},"modified":"2026-04-04T17:02:52","modified_gmt":"2026-04-04T15:02:52","slug":"bernstein-esd-abloethebel-mit-schlitz-07x20mm","status":"publish","type":"product","link":"https:\/\/technikrat.de\/en\/produkt\/bernstein-esd-abloethebel-mit-schlitz-07x20mm\/","title":{"rendered":"Bernstein ESD Abl\u00f6thebel mit Schlitz 0,7&#215;2,0mm"},"content":{"rendered":"<p>Bernstein ESD Abl\u00f6thebel mit Schlitz 0,7&#215;2,0 mm<\/p>\n<p>&#8211; zum Abheben festsitzender Bauteile und Komponenten beim Ausl\u00f6ten<br \/>\n&#8211; Klingen-\u00d8 3,5 mm<br \/>\n&#8211; Klingenbreite 3.58 mm (+\/-0.01)<br \/>\n&#8211; Schlitztiefe 2.0 mm<br \/>\n&#8211; Schlitzbreite 0.7 mm<br \/>\n&#8211; Klinge aus Qualit\u00e4tsstahl matt verchromt<br \/>\nESD Griff mit Drehkappe ableitf\u00e4hig (10^5 bis 10^7 Ohm)<br \/>\n&#8211; Gesamtl\u00e4nge 147 mm<br \/>\n-Gewicht 17 g<\/p>\n<p>Anwendungsbereich<\/p>\n<p>Idealer Abheber, Ausheber oder beim Ausl\u00f6ten f\u00fcr festsitzende Bauteile \/ Komponenten von der Leiterplatte, ohne diese zu besch\u00e4digen.<br \/>\nBeim Arbeiten an Leiterplatten (PCB\u00b4s) kann es vorkommen, dass L\u00f6tbr\u00fccken oder L\u00f6tr\u00fcckst\u00e4nden entfernt werden m\u00fcssen, dabei kann unser Zinnschaber 2-128 sehr hilfreich sein. Zum Unterbrechen von Leiterbahnen eignen sich unsere Zinnmesser 2-127 mit Stahl-Klinge oder unser Zinnmesser 2-101 mit Keramik-Klinge. Bitte beachten Sie, dass diese Werkezuge \u00e4u\u00dfert scharf geschliffen sind.<\/p>\n<p>Technische Produktbeschreibung<\/p>\n<p>EPA geeignet. Zum Arbeiten in elektrostatisch gesch\u00fctzten Bereichen (ESD Arbeitsplatz\/ESD Schutzzone).<br \/>\nDie Klingen sind aus Qualit\u00e4tsstahl gefertigt. Die Spitzen sind fein geschliffen und absichtlich ohne Oberfl\u00e4chenbehandlung, um Chrom oder \u00e4hnliche Absplitterung zu vermeiden. Die Drehkappe ist leichtg\u00e4ngig und durch die ergonomische Form liegt der Griff komfortable in der Hand.<\/p>\n","protected":false},"excerpt":{"rendered":"<p>Bernstein ESD Abl\u00f6thebel mit Schlitz 0,7&#215;2,0 mm &#8211; zum Abheben festsitzender Bauteile und Komponenten beim Ausl\u00f6ten &#8211; Klingen-\u00d8 3,5 mm &#8211; Klingenbreite 3.58 mm (+\/-0.01) &#8211; Schlitztiefe 2.0 mm &#8211; Schlitzbreite 0.7 mm &#8211; Klinge aus Qualit\u00e4tsstahl matt verchromt ESD Griff mit Drehkappe ableitf\u00e4hig (10^5 bis 10^7 Ohm) &#8211; Gesamtl\u00e4nge 147 mm -Gewicht 17 g [&hellip;]<\/p>\n","protected":false},"featured_media":656728,"template":"","meta":{"ep_exclude_from_search":false},"product_cat":[111],"product_tag":[],"class_list":{"0":"post-2323","1":"product","2":"type-product","3":"status-publish","4":"has-post-thumbnail","6":"product_cat-spezialwerkzeuge","7":"product_shipping_class-postwarenpost-individuell","9":"first","10":"onbackorder","11":"taxable","12":"shipping-taxable","13":"purchasable","14":"product-type-simple"},"_links":{"self":[{"href":"https:\/\/technikrat.de\/en\/wp-json\/wp\/v2\/product\/2323"}],"collection":[{"href":"https:\/\/technikrat.de\/en\/wp-json\/wp\/v2\/product"}],"about":[{"href":"https:\/\/technikrat.de\/en\/wp-json\/wp\/v2\/types\/product"}],"wp:featuredmedia":[{"embeddable":true,"href":"https:\/\/technikrat.de\/en\/wp-json\/wp\/v2\/media\/656728"}],"wp:attachment":[{"href":"https:\/\/technikrat.de\/en\/wp-json\/wp\/v2\/media?parent=2323"}],"wp:term":[{"taxonomy":"product_cat","embeddable":true,"href":"https:\/\/technikrat.de\/en\/wp-json\/wp\/v2\/product_cat?post=2323"},{"taxonomy":"product_tag","embeddable":true,"href":"https:\/\/technikrat.de\/en\/wp-json\/wp\/v2\/product_tag?post=2323"}],"curies":[{"name":"wp","href":"https:\/\/api.w.org\/{rel}","templated":true}]}}