{"id":211035,"date":"2026-04-07T20:40:38","date_gmt":"2026-04-07T18:40:38","guid":{"rendered":""},"modified":"2026-04-08T21:01:54","modified_gmt":"2026-04-08T19:01:54","slug":"ablagestaender-fuer-i-tool-mit-trockenreiniger-aus-metallwolle","status":"publish","type":"product","link":"https:\/\/technikrat.de\/en\/produkt\/ablagestaender-fuer-i-tool-mit-trockenreiniger-aus-metallwolle\/","title":{"rendered":"Ablagest\u00e4nder f\u00fcr i-Tool mit Trockenreiniger aus Metallwolle"},"content":{"rendered":"<p>ERSA Ablagest\u00e4nder<\/p>\n<p>Ablagest\u00e4nder  mit feuerfestem Keramik-Ablagetrichter und Trockenreiniger aus Metallwolle (0008M) f\u00fcr L\u00f6tkolben i-Tool (0120CDK) und i-Tool NANO (0100CDJ).<\/p>\n","protected":false},"excerpt":{"rendered":"<p>ERSA Ablagest\u00e4nder Ablagest\u00e4nder mit feuerfestem Keramik-Ablagetrichter und Trockenreiniger aus Metallwolle (0008M) f\u00fcr L\u00f6tkolben i-Tool (0120CDK) und i-Tool NANO (0100CDJ).<\/p>\n","protected":false},"featured_media":654898,"template":"","meta":{"ep_exclude_from_search":false},"product_cat":[137],"product_tag":[],"class_list":{"0":"post-211035","1":"product","2":"type-product","3":"status-publish","4":"has-post-thumbnail","6":"product_cat-zubehoer","7":"product_shipping_class-paket","9":"first","10":"instock","11":"taxable","12":"shipping-taxable","13":"purchasable","14":"product-type-simple"},"_links":{"self":[{"href":"https:\/\/technikrat.de\/en\/wp-json\/wp\/v2\/product\/211035"}],"collection":[{"href":"https:\/\/technikrat.de\/en\/wp-json\/wp\/v2\/product"}],"about":[{"href":"https:\/\/technikrat.de\/en\/wp-json\/wp\/v2\/types\/product"}],"wp:featuredmedia":[{"embeddable":true,"href":"https:\/\/technikrat.de\/en\/wp-json\/wp\/v2\/media\/654898"}],"wp:attachment":[{"href":"https:\/\/technikrat.de\/en\/wp-json\/wp\/v2\/media?parent=211035"}],"wp:term":[{"taxonomy":"product_cat","embeddable":true,"href":"https:\/\/technikrat.de\/en\/wp-json\/wp\/v2\/product_cat?post=211035"},{"taxonomy":"product_tag","embeddable":true,"href":"https:\/\/technikrat.de\/en\/wp-json\/wp\/v2\/product_tag?post=211035"}],"curies":[{"name":"wp","href":"https:\/\/api.w.org\/{rel}","templated":true}]}}