{"id":210713,"date":"2026-04-01T16:41:46","date_gmt":"2026-04-01T14:41:46","guid":{"rendered":""},"modified":"2026-04-08T21:01:52","modified_gmt":"2026-04-08T19:01:52","slug":"ersa-multi-sprint-loetkolben-loetpistole-75w-230v","status":"publish","type":"product","link":"https:\/\/technikrat.de\/en\/produkt\/ersa-multi-sprint-loetkolben-loetpistole-75w-230v\/","title":{"rendered":"ERSA Multi-Sprint L\u00f6tkolben L\u00f6tpistole 75W 230V"},"content":{"rendered":"<p>ERSA Multi-Sprint L\u00f6tkolben L\u00f6tpistole 75W 230V<\/p>\n<p>Der ERSA Multi-Sprint ist eine \u00e4u\u00dferst leichte, trafolose L\u00f6tpistole mit bis zu 150 W Anheizleistung und ergonomischem Design. Sein PTC-Heizelement sorgt in Verbindung mit der innenbeheizten ERSADUR-Dauerl\u00f6tspitze f\u00fcr einen besonders hohen Wirkungsgrad. Aufgrund der sehr kurzen Anheizzeit ist er ideal f\u00fcr schnelle Einzell\u00f6tungen geeignet. Der Multi-Sprint erh\u00e4lt nur so lange Heizenergie wie sein Taster gedr\u00fcckt wird. Die gro\u00dfe Spitzenauswahl der Serien 832 \/ 842 er\u00f6ffnet ihm nicht nur im Service- und Reparaturbereich ein breites Einsatzspektrum.<br \/>\nAusgestattet mit einer 3,2 mm mei\u00dfelf\u00f6rmigen ERSADUR-Dauerl\u00f6tspitze (0832EDLF)<\/p>\n","protected":false},"excerpt":{"rendered":"<p>ERSA Multi-Sprint L\u00f6tkolben L\u00f6tpistole 75W 230V Der ERSA Multi-Sprint ist eine \u00e4u\u00dferst leichte, trafolose L\u00f6tpistole mit bis zu 150 W Anheizleistung und ergonomischem Design. Sein PTC-Heizelement sorgt in Verbindung mit der innenbeheizten ERSADUR-Dauerl\u00f6tspitze f\u00fcr einen besonders hohen Wirkungsgrad. Aufgrund der sehr kurzen Anheizzeit ist er ideal f\u00fcr schnelle Einzell\u00f6tungen geeignet. Der Multi-Sprint erh\u00e4lt nur so [&hellip;]<\/p>\n","protected":false},"featured_media":654881,"template":"","meta":{"ep_exclude_from_search":false},"product_cat":[148],"product_tag":[],"class_list":{"0":"post-210713","1":"product","2":"type-product","3":"status-publish","4":"has-post-thumbnail","6":"product_cat-loetkolben","7":"product_shipping_class-paket","9":"first","10":"instock","11":"taxable","12":"shipping-taxable","13":"purchasable","14":"product-type-simple"},"_links":{"self":[{"href":"https:\/\/technikrat.de\/en\/wp-json\/wp\/v2\/product\/210713"}],"collection":[{"href":"https:\/\/technikrat.de\/en\/wp-json\/wp\/v2\/product"}],"about":[{"href":"https:\/\/technikrat.de\/en\/wp-json\/wp\/v2\/types\/product"}],"wp:featuredmedia":[{"embeddable":true,"href":"https:\/\/technikrat.de\/en\/wp-json\/wp\/v2\/media\/654881"}],"wp:attachment":[{"href":"https:\/\/technikrat.de\/en\/wp-json\/wp\/v2\/media?parent=210713"}],"wp:term":[{"taxonomy":"product_cat","embeddable":true,"href":"https:\/\/technikrat.de\/en\/wp-json\/wp\/v2\/product_cat?post=210713"},{"taxonomy":"product_tag","embeddable":true,"href":"https:\/\/technikrat.de\/en\/wp-json\/wp\/v2\/product_tag?post=210713"}],"curies":[{"name":"wp","href":"https:\/\/api.w.org\/{rel}","templated":true}]}}