{"id":1965,"date":"2026-04-01T16:43:26","date_gmt":"2026-04-01T14:43:26","guid":{"rendered":""},"modified":"2026-04-04T17:02:47","modified_gmt":"2026-04-04T15:02:47","slug":"kunststoff-abgleich-schraubendreher-schlitz-klinge-3x05x40mm-trimmer","status":"publish","type":"product","link":"https:\/\/technikrat.de\/en\/produkt\/kunststoff-abgleich-schraubendreher-schlitz-klinge-3x05x40mm-trimmer\/","title":{"rendered":"Kunststoff Abgleich-Schraubendreher Schlitz Klinge 3&#215;0,5x40mm Trimmer"},"content":{"rendered":"<p>&#8211; Trimmer zum leichten und sicheren Einstellen von Spindelwiderst\u00e4nden und    Potenziometern (Poti)<br \/>\n&#8211; 1-Komponenten Kunststoff-Griff<br \/>\n&#8211; Klingenl\u00e4nge 40 mm<br \/>\n&#8211; Klingen \u00d8 3 mm<br \/>\n&#8211; Klingenbreite 3 mm<br \/>\n&#8211; Klingenst\u00e4rke 0,5 mm<br \/>\n&#8211; Material Spezialkunststoff<br \/>\n&#8211; harte, flexible Klinge mit hoher Drehfestigkeit, isolierend<br \/>\n&#8211; Gesamtl\u00e4nge 85 mm<br \/>\n&#8211; Gewicht 3 g<\/p>\n<p>Anwendungsbereich<\/p>\n<p>Abgleichwerkzeuge aus Kunststoff. BERNSTEIN verarbeitet f\u00fcr Abgleichschraubendreher und Abgleichschl\u00fcssel ein hochwertiges, vollisolierendes Kunststoffmaterial, welches hart und trotzdem elastisch ist. F\u00fcr h\u00f6chste Anspr\u00fcche in Bezug auf Drehfestigkeit wird zus\u00e4tzlich ein Material aus hartem Spezialkunststoff angeboten (Artikel 1-738 und 1-739).<\/p>\n<p>Abgleichwerkzeuge im Einsatz. Eine Vielzahl von elektrischen und elektronischen Ger\u00e4ten oder Baugruppen m\u00fcssen nach dem Fertigungsprozess abgeglichen bzw. eingestellt werden. Auch beim Service und Einbau neuer Bauteile oder wenn elektrische Werte sich durch Alterung ver\u00e4ndert haben, ist meist ein Abgleich notwendig, um die optimale Ger\u00e4tefunktion wiederherzustellen. F\u00fcr die verschiedenen Anwendungsbereiche bieten wir Abgleichwerkzeuge aus unterschiedlichen Materialien an. Im Bereich der Keramik fertigen wir neben vielen Standard-Klingen auch Sonderformen auf Kundenwunsch an. Kontaktieren Sie uns und wir unterst\u00fctzen Sie bei der Umsetzung Ihrer Ideen.<\/p>\n","protected":false},"excerpt":{"rendered":"<p>&#8211; Trimmer zum leichten und sicheren Einstellen von Spindelwiderst\u00e4nden und Potenziometern (Poti) &#8211; 1-Komponenten Kunststoff-Griff &#8211; Klingenl\u00e4nge 40 mm &#8211; Klingen \u00d8 3 mm &#8211; Klingenbreite 3 mm &#8211; Klingenst\u00e4rke 0,5 mm &#8211; Material Spezialkunststoff &#8211; harte, flexible Klinge mit hoher Drehfestigkeit, isolierend &#8211; Gesamtl\u00e4nge 85 mm &#8211; Gewicht 3 g Anwendungsbereich Abgleichwerkzeuge aus Kunststoff. [&hellip;]<\/p>\n","protected":false},"featured_media":656642,"template":"","meta":{"ep_exclude_from_search":false},"product_cat":[121,112],"product_tag":[],"class_list":{"0":"post-1965","1":"product","2":"type-product","3":"status-publish","4":"has-post-thumbnail","6":"product_cat-abgleichwerkzeuge","7":"product_cat-schraubwerkzeug","8":"product_shipping_class-postwarenpost-individuell","10":"first","11":"instock","12":"taxable","13":"shipping-taxable","14":"purchasable","15":"product-type-simple"},"_links":{"self":[{"href":"https:\/\/technikrat.de\/en\/wp-json\/wp\/v2\/product\/1965"}],"collection":[{"href":"https:\/\/technikrat.de\/en\/wp-json\/wp\/v2\/product"}],"about":[{"href":"https:\/\/technikrat.de\/en\/wp-json\/wp\/v2\/types\/product"}],"wp:featuredmedia":[{"embeddable":true,"href":"https:\/\/technikrat.de\/en\/wp-json\/wp\/v2\/media\/656642"}],"wp:attachment":[{"href":"https:\/\/technikrat.de\/en\/wp-json\/wp\/v2\/media?parent=1965"}],"wp:term":[{"taxonomy":"product_cat","embeddable":true,"href":"https:\/\/technikrat.de\/en\/wp-json\/wp\/v2\/product_cat?post=1965"},{"taxonomy":"product_tag","embeddable":true,"href":"https:\/\/technikrat.de\/en\/wp-json\/wp\/v2\/product_tag?post=1965"}],"curies":[{"name":"wp","href":"https:\/\/api.w.org\/{rel}","templated":true}]}}