{"id":1761,"date":"2026-04-01T16:41:33","date_gmt":"2026-04-01T14:41:33","guid":{"rendered":""},"modified":"2026-04-04T09:01:42","modified_gmt":"2026-04-04T07:01:42","slug":"ersa-loetkolben-power-tool-antistatisch-80-watt","status":"publish","type":"product","link":"https:\/\/technikrat.de\/en\/produkt\/ersa-loetkolben-power-tool-antistatisch-80-watt\/","title":{"rendered":"ERSA L\u00f6tkolben Power Tool antistatisch, 80 Watt"},"content":{"rendered":"<p>ERSA L\u00f6tkolben Power-Tool <\/p>\n<p>L\u00f6tkolben (0840CDJ) mit Verpackung, ausgestattet mit einer 2,2 mm geraden mei\u00dfelf\u00f6rmigen ERSADUR-Dauerl\u00f6tspitze (0832CD) f\u00fcr die L\u00f6tstationen DIGITAL 80 A (0DIG80A), DIGITAL 2000 A (0DIG20A84). Analog 80 A (0ANA80A)<\/p>\n","protected":false},"excerpt":{"rendered":"<p>ERSA L\u00f6tkolben Power-Tool L\u00f6tkolben (0840CDJ) mit Verpackung, ausgestattet mit einer 2,2 mm geraden mei\u00dfelf\u00f6rmigen ERSADUR-Dauerl\u00f6tspitze (0832CD) f\u00fcr die L\u00f6tstationen DIGITAL 80 A (0DIG80A), DIGITAL 2000 A (0DIG20A84). Analog 80 A (0ANA80A)<\/p>\n","protected":false},"featured_media":654833,"template":"","meta":{"ep_exclude_from_search":false},"product_cat":[148],"product_tag":[],"class_list":{"0":"post-1761","1":"product","2":"type-product","3":"status-publish","4":"has-post-thumbnail","6":"product_cat-loetkolben","7":"product_shipping_class-paket","9":"first","10":"onbackorder","11":"taxable","12":"shipping-taxable","13":"purchasable","14":"product-type-simple"},"_links":{"self":[{"href":"https:\/\/technikrat.de\/en\/wp-json\/wp\/v2\/product\/1761"}],"collection":[{"href":"https:\/\/technikrat.de\/en\/wp-json\/wp\/v2\/product"}],"about":[{"href":"https:\/\/technikrat.de\/en\/wp-json\/wp\/v2\/types\/product"}],"wp:featuredmedia":[{"embeddable":true,"href":"https:\/\/technikrat.de\/en\/wp-json\/wp\/v2\/media\/654833"}],"wp:attachment":[{"href":"https:\/\/technikrat.de\/en\/wp-json\/wp\/v2\/media?parent=1761"}],"wp:term":[{"taxonomy":"product_cat","embeddable":true,"href":"https:\/\/technikrat.de\/en\/wp-json\/wp\/v2\/product_cat?post=1761"},{"taxonomy":"product_tag","embeddable":true,"href":"https:\/\/technikrat.de\/en\/wp-json\/wp\/v2\/product_tag?post=1761"}],"curies":[{"name":"wp","href":"https:\/\/api.w.org\/{rel}","templated":true}]}}