{"id":1439,"date":"2026-04-04T08:41:18","date_gmt":"2026-04-04T06:41:18","guid":{"rendered":""},"modified":"2026-04-05T21:25:50","modified_gmt":"2026-04-05T19:25:50","slug":"ersa-independent-75-gasloet-basic-set-75w","status":"publish","type":"product","link":"https:\/\/technikrat.de\/en\/produkt\/ersa-independent-75-gasloet-basic-set-75w\/","title":{"rendered":"ERSA Independent 75 Gasl\u00f6t-Basic-Set 75W"},"content":{"rendered":"<p>ERSA Independent 75 Gas-L\u00f6tset Basic-Set<\/p>\n<p>Mobile Power &#8211; wo immer Sie wollen! Leistungsstark, mit umfangreicher Ausstattung in h\u00f6chster Qualit\u00e4t, klein, handlich und dazu noch praktisch verpackt. Die Gasl\u00f6t-Sets Independent 75 Basic-Set und Profi-Set lassen keine W\u00fcnsche offen! Der ergonomische, antistatische Gasl\u00f6tkolben mit Piezo-Z\u00fcndung ist ideal geeignet f\u00fcr Service- und Wartungsarbeiten, besonders dann, wenn die Stromversorgung fehlt. Mit seiner stufenlos einstellbaren Leistung von 15 &#8211; 75 W (vergl. mit elektr. L\u00f6tkolben) lassen sich maximale L\u00f6tspitzentemperaturen von bis zu 580\u00b0C erreichen. Betrieben wird der Independent mit handels\u00fcblichem Butan-Feuerzeuggas. Das Set wird im praktischen Transport-Etui geliefert. Im &#8220;Profi-Set&#8221; sind zus\u00e4tzlich zur Basic-Set-Ausstattung zwei weitere L\u00f6tspitzen, ein Gl\u00fchmesser zum Schneiden von Hartschaumstoffen, eine Hei\u00dfgasd\u00fcse, ein Reflektorblech f\u00fcr Schrumpfschl\u00e4uche und eine Flammd\u00fcse zum Mikroschwei\u00dfen enthalten.<br \/>\nWie sein gro\u00dfer Bruder, der Independent 130, ist auch der Independent 75 in den beiden Set-Varianten als Basic-Set beziehungsweise Profi-Set erh\u00e4ltlich.<br \/>\nIm Independent 75 &#8220;Basic Set&#8221; enthalten ist ein Gasl\u00f6tkolben mit montierter L\u00f6tspitze (0G072KN),2,4 mm mei\u00dfelf\u00f6rmig eine weitere L\u00f6tspitze sowie ein Schwammbeh\u00e4lter mit Reinigungsschwamm (0006G und einem Auflageb\u00fcgel (0A20)<\/p>\n<p>Alle Teile dieses Sets werden in einem pratischen Kunststoff-Etui geliefert<\/p>\n<p>Abmessungen(Gasl\u00f6tkolben): \u2205 3cm\/ L\u00e4nge 17,7cm<\/p>\n<p>Maximaler Inhalt des Gasdepots: ca. 6ml<\/p>\n","protected":false},"excerpt":{"rendered":"<p>ERSA Independent 75 Gas-L\u00f6tset Basic-Set Mobile Power &#8211; wo immer Sie wollen! Leistungsstark, mit umfangreicher Ausstattung in h\u00f6chster Qualit\u00e4t, klein, handlich und dazu noch praktisch verpackt. Die Gasl\u00f6t-Sets Independent 75 Basic-Set und Profi-Set lassen keine W\u00fcnsche offen! Der ergonomische, antistatische Gasl\u00f6tkolben mit Piezo-Z\u00fcndung ist ideal geeignet f\u00fcr Service- und Wartungsarbeiten, besonders dann, wenn die Stromversorgung [&hellip;]<\/p>\n","protected":false},"featured_media":655048,"template":"","meta":{"ep_exclude_from_search":false},"product_cat":[148],"product_tag":[],"class_list":{"0":"post-1439","1":"product","2":"type-product","3":"status-publish","4":"has-post-thumbnail","6":"product_cat-loetkolben","7":"product_shipping_class-paket","9":"first","10":"instock","11":"taxable","12":"shipping-taxable","13":"purchasable","14":"product-type-simple"},"_links":{"self":[{"href":"https:\/\/technikrat.de\/en\/wp-json\/wp\/v2\/product\/1439"}],"collection":[{"href":"https:\/\/technikrat.de\/en\/wp-json\/wp\/v2\/product"}],"about":[{"href":"https:\/\/technikrat.de\/en\/wp-json\/wp\/v2\/types\/product"}],"wp:featuredmedia":[{"embeddable":true,"href":"https:\/\/technikrat.de\/en\/wp-json\/wp\/v2\/media\/655048"}],"wp:attachment":[{"href":"https:\/\/technikrat.de\/en\/wp-json\/wp\/v2\/media?parent=1439"}],"wp:term":[{"taxonomy":"product_cat","embeddable":true,"href":"https:\/\/technikrat.de\/en\/wp-json\/wp\/v2\/product_cat?post=1439"},{"taxonomy":"product_tag","embeddable":true,"href":"https:\/\/technikrat.de\/en\/wp-json\/wp\/v2\/product_tag?post=1439"}],"curies":[{"name":"wp","href":"https:\/\/api.w.org\/{rel}","templated":true}]}}