{"id":1356,"date":"2026-04-03T08:40:59","date_gmt":"2026-04-03T06:40:59","guid":{"rendered":""},"modified":"2026-04-04T09:01:34","modified_gmt":"2026-04-04T07:01:34","slug":"ersa-loetkolben-ergo-tool-60w","status":"publish","type":"product","link":"https:\/\/technikrat.de\/en\/produkt\/ersa-loetkolben-ergo-tool-60w\/","title":{"rendered":"ERSA L\u00f6tkolben Ergo tool 60W"},"content":{"rendered":"<p>ERSA L\u00f6tkolben Ergo tool 60W<\/p>\n<p>L\u00f6tkolben mit Verpackung, ausgestattet mit einer 2,2 mm mei\u00dfelf\u00f6rmigen ERSADUR-Dauerl\u00f6tspitze (0832CD) f\u00fcr die antistatische  L\u00f6tstation ANANLOG 60 (0ANA60A)<\/p>\n","protected":false},"excerpt":{"rendered":"<p>ERSA L\u00f6tkolben Ergo tool 60W L\u00f6tkolben mit Verpackung, ausgestattet mit einer 2,2 mm mei\u00dfelf\u00f6rmigen ERSADUR-Dauerl\u00f6tspitze (0832CD) f\u00fcr die antistatische L\u00f6tstation ANANLOG 60 (0ANA60A)<\/p>\n","protected":false},"featured_media":654689,"template":"","meta":{"ep_exclude_from_search":false},"product_cat":[148],"product_tag":[],"class_list":{"0":"post-1356","1":"product","2":"type-product","3":"status-publish","4":"has-post-thumbnail","6":"product_cat-loetkolben","7":"product_shipping_class-paket","9":"first","10":"instock","11":"taxable","12":"shipping-taxable","13":"purchasable","14":"product-type-simple"},"_links":{"self":[{"href":"https:\/\/technikrat.de\/en\/wp-json\/wp\/v2\/product\/1356"}],"collection":[{"href":"https:\/\/technikrat.de\/en\/wp-json\/wp\/v2\/product"}],"about":[{"href":"https:\/\/technikrat.de\/en\/wp-json\/wp\/v2\/types\/product"}],"wp:featuredmedia":[{"embeddable":true,"href":"https:\/\/technikrat.de\/en\/wp-json\/wp\/v2\/media\/654689"}],"wp:attachment":[{"href":"https:\/\/technikrat.de\/en\/wp-json\/wp\/v2\/media?parent=1356"}],"wp:term":[{"taxonomy":"product_cat","embeddable":true,"href":"https:\/\/technikrat.de\/en\/wp-json\/wp\/v2\/product_cat?post=1356"},{"taxonomy":"product_tag","embeddable":true,"href":"https:\/\/technikrat.de\/en\/wp-json\/wp\/v2\/product_tag?post=1356"}],"curies":[{"name":"wp","href":"https:\/\/api.w.org\/{rel}","templated":true}]}}