{"id":1190,"date":"2026-04-01T16:40:58","date_gmt":"2026-04-01T14:40:58","guid":{"rendered":""},"modified":"2026-04-08T17:01:32","modified_gmt":"2026-04-08T15:01:32","slug":"ersa-entloetpinzette-chip-tool-2x-20w","status":"publish","type":"product","link":"https:\/\/technikrat.de\/en\/produkt\/ersa-entloetpinzette-chip-tool-2x-20w\/","title":{"rendered":"ERSA Entl\u00f6tpinzette Chip Tool  2x 20W"},"content":{"rendered":"<p>ERSA Entl\u00f6tpinzette Chip Tool 2x20W<\/p>\n<p>Entl\u00f6tpinzette Chip Tool f\u00fcr DIGITAL 2000 A Version 0DIG20A45, f\u00fcr i-Con 2 0IC2000A und f\u00fcr die SMD&#8211;L\u00f6t- und Entl\u00f6tstation SMT 60 A (0SMT60AC). Enth\u00e4lt ein  Entl\u00f6tspitzenpaar (0452MDLF020).<\/p>\n","protected":false},"excerpt":{"rendered":"<p>ERSA Entl\u00f6tpinzette Chip Tool 2x20W Entl\u00f6tpinzette Chip Tool f\u00fcr DIGITAL 2000 A Version 0DIG20A45, f\u00fcr i-Con 2 0IC2000A und f\u00fcr die SMD&#8211;L\u00f6t- und Entl\u00f6tstation SMT 60 A (0SMT60AC). Enth\u00e4lt ein Entl\u00f6tspitzenpaar (0452MDLF020).<\/p>\n","protected":false},"featured_media":654570,"template":"","meta":{"ep_exclude_from_search":false},"product_cat":[139],"product_tag":[],"class_list":{"0":"post-1190","1":"product","2":"type-product","3":"status-publish","4":"has-post-thumbnail","6":"product_cat-ersatzteile","7":"product_shipping_class-paket","9":"first","10":"instock","11":"taxable","12":"shipping-taxable","13":"purchasable","14":"product-type-simple"},"_links":{"self":[{"href":"https:\/\/technikrat.de\/en\/wp-json\/wp\/v2\/product\/1190"}],"collection":[{"href":"https:\/\/technikrat.de\/en\/wp-json\/wp\/v2\/product"}],"about":[{"href":"https:\/\/technikrat.de\/en\/wp-json\/wp\/v2\/types\/product"}],"wp:featuredmedia":[{"embeddable":true,"href":"https:\/\/technikrat.de\/en\/wp-json\/wp\/v2\/media\/654570"}],"wp:attachment":[{"href":"https:\/\/technikrat.de\/en\/wp-json\/wp\/v2\/media?parent=1190"}],"wp:term":[{"taxonomy":"product_cat","embeddable":true,"href":"https:\/\/technikrat.de\/en\/wp-json\/wp\/v2\/product_cat?post=1190"},{"taxonomy":"product_tag","embeddable":true,"href":"https:\/\/technikrat.de\/en\/wp-json\/wp\/v2\/product_tag?post=1190"}],"curies":[{"name":"wp","href":"https:\/\/api.w.org\/{rel}","templated":true}]}}