{"id":34,"date":"2022-01-13T08:56:43","date_gmt":"2022-01-13T08:56:43","guid":{"rendered":"https:\/\/ersalive.hw.ag\/?page_id=34"},"modified":"2025-11-07T13:41:22","modified_gmt":"2025-11-07T12:41:22","slug":"impressum","status":"publish","type":"page","link":"https:\/\/technikrat.de\/en\/impressum\/","title":{"rendered":"Imprint"},"content":{"rendered":"<p><strong>TechnikRAT e.K.<\/strong><\/p>\n<p>Baderstra\u00dfe 5<br \/>\n06869 Coswig (Anhalt)<br \/>\nDeutschland<\/p>\n<p>Telefon: 034903\/999000<\/p>\n<p>Mail: info@TechnikRAT.de<\/p>\n<p>Handelsregister: Amtsgericht Stendal, HRA 4149<\/p>\n<p>Umsatzsteuer-Identifikationsnummer(n): DE139835126<\/p>\n<p>Registrierungsnummer der EAR: WEEE-Reg.-Nr. DE 16169233.<br \/>\nInformationen zur Erf\u00fcllung der quantitativen Zielvorgaben zu Altger\u00e4ten nach \u00a7\u00a7 10 Abs. 3, 22 Abs. 1 ElektroG finden Sie auf den Seiten des\u00a0<a href=\"http:\/\/www.bmuv.de\/WS1822\" target=\"_blank\" rel=\"noopener\">Bundesumweltministeriums<\/a>\u00a0(&#8220;Statistik&#8221;).<\/p>\n<p>Zur Teilnahme an einem Streitbeilegungsverfahren vor einer Verbraucherschlichtungsstelle sind wir nicht verpflichtet und nicht bereit.<\/p>\n<p>Zust\u00e4ndige Beh\u00f6rde f\u00fcr audiovisuelle Mediendienste:<\/p>\n<p>Medienanstalt Sachsen-Anhalt<br \/>\nReichardtstra\u00dfe 9<br \/>\n06114 Halle\/Saale<br \/>\nDeutschland<\/p>\n<p>Unser Unternehmen ist gem\u00e4\u00df den gesetzlichen Bestimmungen vom Anwendungsbereich der Barrierefreiheitsanforderungen und somit von der Pflicht zur Erstellung und Bereitstellung einer Barrierefreiheitserkl\u00e4rung ausgenommen.<\/p>\n","protected":false},"excerpt":{"rendered":"<p>TechnikRAT e.K. Baderstra\u00dfe 5 06869 Coswig (Anhalt) Deutschland Telefon: 034903\/999000 Mail: info@TechnikRAT.de Handelsregister: Amtsgericht Stendal, HRA 4149 Umsatzsteuer-Identifikationsnummer(n): DE139835126 Registrierungsnummer der EAR: WEEE-Reg.-Nr. DE 16169233. Informationen zur Erf\u00fcllung der quantitativen Zielvorgaben zu Altger\u00e4ten nach \u00a7\u00a7 10 Abs. 3, 22 Abs. 1 ElektroG finden Sie auf den Seiten des\u00a0Bundesumweltministeriums\u00a0(&#8220;Statistik&#8221;). Zur Teilnahme an einem Streitbeilegungsverfahren vor einer [&hellip;]<\/p>\n","protected":false},"author":1,"featured_media":0,"parent":0,"menu_order":0,"comment_status":"closed","ping_status":"closed","template":"no-sidebar-card.php","meta":{"ep_exclude_from_search":false,"footnotes":""},"class_list":["post-34","page","type-page","status-publish","hentry"],"_links":{"self":[{"href":"https:\/\/technikrat.de\/en\/wp-json\/wp\/v2\/pages\/34"}],"collection":[{"href":"https:\/\/technikrat.de\/en\/wp-json\/wp\/v2\/pages"}],"about":[{"href":"https:\/\/technikrat.de\/en\/wp-json\/wp\/v2\/types\/page"}],"author":[{"embeddable":true,"href":"https:\/\/technikrat.de\/en\/wp-json\/wp\/v2\/users\/1"}],"replies":[{"embeddable":true,"href":"https:\/\/technikrat.de\/en\/wp-json\/wp\/v2\/comments?post=34"}],"version-history":[{"count":10,"href":"https:\/\/technikrat.de\/en\/wp-json\/wp\/v2\/pages\/34\/revisions"}],"predecessor-version":[{"id":681200,"href":"https:\/\/technikrat.de\/en\/wp-json\/wp\/v2\/pages\/34\/revisions\/681200"}],"wp:attachment":[{"href":"https:\/\/technikrat.de\/en\/wp-json\/wp\/v2\/media?parent=34"}],"curies":[{"name":"wp","href":"https:\/\/api.w.org\/{rel}","templated":true}]}}