{"id":29,"date":"2022-01-13T08:47:15","date_gmt":"2022-01-13T08:47:15","guid":{"rendered":"https:\/\/ersalive.hw.ag\/?page_id=29"},"modified":"2025-11-07T13:33:28","modified_gmt":"2025-11-07T12:33:28","slug":"allgemeine-geschaeftsbedingungen","status":"publish","type":"page","link":"https:\/\/technikrat.de\/en\/allgemeine-geschaeftsbedingungen\/","title":{"rendered":"Terms of Service"},"content":{"rendered":"<p><\/p>\n<div aria-label=\"table of contents\"><strong>1.\u00a0<a href=\"#geltungsbereich\">Geltungsbereich<\/a><\/strong><br \/>\n<strong>2.\u00a0<a href=\"#vertragspartner,_vertragsschluss,_korrekturm\u00f6glichkeiten\">Vertragspartner, Vertragsschluss, Korrekturm\u00f6glichkeiten<\/a><\/strong><br \/>\n<strong>3.\u00a0<a href=\"#vertragssprache,_vertragstextspeicherung\">Vertragssprache, Vertragstextspeicherung<\/a><\/strong><br \/>\n<strong>4.\u00a0<a href=\"#vertragsgegenstand\">Vertragsgegenstand<\/a><\/strong><br \/>\n<strong>5.\u00a0<a href=\"#lieferbedingungen\">Lieferbedingungen<\/a><\/strong><br \/>\n<strong>6.\u00a0<a href=\"#bezahlung\">Bezahlung<\/a><\/strong><br \/>\n<strong>7.\u00a0<a href=\"#eigentumsvorbehalt\">Eigentumsvorbehalt<\/a><\/strong><br \/>\n<strong>8.\u00a0<a href=\"#transportsch\u00e4den\">Transportsch\u00e4den<\/a><\/strong><br \/>\n<strong>9.\u00a0<a href=\"#datensicherung\">Datensicherung<\/a><\/strong><br \/>\n<strong>10.\u00a0<a href=\"#gew\u00e4hrleistung_und_garantien\">Gew\u00e4hrleistung und Garantien<\/a><\/strong><br \/>\n<strong>11.\u00a0<a href=\"#haftung\">Haftung<\/a><\/strong><br \/>\n<strong>12.\u00a0<a href=\"#streitbeilegung\">Streitbeilegung<\/a><\/strong><\/div>\n<h2 id=\"geltungsbereich\">1.\u00a0Geltungsbereich<\/h2>\n<p>F\u00fcr alle Bestellungen \u00fcber unseren Online-Shop gelten die nachfolgenden AGB. Unser Online-Shop richtet sich ausschlie\u00dflich an Verbraucher.<\/p>\n<p>Verbraucher ist jede nat\u00fcrliche Person, die ein Rechtsgesch\u00e4ft zu Zwecken abschlie\u00dft, die \u00fcberwiegend weder ihrer gewerblichen noch ihrer selbst\u00e4ndigen beruflichen T\u00e4tigkeit zugerechnet werden k\u00f6nnen. Unternehmer ist eine nat\u00fcrliche oder juristische Person oder eine rechtsf\u00e4hige Personengesellschaft, die bei Abschluss eines Rechtsgesch\u00e4fts in Aus\u00fcbung ihrer gewerblichen oder selbst\u00e4ndigen beruflichen T\u00e4tigkeit handelt.<\/p>\n<h2 id=\"vertragspartner,_vertragsschluss,_korrekturm\u00f6glichkeiten\">2.\u00a0Vertragspartner, Vertragsschluss, Korrekturm\u00f6glichkeiten<\/h2>\n<p>Der Kaufvertrag kommt zustande mit TechnikRAT e.K..<\/p>\n<p>Die Darstellung der Produkte im Online-Shop stellt kein rechtlich bindendes Angebot, sondern einen unverbindlichen Online-Katalog dar. Sie k\u00f6nnen unsere Produkte zun\u00e4chst unverbindlich in den Warenkorb legen und Ihre Eingaben vor Absenden Ihrer verbindlichen Bestellung jederzeit korrigieren, indem Sie die hierf\u00fcr im Bestellablauf vorgesehenen und erl\u00e4uterten Korrekturhilfen nutzen. Durch Anklicken des Bestellbuttons geben Sie ein verbindliches Angebot \u00fcber die im Warenkorb enthaltenen Produkte ab. Die Best\u00e4tigung des Zugangs Ihrer Bestellung erfolgt per E-Mail unmittelbar nach dem Absenden der Bestellung.<\/p>\n<p>Wir nehmen Ihr Angebot innerhalb von zwei Tagen an, indem<\/p>\n<ul>\n<li>wir eine Annahmeerkl\u00e4rung in separater E-Mail abgeben oder<\/li>\n<li>gegebenenfalls die Zahlungstransaktion durch unseren Dienstleister oder den ausgew\u00e4hlten Zahlungsdienstleister durchgef\u00fchrt wird. Der Durchf\u00fchrungszeitpunkt der Zahlungstransaktion richtet sich nach der jeweils ausgew\u00e4hlten Zahlungsart (s. unter \u201eBezahlung\u201c).<\/li>\n<\/ul>\n<p>Die f\u00fcr Sie relevante Alternative richtet sich danach, welches der aufgez\u00e4hlten Ereignisse als erstes eintritt.<\/p>\n<h2 id=\"vertragssprache,_vertragstextspeicherung\">3.\u00a0Vertragssprache, Vertragstextspeicherung<\/h2>\n<p>Die f\u00fcr den Vertragsschluss zur Verf\u00fcgung stehende(n) Sprache(n): Deutsch<\/p>\n<p>Wir speichern den Vertragstext und senden Ihnen die Bestelldaten und unsere AGB in Textform zu. Der Vertragstext ist aus Sicherheitsgr\u00fcnden nicht mehr \u00fcber das Internet zug\u00e4nglich.<\/p>\n<h2 id=\"vertragsgegenstand\">4.\u00a0Vertragsgegenstand<\/h2>\n<h3 id=\"produktbeschreibung\">4.1\u00a0Produktbeschreibung<\/h3>\n<p>Auf die Geltung der jeweiligen Produktbeschreibung als wesentlicher Bestandteil des Vertrages wird hingewiesen.<\/p>\n<h3 id=\"produktbilder\">4.2\u00a0Produktbilder<\/h3>\n<p>Unbeschadet Ihrer gesetzlichen Gew\u00e4hrleistungsrechte m\u00f6chten wir Sie auf die nachfolgenden Besonderheiten hinweisen. Bei Unsicherheiten setzen Sie sich bitte mit uns in Verbindung:<\/p>\n<p>Aufgrund individueller Bildschirmkonfigurationen (z.B. Aufl\u00f6sung und Helligkeit) sind geringf\u00fcgige Abweichungen zwischen den dargestellten und den tats\u00e4chlichen\u00a0<strong>Produktfarben<\/strong>\u00a0m\u00f6glich.<\/p>\n<h2 id=\"lieferbedingungen\">5.\u00a0Lieferbedingungen<\/h2>\n<h3 id=\"versandkosten\">5.1\u00a0Versandkosten<\/h3>\n<p>Zuz\u00fcglich zu den angegebenen Preisen kommen bei dem\u00a0<strong>Standardversand<\/strong>\u00a0noch Versandkosten hinzu. Diese richten sich nach dem Verpackungsma\u00dfe des jeweiligen Produkts:<br \/>\nKleinstartikel mit geringen Warenwert 2,99 \u20ac \/ Kleinartikel mit geringen Warenwert \/ Artikel mit einer maximalen Umverpackung von 60x40x40 cm 5,99 \u20ac, 3,99 \u20ac \/ Gro\u00dfartikel bzw. Speditionsartikel 9,99 \u20ac bis 200 \u20ac<\/p>\n<p>N\u00e4here Angaben zum Verpackungsma\u00dfe finden Sie bei den Angeboten.<\/p>\n<h3 id=\"lieferoptionen\">5.2\u00a0Lieferoptionen<\/h3>\n<p>Wir versenden die Produkte an die im Bestellprozess angegebene Lieferadresse.<\/p>\n<p>Sie haben grunds\u00e4tzlich die M\u00f6glichkeit der Abholung bei c\/o TechnikRAT &#8211; Br\u00e4unlich GmbH, Am Heideberg 26, 06886 Lutherstadt Wittenberg, Deutschland zu den nachfolgend angegebenen Gesch\u00e4ftszeiten: Mo-Fr. 08:00 &#8211; 17:00 Uhr au\u00dfer an Feiertagen<\/p>\n<h3 id=\"lieferung_per_spedition\">5.3\u00a0Lieferung per Spedition<\/h3>\n<p><strong>Terminvereinbarung<\/strong><\/p>\n<p>Bei Speditionslieferungen setzt sich das von uns beauftragte Speditionsunternehmen zum Zwecke der Vereinbarung eines Liefertermins mit Ihnen in Verbindung.<\/p>\n<p><strong>Lieferort<\/strong><\/p>\n<p>Die Lieferung der Ware ersch\u00f6pft sich in dem Transport und dem Entladen der Ware an den ersten \u00f6ffentlichen Bordstein der vereinbarten Lieferanschrift. Die Lieferung beinhaltet nicht die Lieferung in bestimmten R\u00e4umlichkeiten oder die Montage und\/oder die Installation der bestellten Waren, sofern nichts anderes ausdr\u00fccklich vereinbart ist.<\/p>\n<h2 id=\"bezahlung\">6.\u00a0Bezahlung<\/h2>\n<h3 id=\"preise\">6.1\u00a0 Preise<\/h3>\n<p>Es gelten die zum Zeitpunkt der Bestellung angegebenen Preise. Diese sind Gesamtpreise und enthalten die gesetzliche Mehrwertsteuer.<\/p>\n<h3 id=\"f\u00e4lligkeit_und_zahlungsverzug\">6.2\u00a0F\u00e4lligkeit und Zahlungsverzug<\/h3>\n<p>Der Preis ist mit Vertragsschluss f\u00e4llig, wenn sich kein sp\u00e4terer Zeitpunkt aus den nachfolgenden Zahlungsbedingungen ergibt.<\/p>\n<p>F\u00fcr den Fall eines Zahlungsverzugs behalten wir uns vor, Ihnen bei der zweiten und jeder folgenden Mahnung eine Geb\u00fchr in H\u00f6he von 1,50 Euro pro Mahnung in Rechnung zu stellen. Ihnen bleibt der Nachweis der Entstehung eines geringeren Schadens vorbehalten. Weitere Anspr\u00fcche bleiben hiervon unber\u00fchrt.<\/p>\n<h3 id=\"zahlungsarten\">6.3\u00a0Zahlungsarten<\/h3>\n<p>In unserem Shop stehen Ihnen grunds\u00e4tzlich die nachfolgenden Zahlungsarten zur Verf\u00fcgung.<\/p>\n<p><strong>Vorkasse<\/strong><br \/>\nBei Auswahl der Zahlungsart Vorkasse nennen wir Ihnen unsere Bankverbindung in separater E-Mail und liefern die Ware nach Zahlungseingang.<\/p>\n<p><strong>PayPal<\/strong><br \/>\nIn Zusammenarbeit mit dem Zahlungsdienstleister PayPal (Europe) S.\u00e0 r.l. et Cie, S.C.A, 22-24 Boulevard Royal, L-2449 Luxembourg (\u201ePayPal\u201c) bieten wir Ihnen die nachfolgenden Zahlungsoptionen als PayPal Services an. Sofern nachfolgend nichts anderes geregelt ist, setzt die Zahlung \u00fcber PayPal keine Registrierung bei PayPal voraus. Weitere Hinweise erhalten Sie bei der jeweiligen Zahlungsoption und im Bestellvorgang.<\/p>\n<p><strong>PayPal<\/strong><br \/>\nUm den Rechnungsbetrag \u00fcber die Zahlungsoption PayPal bezahlen zu k\u00f6nnen, m\u00fcssen Sie bei PayPal registriert sein, sich mit Ihren Zugangsdaten legitimieren und die Zahlungsanweisung best\u00e4tigen. Die Zahlungstransaktion wird durch PayPal unmittelbar nach Abgabe der Bestellung durchgef\u00fchrt.<\/p>\n<p>PayPal kann registrierten und nach eigenen Kriterien ausgew\u00e4hlten PayPal-Kunden weitere Zahlungsmodalit\u00e4ten im Kundenkonto anbieten. Auf das Anbieten dieser Modalit\u00e4ten haben wir allerdings keinen Einfluss; weitere individuell angebotene Zahlungsmodalit\u00e4ten betreffen Ihr Rechtsverh\u00e4ltnis mit PayPal. Weitere Informationen hierzu finden Sie in Ihrem PayPal-Konto.<\/p>\n<p><strong>Kreditkarte \u00fcber PayPal<\/strong><br \/>\nIhre Karte wird durch PayPal nach Versendung der Ware belastet.<\/p>\n<h2 id=\"eigentumsvorbehalt\">7.\u00a0Eigentumsvorbehalt<\/h2>\n<p>Das Produkt bleibt bis zur vollst\u00e4ndigen Bezahlung unser Eigentum.<\/p>\n<h2 id=\"transportsch\u00e4den\">8.\u00a0Transportsch\u00e4den<\/h2>\n<p>Werden Waren mit offensichtlichen Transportsch\u00e4den angeliefert, so reklamieren Sie solche Fehler bitte m\u00f6glichst sofort beim Zusteller und nehmen Sie bitte unverz\u00fcglich Kontakt zu uns auf. Die Vers\u00e4umung einer Reklamation oder Kontaktaufnahme hat f\u00fcr Ihre gesetzlichen Anspr\u00fcche und deren Durchsetzung, insbesondere Ihre Gew\u00e4hrleistungsrechte, keinerlei Konsequenzen. Sie helfen uns aber, unsere eigenen Anspr\u00fcche gegen\u00fcber dem Frachtf\u00fchrer bzw. der Transportversicherung geltend machen zu k\u00f6nnen.<\/p>\n<h2 id=\"datensicherung\">9.\u00a0Datensicherung<\/h2>\n<p>Sie sind zur ordnungsgem\u00e4\u00dfen und regelm\u00e4\u00dfigen Sicherung Ihrer Daten verantwortlich. Bei Sch\u00e4den aus dem Verlust von Daten, haften wir nicht, soweit Sie den Datenverlust durch eine regelm\u00e4\u00dfige und vollst\u00e4ndige Datensicherung h\u00e4tten vermeiden k\u00f6nnen.<\/p>\n<p>Die vorstehende Einschr\u00e4nkung gilt nicht f\u00fcr Anspr\u00fcche aufgrund von Sch\u00e4den, die durch uns, unsere gesetzlichen Vertreter oder Erf\u00fcllungsgehilfen verursacht wurden<\/p>\n<ul>\n<li>bei Verletzung des Lebens, des K\u00f6rpers oder der Gesundheit<\/li>\n<li>bei vors\u00e4tzlicher oder grob fahrl\u00e4ssiger Pflichtverletzung sowie Arglist<\/li>\n<li>bei Verletzung wesentlicher Vertragspflichten, deren Erf\u00fcllung die ordnungsgem\u00e4\u00dfe Durchf\u00fchrung des Vertrages \u00fcberhaupt erst erm\u00f6glicht und auf deren Einhaltung der Vertragspartner regelm\u00e4\u00dfig vertrauen darf (Kardinalpflichten)<\/li>\n<li>im Rahmen eines Garantieversprechens, soweit vereinbart, oder<\/li>\n<li>soweit der Anwendungsbereich des Produkthaftungsgesetzes er\u00f6ffnet ist.<\/li>\n<\/ul>\n<h2 id=\"gew\u00e4hrleistung_und_garantien\">10.\u00a0Gew\u00e4hrleistung und Garantien<\/h2>\n<h3 id=\"m\u00e4ngelhaftungsrecht\">10.1\u00a0M\u00e4ngelhaftungsrecht<\/h3>\n<p>Es gilt das gesetzliche M\u00e4ngelhaftungsrecht.<\/p>\n<h3 id=\"garantien_und_kundendienst\">10.2\u00a0Garantien und Kundendienst<\/h3>\n<p>Informationen zu gegebenenfalls geltenden zus\u00e4tzlichen Garantien und deren genaue Bedingungen finden Sie jeweils beim Produkt und auf besonderen Informationsseiten im Online-Shop.<\/p>\n<p>Kundendienst: Sie erreichen unseren Kundendienst f\u00fcr Fragen, Reklamationen und Beanstandungen werktags von bis unter der Telefonnummer sowie per E-Mail unter<\/p>\n<h2 id=\"haftung\">11.\u00a0Haftung<\/h2>\n<p>F\u00fcr Anspr\u00fcche aufgrund von Sch\u00e4den, die durch uns, unsere gesetzlichen Vertreter oder Erf\u00fcllungsgehilfen verursacht wurden, haften wir stets unbeschr\u00e4nkt<\/p>\n<ul>\n<li>bei Verletzung des Lebens, des K\u00f6rpers oder der Gesundheit,<\/li>\n<li>bei vors\u00e4tzlicher oder grob fahrl\u00e4ssiger Pflichtverletzung,<\/li>\n<li>bei Garantieversprechen, soweit vereinbart, oder<\/li>\n<li>soweit der Anwendungsbereich des Produkthaftungsgesetzes er\u00f6ffnet ist.<\/li>\n<\/ul>\n<p>Bei Verletzung wesentlicher Vertragspflichten, deren Erf\u00fcllung die ordnungsgem\u00e4\u00dfe Durchf\u00fchrung des Vertrages \u00fcberhaupt erst erm\u00f6glicht und auf deren Einhaltung der Vertragspartner regelm\u00e4\u00dfig vertrauen darf, (Kardinalpflichten) durch leichte Fahrl\u00e4ssigkeit von uns, unseren gesetzlichen Vertretern oder Erf\u00fcllungsgehilfen ist die Haftung der H\u00f6he nach auf den bei Vertragsschluss vorhersehbaren Schaden begrenzt, mit dessen Entstehung typischerweise gerechnet werden muss.<br \/>\nIm \u00dcbrigen sind Anspr\u00fcche auf Schadensersatz ausgeschlossen.<\/p>\n<h2 id=\"streitbeilegung\">12.\u00a0Streitbeilegung<\/h2>\n<p>Zur Teilnahme an einem Streitbeilegungsverfahren vor einer Verbraucherschlichtungsstelle sind wir nicht verpflichtet und nicht bereit.<\/p>\n<p>Sollten einzelne Klauseln dieser AGB ganz oder teilweise unwirksam sein, so bleibt der Vertrag im \u00dcbrigen wirksam. Soweit einzelne Klauseln unwirksam sind, richtet sich der Inhalt des Vertrags nach den gesetzlichen Vorschriften.<\/p>","protected":false},"excerpt":{"rendered":"<p>1.\u00a0Geltungsbereich 2.\u00a0Vertragspartner, Vertragsschluss, Korrekturm\u00f6glichkeiten 3.\u00a0Vertragssprache, Vertragstextspeicherung 4.\u00a0Vertragsgegenstand 5.\u00a0Lieferbedingungen 6.\u00a0Bezahlung 7.\u00a0Eigentumsvorbehalt 8.\u00a0Transportsch\u00e4den 9.\u00a0Datensicherung 10.\u00a0Gew\u00e4hrleistung und Garantien 11.\u00a0Haftung 12.\u00a0Streitbeilegung 1.\u00a0Geltungsbereich F\u00fcr alle Bestellungen \u00fcber unseren Online-Shop gelten die nachfolgenden AGB. Unser Online-Shop richtet sich ausschlie\u00dflich an Verbraucher. Verbraucher ist jede nat\u00fcrliche Person, die ein Rechtsgesch\u00e4ft zu Zwecken abschlie\u00dft, die \u00fcberwiegend weder ihrer gewerblichen noch ihrer selbst\u00e4ndigen beruflichen [&hellip;]<\/p>\n","protected":false},"author":1,"featured_media":0,"parent":0,"menu_order":0,"comment_status":"closed","ping_status":"closed","template":"no-sidebar-card.php","meta":{"ep_exclude_from_search":false,"footnotes":""},"class_list":["post-29","page","type-page","status-publish","hentry"],"_links":{"self":[{"href":"https:\/\/technikrat.de\/en\/wp-json\/wp\/v2\/pages\/29"}],"collection":[{"href":"https:\/\/technikrat.de\/en\/wp-json\/wp\/v2\/pages"}],"about":[{"href":"https:\/\/technikrat.de\/en\/wp-json\/wp\/v2\/types\/page"}],"author":[{"embeddable":true,"href":"https:\/\/technikrat.de\/en\/wp-json\/wp\/v2\/users\/1"}],"replies":[{"embeddable":true,"href":"https:\/\/technikrat.de\/en\/wp-json\/wp\/v2\/comments?post=29"}],"version-history":[{"count":11,"href":"https:\/\/technikrat.de\/en\/wp-json\/wp\/v2\/pages\/29\/revisions"}],"predecessor-version":[{"id":681199,"href":"https:\/\/technikrat.de\/en\/wp-json\/wp\/v2\/pages\/29\/revisions\/681199"}],"wp:attachment":[{"href":"https:\/\/technikrat.de\/en\/wp-json\/wp\/v2\/media?parent=29"}],"curies":[{"name":"wp","href":"https:\/\/api.w.org\/{rel}","templated":true}]}}